{"id":889,"date":"2025-12-09T04:50:30","date_gmt":"2025-12-09T02:50:30","guid":{"rendered":"https:\/\/krs.viljamedia.com\/?page_id=889"},"modified":"2026-01-30T13:28:31","modified_gmt":"2026-01-30T11:28:31","slug":"majoitu","status":"publish","type":"page","link":"https:\/\/visitkristinestad.fi\/fi\/majoitu\/","title":{"rendered":"Majoitu"},"content":{"rendered":"<section data-etch-element=\"section\" class=\"herosektion\"><figure class=\"herosektion__media-wrapper\"><img decoding=\"async\" src=\"https:\/\/visitkristinestad.fi\/wp-content\/uploads\/2025\/12\/IMG_7122.webp\" alt=\"\" class=\"herosektion__media\"><\/img><\/figure><div data-etch-element=\"container\" data-intro-style=\"left\" class=\"section-intro-krs herosektion__intro\"><h2 class=\"badge-heading section-intro-krs__badge-heading\">Tule ja asu<\/h2><div data-etch-element=\"flex-div\" class=\"section-intro-krs__content-wrapper\"><h2 class=\"section-intro-krs__heading\">J\u00e4\u00e4 mielell\u00e4\u00e4n pidemm\u00e4ksi aikaa \u2013 t\u00e4\u00e4ll\u00e4 rauha l\u00f6ytyy helposti.<\/h2><div data-etch-element=\"flex-div\" class=\"section-intro-krs__text-wrapper\"><p class=\"section-intro-krs__text\">Kun aurinko painuu meren taakse ja ikkunoihin syttyv\u00e4t illan ensimm\u00e4iset valot, tekee mieli k\u00e4perty\u00e4 mukavaan s\u00e4nkyyn. Kristiinankaupungissa jokainen y\u00f6pyminen on enemm\u00e4n kuin majoitus \u2013 se on el\u00e4mys. Voit valita vieh\u00e4tt\u00e4vien hotellien, persoonallisten bed &amp; breakfast -majoitusten tai pienten m\u00f6kkien v\u00e4lill\u00e4, joissa meren aallot kuuluvat aivan ulkopuolella.<\/p><p class=\"section-intro-krs__text\">T\u00e4\u00e4ll\u00e4 historia ja nykyhetki, vieraanvaraisuus ja rauha kohtaavat. Majoittajamme avaavat ovet paitsi kotiinsa my\u00f6s johonkin suurempaan: tunteeseen siit\u00e4, ett\u00e4 on tervetullut ja osa jotakin aitoa.<\/p><\/div><\/div><\/div><\/section><section data-etch-element=\"section\" class=\"grid-section-alpha\"><h2>L\u00f6yd\u00e4 majoituksesi<\/h2><div data-etch-element=\"container\" class=\"grid-section-alpha__listing-grid-wrapper\"><h3>Majoitus<\/h3><ul class=\"listing-grid-two\"><li data-etch-element=\"flex-div\" class=\"listing-card-two listing-boende\"><figure class=\"listing-card__media-wrapper\"><img decoding=\"async\" src=\"https:\/\/visitkristinestad.fi\/wp-content\/uploads\/2025\/12\/Hotelli-Krepelin-Galleria-Kevat-Krepelin2.webp\" alt=\"\" class=\"listing-card__image\"><\/img><\/figure><div data-etch-element=\"flex-div\" class=\"listing-card__content-wrapper\"><h3 class=\"listing-card__title listing-card-two__title\"><a href=\"https:\/\/www.krepelin.fi\/sv\/\" target=\"_blank\">Hotell Krepelin<\/a><\/h3><div class=\"listing-card__contact-wrapper\"><p class=\"listing-card__adress\">\u00d6stra L\u00e5nggatan 47<\/p><\/div><\/div><\/li><li data-etch-element=\"flex-div\" class=\"listing-card-two listing-boende\"><figure class=\"listing-card__media-wrapper\"><img decoding=\"async\" src=\"https:\/\/visitkristinestad.fi\/wp-content\/uploads\/2025\/12\/leila-kadulta.jpg\" alt=\"\" class=\"listing-card__image\"><\/img><\/figure><div data-etch-element=\"flex-div\" class=\"listing-card__content-wrapper\"><h3 class=\"listing-card__title listing-card-two__title\"><a href=\"https:\/\/www.hotelleila.fi\/index_se.php?page=hotelli_se\" target=\"_blank\">Hotell Leila<\/a><\/h3><div class=\"listing-card__contact-wrapper\"><p class=\"listing-card__adress\">V\u00e4stra L\u00e5nggatan 39<\/p><\/div><\/div><\/li><li data-etch-element=\"flex-div\" class=\"listing-card-two listing-boende\"><figure class=\"listing-card__media-wrapper\"><img decoding=\"async\" src=\"https:\/\/visitkristinestad.fi\/wp-content\/uploads\/2025\/12\/kre-575x359-2.jpg\" alt=\"\" class=\"listing-card__image\"><\/img><\/figure><div data-etch-element=\"flex-div\" class=\"listing-card__content-wrapper\"><h3 class=\"listing-card__title listing-card-two__title\"><a href=\"https:\/\/hotelkristina.fi\/\" target=\"_blank\">Hotel Kristina<\/a><\/h3><div class=\"listing-card__contact-wrapper\"><p class=\"listing-card__adress\">\u00d6stra torget 1<\/p><\/div><\/div><\/li><li data-etch-element=\"flex-div\" class=\"listing-card-two listing-boende\"><figure class=\"listing-card__media-wrapper\"><img decoding=\"async\" src=\"https:\/\/visitkristinestad.fi\/wp-content\/uploads\/2025\/12\/291012452.jpeg\" alt=\"\" class=\"listing-card__image\"><\/img><\/figure><div data-etch-element=\"flex-div\" class=\"listing-card__content-wrapper\"><h3 class=\"listing-card__title listing-card-two__title\"><a href=\"https:\/\/www.eleonorabb.fi\/\" target=\"_blank\">Eleonora Bed &amp; Breakfast<\/a><\/h3><div class=\"listing-card__contact-wrapper\"><p class=\"listing-card__adress\">V\u00e4stra L\u00e5nggatan 15<\/p><\/div><\/div><\/li><\/ul><\/div><div data-etch-element=\"container\" class=\"grid-section-alpha__listing-grid-wrapper\"><h3>Airbnb<\/h3><ul class=\"listing-grid-two\"><li data-etch-element=\"flex-div\" class=\"listing-card-two listing-boende\"><figure class=\"listing-card__media-wrapper\"><img decoding=\"async\" src=\"https:\/\/visitkristinestad.fi\/wp-content\/uploads\/2025\/12\/Bagarstugan.webp\" alt=\"\" class=\"listing-card__image\"><\/img><\/figure><div data-etch-element=\"flex-div\" class=\"listing-card__content-wrapper\"><h3 class=\"listing-card__title listing-card-two__title\"><a href=\"https:\/\/www.airbnb.fi\/rooms\/1205885090251408204\" target=\"_blank\">Bagarstugan @ G\u00e5rd67<\/a><\/h3><div class=\"listing-card__contact-wrapper\"><p class=\"listing-card__adress\">V\u00e4stra L\u00e5nggatan 53<\/p><\/div><\/div><\/li><li data-etch-element=\"flex-div\" class=\"listing-card-two listing-boende\"><figure class=\"listing-card__media-wrapper\"><img decoding=\"async\" src=\"https:\/\/visitkristinestad.fi\/wp-content\/uploads\/2025\/12\/Willa-Viktor.jpeg\" alt=\"\" class=\"listing-card__image\"><\/img><\/figure><div data-etch-element=\"flex-div\" class=\"listing-card__content-wrapper\"><h3 class=\"listing-card__title listing-card-two__title\"><a href=\"https:\/\/www.booking.com\/hotel\/fi\/willa-viktor.fi.html\" target=\"_blank\">Willa Viktor<\/a><\/h3><div class=\"listing-card__contact-wrapper\"><p class=\"listing-card__adress\"><\/p><\/div><\/div><\/li><li data-etch-element=\"flex-div\" class=\"listing-card-two listing-boende\"><figure class=\"listing-card__media-wrapper\"><img decoding=\"async\" src=\"https:\/\/visitkristinestad.fi\/wp-content\/uploads\/2025\/12\/Lonngarden-feat.webp\" alt=\"\" class=\"listing-card__image\"><\/img><\/figure><div data-etch-element=\"flex-div\" class=\"listing-card__content-wrapper\"><h3 class=\"listing-card__title listing-card-two__title\"><a href=\"https:\/\/www.booking.com\/Share-EAcY7V\" target=\"_blank\">L\u00f6nng\u00e5rden<\/a><\/h3><div class=\"listing-card__contact-wrapper\"><p class=\"listing-card__adress\"><\/p><\/div><\/div><\/li><li data-etch-element=\"flex-div\" class=\"listing-card-two listing-boende\"><figure class=\"listing-card__media-wrapper\"><img decoding=\"async\" src=\"https:\/\/visitkristinestad.fi\/wp-content\/uploads\/2025\/12\/DSC0038.webp\" alt=\"\" class=\"listing-card__image\"><\/img><\/figure><div data-etch-element=\"flex-div\" class=\"listing-card__content-wrapper\"><h3 class=\"listing-card__title listing-card-two__title\"><a href=\"http:\/\/www.apartmentsimberg.com\/\" target=\"_blank\">Apartment Simberg<\/a><\/h3><div class=\"listing-card__contact-wrapper\"><p class=\"listing-card__adress\"><\/p><\/div><\/div><\/li><li data-etch-element=\"flex-div\" class=\"listing-card-two listing-boende\"><figure class=\"listing-card__media-wrapper\"><img decoding=\"async\" src=\"https:\/\/visitkristinestad.fi\/wp-content\/uploads\/2025\/12\/IMG-0821-1.jpg\" alt=\"\" class=\"listing-card__image\"><\/img><\/figure><div data-etch-element=\"flex-div\" class=\"listing-card__content-wrapper\"><h3 class=\"listing-card__title listing-card-two__title\"><a href=\"\" target=\"_blank\">Apartment Helena<\/a><\/h3><div class=\"listing-card__contact-wrapper\"><p class=\"listing-card__adress\"><\/p><\/div><\/div><\/li><li data-etch-element=\"flex-div\" class=\"listing-card-two listing-boende\"><figure class=\"listing-card__media-wrapper\"><img decoding=\"async\" src=\"https:\/\/visitkristinestad.fi\/wp-content\/uploads\/2025\/12\/l-strandkulla.webp\" alt=\"\" class=\"listing-card__image\"><\/img><\/figure><div data-etch-element=\"flex-div\" class=\"listing-card__content-wrapper\"><h3 class=\"listing-card__title listing-card-two__title\"><a href=\"https:\/\/strandkulla.com\/\" target=\"_blank\">Strandkulla stugor<\/a><\/h3><div class=\"listing-card__contact-wrapper\"><p class=\"listing-card__adress\"><\/p><\/div><\/div><\/li><li data-etch-element=\"flex-div\" class=\"listing-card-two listing-boende\"><figure class=\"listing-card__media-wrapper\"><img decoding=\"async\" src=\"https:\/\/visitkristinestad.fi\/wp-content\/uploads\/2025\/12\/IMG-20210720-161518.webp\" alt=\"\" class=\"listing-card__image\"><\/img><\/figure><div data-etch-element=\"flex-div\" class=\"listing-card__content-wrapper\"><h3 class=\"listing-card__title listing-card-two__title\"><a href=\"http:\/\/www.skatanmokki.wordpress.com\/\" target=\"_blank\">SkatanTupa<\/a><\/h3><div class=\"listing-card__contact-wrapper\"><p class=\"listing-card__adress\"><\/p><\/div><\/div><\/li><li data-etch-element=\"flex-div\" class=\"listing-card-two listing-boende\"><figure class=\"listing-card__media-wrapper\"><img decoding=\"async\" src=\"https:\/\/visitkristinestad.fi\/wp-content\/uploads\/2025\/12\/isokorventie-113.jpg\" alt=\"\" class=\"listing-card__image\"><\/img><\/figure><div data-etch-element=\"flex-div\" class=\"listing-card__content-wrapper\"><h3 class=\"listing-card__title listing-card-two__title\"><a href=\"https:\/\/www.booking.com\/hotel\/fi\/isokorventie-113.fi.html?aid=304142&amp;label=gen173nr-1FCAEoggI46AdIM1gEaEiIAQGYAQy4ARfIAQzYAQHoAQH4AQyIAgGoAgO4AuDjhaQGwAIB0gIkMzZmMDcyYmItZmUxMS00MjQwLWFlOTAtZjJmMDA0NGY1MTIw2AIG4AIB&amp;sid=53c4921f4e7f9e3cbef1bcdd13ca33ee&amp;atl\" target=\"_blank\">Isokorventie 113<\/a><\/h3><div class=\"listing-card__contact-wrapper\"><p class=\"listing-card__adress\"><\/p><\/div><\/div><\/li><li data-etch-element=\"flex-div\" class=\"listing-card-two listing-boende\"><figure class=\"listing-card__media-wrapper\"><img decoding=\"async\" src=\"https:\/\/visitkristinestad.fi\/wp-content\/uploads\/2025\/12\/Villa-kIPPARI-1036x647-1.jpg\" alt=\"\" class=\"listing-card__image\"><\/img><\/figure><div data-etch-element=\"flex-div\" class=\"listing-card__content-wrapper\"><h3 class=\"listing-card__title listing-card-two__title\"><a href=\"https:\/\/www.airbnb.fi\/rooms\/1439104188114107002?adults=2&amp;location=Kristiinankaupunki%2C%20Suomi&amp;search_mode=regular_search&amp;check_in=2025-07-21&amp;check_out=2025-07-26&amp;children=0&amp;infants=0&amp;pets=0&amp;source_impression_id=p3_1751393559_P3oXUUoazrUWyK-g&amp;previous_pa\" target=\"_blank\">Villa Kippari<\/a><\/h3><div class=\"listing-card__contact-wrapper\"><p class=\"listing-card__adress\"><\/p><\/div><\/div><\/li><\/ul><\/div><div data-etch-element=\"container\" class=\"grid-section-alpha__listing-grid-wrapper\"><h3>Kausiasunnot<\/h3><ul class=\"listing-grid-two\"><li data-etch-element=\"flex-div\" class=\"listing-card-two listing-boende\"><figure class=\"listing-card__media-wrapper\"><img decoding=\"async\" src=\"https:\/\/visitkristinestad.fi\/wp-content\/uploads\/2025\/12\/Villa-Lundberg.jpg\" alt=\"\" class=\"listing-card__image\"><\/img><\/figure><div data-etch-element=\"flex-div\" class=\"listing-card__content-wrapper\"><h3 class=\"listing-card__title listing-card-two__title\"><a href=\"https:\/\/www.airbnb.se\/rooms\/1156394442531015395\" target=\"_blank\">Villa Lundberg<\/a><\/h3><div class=\"listing-card__contact-wrapper\"><p class=\"listing-card__adress\"><\/p><\/div><\/div><\/li><li data-etch-element=\"flex-div\" class=\"listing-card-two listing-boende\"><figure class=\"listing-card__media-wrapper\"><img decoding=\"async\" src=\"https:\/\/visitkristinestad.fi\/wp-content\/uploads\/2025\/12\/wanhatupa.jpg\" alt=\"\" class=\"listing-card__image\"><\/img><\/figure><div data-etch-element=\"flex-div\" class=\"listing-card__content-wrapper\"><h3 class=\"listing-card__title listing-card-two__title\"><a href=\"http:\/\/wanhatupa.fi\/swe.html\" target=\"_blank\">Wanha Tupa<\/a><\/h3><div class=\"listing-card__contact-wrapper\"><p class=\"listing-card__adress\">Lillsundsv\u00e4gen 39<\/p><\/div><\/div><\/li><li data-etch-element=\"flex-div\" class=\"listing-card-two listing-boende\"><figure class=\"listing-card__media-wrapper\"><img decoding=\"async\" src=\"https:\/\/visitkristinestad.fi\/wp-content\/uploads\/2025\/12\/40773080-1514392805374011-8888571953082793984-n.jpg\" alt=\"\" class=\"listing-card__image\"><\/img><\/figure><div data-etch-element=\"flex-div\" class=\"listing-card__content-wrapper\"><h3 class=\"listing-card__title listing-card-two__title\"><a href=\"http:\/\/www.pukinsaaricamping.fi\/\" target=\"_blank\">Bockholmens Camping<\/a><\/h3><div class=\"listing-card__contact-wrapper\"><p class=\"listing-card__adress\">Salav\u00e4gen 82<\/p><\/div><\/div><\/li><li data-etch-element=\"flex-div\" class=\"listing-card-two listing-boende\"><figure class=\"listing-card__media-wrapper\"><img decoding=\"async\" src=\"https:\/\/visitkristinestad.fi\/wp-content\/uploads\/2025\/12\/WILLA-STRAND2.jpg\" alt=\"\" class=\"listing-card__image\"><\/img><\/figure><div data-etch-element=\"flex-div\" class=\"listing-card__content-wrapper\"><h3 class=\"listing-card__title listing-card-two__title\"><a href=\"https:\/\/www.booking.com\/hotel\/fi\/willa-strand.fi.html?label=gen173nr-1DCAsoSEIMd2lsbGEtc3RyYW5kSCVYBGhIiAEBmAEluAEXyAEM2AED6AEB-AECiAIBqAIDuAK9q5P2BcACAQ&amp;sid=7cde48aeceadb15fd8e30f4eff642d29&amp;dist=0&amp;lang=fi&amp;room1=A%2CA&amp;sb_price_type=total&amp;soz=1&amp;type=total&amp;\" target=\"_blank\">Willa Strand<\/a><\/h3><div class=\"listing-card__contact-wrapper\"><p class=\"listing-card__adress\">Strandgatan 75<\/p><\/div><\/div><\/li><li data-etch-element=\"flex-div\" class=\"listing-card-two listing-boende\"><figure class=\"listing-card__media-wrapper\"><img decoding=\"async\" src=\"https:\/\/visitkristinestad.fi\/wp-content\/uploads\/2025\/12\/Villa-Necken2.jpg\" alt=\"\" class=\"listing-card__image\"><\/img><\/figure><div data-etch-element=\"flex-div\" class=\"listing-card__content-wrapper\"><h3 class=\"listing-card__title listing-card-two__title\"><a href=\"https:\/\/villanecken.webnode.fi\/\" target=\"_blank\">Villa Necken<\/a><\/h3><div class=\"listing-card__contact-wrapper\"><p class=\"listing-card__adress\">Kaptensgatan 16<\/p><\/div><\/div><\/li><li data-etch-element=\"flex-div\" class=\"listing-card-two listing-boende\"><figure class=\"listing-card__media-wrapper\"><img decoding=\"async\" src=\"https:\/\/visitkristinestad.fi\/wp-content\/uploads\/2025\/12\/Villa-Vana.jpg\" alt=\"\" class=\"listing-card__image\"><\/img><\/figure><div data-etch-element=\"flex-div\" class=\"listing-card__content-wrapper\"><h3 class=\"listing-card__title listing-card-two__title\"><a href=\"https:\/\/www.airbnb.fi\/rooms\/43908172?_set_bev_on_new_domain=1595230045_El3VF3NoDXxGOKRZ&amp;source_impression_id=p3_1595230046_kl%2BxMccpTVQaemno&amp;guests=1&amp;adults=1\" target=\"_blank\">Villa Vana<\/a><\/h3><div class=\"listing-card__contact-wrapper\"><p class=\"listing-card__adress\"><\/p><\/div><\/div><\/li><li data-etch-element=\"flex-div\" class=\"listing-card-two listing-boende\"><figure class=\"listing-card__media-wrapper\"><img decoding=\"async\" src=\"https:\/\/visitkristinestad.fi\/wp-content\/uploads\/2025\/12\/Furuviken-01.webp\" alt=\"\" class=\"listing-card__image\"><\/img><\/figure><div data-etch-element=\"flex-div\" class=\"listing-card__content-wrapper\"><h3 class=\"listing-card__title listing-card-two__title\"><a href=\"\" target=\"_blank\">Villa Furuviken<\/a><\/h3><div class=\"listing-card__contact-wrapper\"><p class=\"listing-card__adress\"><\/p><\/div><\/div><\/li><li data-etch-element=\"flex-div\" class=\"listing-card-two listing-boende\"><figure class=\"listing-card__media-wrapper\"><img decoding=\"async\" src=\"https:\/\/visitkristinestad.fi\/wp-content\/uploads\/2025\/12\/IMG-20190504-143507-2.jpg\" alt=\"\" class=\"listing-card__image\"><\/img><\/figure><div data-etch-element=\"flex-div\" class=\"listing-card__content-wrapper\"><h3 class=\"listing-card__title listing-card-two__title\"><a href=\"\" target=\"_blank\">Apartment Bitte<\/a><\/h3><div class=\"listing-card__contact-wrapper\"><p class=\"listing-card__adress\"><\/p><\/div><\/div><\/li><li data-etch-element=\"flex-div\" class=\"listing-card-two listing-boende\"><figure class=\"listing-card__media-wrapper\"><img decoding=\"async\" src=\"https:\/\/visitkristinestad.fi\/wp-content\/uploads\/2025\/12\/Citymokki.jpg\" alt=\"\" class=\"listing-card__image\"><\/img><\/figure><div data-etch-element=\"flex-div\" class=\"listing-card__content-wrapper\"><h3 class=\"listing-card__title listing-card-two__title\"><a href=\"https:\/\/www.airbnb.se\/rooms\/12975482?source_impression_id=p3_1620727407_1LbRGV01kP4crkfy&amp;_set_bev_on_new_domain=1595230045_El3VF3NoDXxGOKRZ\" target=\"_blank\">Citym\u00f6kki<\/a><\/h3><div class=\"listing-card__contact-wrapper\"><p class=\"listing-card__adress\"><\/p><\/div><\/div><\/li><li data-etch-element=\"flex-div\" class=\"listing-card-two listing-boende\"><figure class=\"listing-card__media-wrapper\"><img decoding=\"async\" src=\"https:\/\/visitkristinestad.fi\/wp-content\/uploads\/2025\/12\/Kilens-hembygdsgard.jpg\" alt=\"\" class=\"listing-card__image\"><\/img><\/figure><div data-etch-element=\"flex-div\" class=\"listing-card__content-wrapper\"><h3 class=\"listing-card__title listing-card-two__title\"><a href=\"https:\/\/www.kilen.fi\/sv\/start\/\" target=\"_blank\">Kilens hembygdsg\u00e5rd<\/a><\/h3><div class=\"listing-card__contact-wrapper\"><p class=\"listing-card__adress\"><\/p><\/div><\/div><\/li><li data-etch-element=\"flex-div\" class=\"listing-card-two listing-boende\"><figure class=\"listing-card__media-wrapper\"><img decoding=\"async\" src=\"https:\/\/visitkristinestad.fi\/wp-content\/uploads\/2025\/12\/17021703-1577248775620358-3651681442116063802-n.jpg\" alt=\"\" class=\"listing-card__image\"><\/img><\/figure><div data-etch-element=\"flex-div\" class=\"listing-card__content-wrapper\"><h3 class=\"listing-card__title listing-card-two__title\"><a href=\"https:\/\/www.botombergen.fi\" target=\"_blank\">Pyh\u00e4vuoren leirint\u00e4alue<\/a><\/h3><div class=\"listing-card__contact-wrapper\"><p class=\"listing-card__adress\"><\/p><\/div><\/div><\/li><li data-etch-element=\"flex-div\" class=\"listing-card-two listing-boende\"><figure class=\"listing-card__media-wrapper\"><img decoding=\"async\" src=\"https:\/\/visitkristinestad.fi\/wp-content\/uploads\/2025\/12\/lomamokki-skaftung-skarintie-2.webp\" alt=\"\" class=\"listing-card__image\"><\/img><\/figure><div data-etch-element=\"flex-div\" class=\"listing-card__content-wrapper\"><h3 class=\"listing-card__title listing-card-two__title\"><a href=\"https:\/\/www.facebook.com\/Lomamokkiskaftung\" target=\"_blank\">Sommarstuga i Skaftung<\/a><\/h3><div class=\"listing-card__contact-wrapper\"><p class=\"listing-card__adress\"><\/p><\/div><\/div><\/li><\/ul><\/div><div data-etch-element=\"container\" class=\"slogan\"><h2 class=\"slogan__heading\">Koe. Majoitu. Sy\u00f6. Hengit\u00e4.<\/h2><p class=\"slogan__text\">Tarinasi alkaa t\u00e4st\u00e4.<\/p><\/div><\/section>","protected":false},"excerpt":{"rendered":"","protected":false},"author":1,"featured_media":888,"parent":0,"menu_order":0,"comment_status":"closed","ping_status":"closed","template":"","meta":{"_acf_changed":false,"slim_seo":{"title":"Majoitu - Visit Kristinestad","description":""},"footnotes":""},"class_list":["post-889","page","type-page","status-publish","has-post-thumbnail","hentry"],"acf":[],"_links":{"self":[{"href":"https:\/\/visitkristinestad.fi\/fi\/wp-json\/wp\/v2\/pages\/889","targetHints":{"allow":["GET"]}}],"collection":[{"href":"https:\/\/visitkristinestad.fi\/fi\/wp-json\/wp\/v2\/pages"}],"about":[{"href":"https:\/\/visitkristinestad.fi\/fi\/wp-json\/wp\/v2\/types\/page"}],"author":[{"embeddable":true,"href":"https:\/\/visitkristinestad.fi\/fi\/wp-json\/wp\/v2\/users\/1"}],"replies":[{"embeddable":true,"href":"https:\/\/visitkristinestad.fi\/fi\/wp-json\/wp\/v2\/comments?post=889"}],"version-history":[{"count":12,"href":"https:\/\/visitkristinestad.fi\/fi\/wp-json\/wp\/v2\/pages\/889\/revisions"}],"predecessor-version":[{"id":1886,"href":"https:\/\/visitkristinestad.fi\/fi\/wp-json\/wp\/v2\/pages\/889\/revisions\/1886"}],"wp:featuredmedia":[{"embeddable":true,"href":"https:\/\/visitkristinestad.fi\/fi\/wp-json\/wp\/v2\/media\/888"}],"wp:attachment":[{"href":"https:\/\/visitkristinestad.fi\/fi\/wp-json\/wp\/v2\/media?parent=889"}],"curies":[{"name":"wp","href":"https:\/\/api.w.org\/{rel}","templated":true}]}}