{"id":1740,"date":"2026-01-13T03:40:47","date_gmt":"2026-01-13T01:40:47","guid":{"rendered":"https:\/\/visitkristinestad.fi\/?page_id=1740"},"modified":"2026-03-17T06:14:51","modified_gmt":"2026-03-17T04:14:51","slug":"vaellusreitit","status":"publish","type":"page","link":"https:\/\/visitkristinestad.fi\/fi\/koe\/luonto-meri\/vaellusreitit\/","title":{"rendered":"Vaellusreitit"},"content":{"rendered":"<section data-etch-element=\"section\" class=\"herosektion\"><figure class=\"herosektion__media-wrapper\"><img decoding=\"async\" src=\"https:\/\/visitkristinestad.fi\/wp-content\/uploads\/2026\/01\/Pitkospuut2.webp\" alt=\"\" class=\"herosektion__media\"><\/img><\/figure><div data-etch-element=\"container\" data-intro-style=\"left\" class=\"section-intro-krs herosektion__intro\"><h2 class=\"badge-heading section-intro-krs__badge-heading\">Vaellusreitit<\/h2><div data-etch-element=\"flex-div\" class=\"section-intro-krs__content-wrapper\"><h2 class=\"section-intro-krs__heading\">Tutustu luontoon vaellusreitill\u00e4 ja luontopoluilla<\/h2><div data-etch-element=\"flex-div\" class=\"section-intro-krs__text-wrapper\"><p class=\"section-intro-krs__text\">Vierailijamme arvostavat puhtaan suomalaisen luonnon ja meren l\u00e4heisyytt\u00e4, ja Kristiinan\u00adkaupungista l\u00f6ytyy useita kauniita luonto\u00adalueita tutkittavaksi. El\u00e4v\u00e4 maa\u00adseutu ja vieress\u00e4 oleva meri tarjoavat ulkoilu\u00adel\u00e4m\u00e4\u00e4 ja erilaisia luonto\u00adel\u00e4myksi\u00e4: k\u00e4vele vaellus\u00adreiteill\u00e4 turmeltumattoman luonnon keskell\u00e4, l\u00e4hde py\u00f6r\u00e4ily\u00adretkelle rannikkoa pitkin, tervehdi karjaa laitumella, pys\u00e4hdy hetkeksi piknikille puistoon tai rannalle, polskuta varpaita meress\u00e4\u2026<\/p><\/div><\/div><\/div><\/section><section data-etch-element=\"section\" class=\"articles-section-alpha\"><ul data-etch-element=\"container\" class=\"articles-section-alpha__articles-list\"><li><article data-etch-element=\"flex-div\" class=\"article-card-alpha\"><div data-etch-element=\"flex-div\" class=\"article-card-alpha__content-wrapper\"><a href=\"\/fi\/vandringsleder\/pyhavuoren-vaellusreitti\/\" aria-label=\"Read \" class=\"article-card-alpha__link\" target=\"_self\"><h3 class=\"article-card-alpha__heading\">Pyh\u00e4vuoren vaellusreitti<\/h3><\/a><p class=\"article-card-alpha__description\">Sijaitsee Pyh\u00e4vuorella, Lapv\u00e4\u00e4rtiss\u00e4 L\u00e4ht\u00f6alueella pys\u00e4k\u00f6intialue ja reittikartta Useita vaellusreittej\u00e4 (850 m \u2013 8,5 km), joiden haastavuus vaihtelee. Voit vaeltaa, uida, laskea pulkkam\u00e4ke\u00e4, hiiht\u00e4\u00e4 tai lasketella. &amp;#13; susiluola.fi \u00a0ja\u00a0 botombergen.fi &amp;#13;&#8230;<\/p><\/div><figure data-etch-element=\"flex-div\" class=\"article-card-alpha__media-wrapper\"><img decoding=\"async\" src=\"https:\/\/visitkristinestad.fi\/wp-content\/uploads\/2026\/01\/559411129_18165223234369804_8676311447010418859_n.webp\" alt=\"\" class=\"article-card-alpha__media\"><\/img><div data-etch-element=\"flex-div\" class=\"article-card-alpha__meta-overlay\"><p class=\"article-card-alpha__author\">viljamedia<\/p><p class=\"article-card-alpha__date\">tammi 13, 2026<\/p><\/div><\/figure><\/article><\/li><li><article data-etch-element=\"flex-div\" class=\"article-card-alpha\"><div data-etch-element=\"flex-div\" class=\"article-card-alpha__content-wrapper\"><a href=\"\/fi\/vandringsleder\/skaftungin-luontopolku\/\" aria-label=\"Read \" class=\"article-card-alpha__link\" target=\"_self\"><h3 class=\"article-card-alpha__heading\">Skaftungin luontopolku<\/h3><\/a><p class=\"article-card-alpha__description\">Reitti alkaa osoitteesta Friivelintie-Holmyrintie, 64480 Skaftung 4,5 km ja 8 km reitit Reitin varrella on kaksoislaavu, kota, laavu, muinaishautoja ja muistomerkkej\u00e4.<\/p><\/div><figure data-etch-element=\"flex-div\" class=\"article-card-alpha__media-wrapper\"><img decoding=\"async\" src=\"https:\/\/visitkristinestad.fi\/wp-content\/uploads\/2026\/01\/Skaftung-naturstig.jpg\" alt=\"\" class=\"article-card-alpha__media\"><\/img><div data-etch-element=\"flex-div\" class=\"article-card-alpha__meta-overlay\"><p class=\"article-card-alpha__author\">viljamedia<\/p><p class=\"article-card-alpha__date\">tammi 13, 2026<\/p><\/div><\/figure><\/article><\/li><li><article data-etch-element=\"flex-div\" class=\"article-card-alpha\"><div data-etch-element=\"flex-div\" class=\"article-card-alpha__content-wrapper\"><a href=\"\/fi\/vandringsleder\/storholmen-lapvaartissa\/\" aria-label=\"Read \" class=\"article-card-alpha__link\" target=\"_self\"><h3 class=\"article-card-alpha__heading\">Storholmen Lapv\u00e4\u00e4rtiss\u00e4<\/h3><\/a><p class=\"article-card-alpha__description\">P\u00e4rus Forsin alueelta p\u00e4\u00e4see k\u00e4velysiltaa pitkin Storholmenin saareen \u2013 kahden hehtaarin kokoinen, luonnonkaunis saari koskien v\u00e4liss\u00e4. Osoite: \u00a0Lapv\u00e4\u00e4rtintie 1227, 64300 Lapv\u00e4\u00e4rtti P\u00e4rus Forsin vieress\u00e4 keskell\u00e4 Lapv\u00e4\u00e4rtinjokea luontopolku saaren ymp\u00e4ri saari&#8230;<\/p><\/div><figure data-etch-element=\"flex-div\" class=\"article-card-alpha__media-wrapper\"><img decoding=\"async\" src=\"\" alt=\"\" class=\"article-card-alpha__media\"><\/img><div data-etch-element=\"flex-div\" class=\"article-card-alpha__meta-overlay\"><p class=\"article-card-alpha__author\">viljamedia<\/p><p class=\"article-card-alpha__date\">tammi 13, 2026<\/p><\/div><\/figure><\/article><\/li><li><article data-etch-element=\"flex-div\" class=\"article-card-alpha\"><div data-etch-element=\"flex-div\" class=\"article-card-alpha__content-wrapper\"><a href=\"\/fi\/vandringsleder\/tiilitehtaanmaki-pohjoslahti\/\" aria-label=\"Read \" class=\"article-card-alpha__link\" target=\"_self\"><h3 class=\"article-card-alpha__heading\">Tiilitehtaanm\u00e4ki-Pohjoslahti<\/h3><\/a><p class=\"article-card-alpha__description\">Luontopolun pituus on noin 5km.<\/p><\/div><figure data-etch-element=\"flex-div\" class=\"article-card-alpha__media-wrapper\"><img decoding=\"async\" src=\"\" alt=\"\" class=\"article-card-alpha__media\"><\/img><div data-etch-element=\"flex-div\" class=\"article-card-alpha__meta-overlay\"><p class=\"article-card-alpha__author\">viljamedia<\/p><p class=\"article-card-alpha__date\">tammi 13, 2026<\/p><\/div><\/figure><\/article><\/li><li><article data-etch-element=\"flex-div\" class=\"article-card-alpha\"><div data-etch-element=\"flex-div\" class=\"article-card-alpha__content-wrapper\"><a href=\"\/fi\/vandringsleder\/muinaisvuorten-vaellusreitti\/\" aria-label=\"Read \" class=\"article-card-alpha__link\" target=\"_self\"><h3 class=\"article-card-alpha__heading\">Muinaisvuorten vaellusreitti<\/h3><\/a><p class=\"article-card-alpha__description\">Monipuolinen verkosto vaellusreittej\u00e4, jotka seuraavat muinaisia vuoria Parran ja Pyh\u00e4vuoren v\u00e4lill\u00e4, sivureitteineen, luontoel\u00e4myksiin ja n\u00e4ht\u00e4vyyksiin. Paras aika vaellukselle on talvi, mutta Parra on hyv\u00e4 l\u00e4ht\u00f6kohta ymp\u00e4ri vuoden. Avaa pdf-muodossa<\/p><\/div><figure data-etch-element=\"flex-div\" class=\"article-card-alpha__media-wrapper\"><img decoding=\"async\" src=\"https:\/\/visitkristinestad.fi\/wp-content\/uploads\/2026\/01\/Suksenjarvi-2.jpg\" alt=\"\" class=\"article-card-alpha__media\"><\/img><div data-etch-element=\"flex-div\" class=\"article-card-alpha__meta-overlay\"><p class=\"article-card-alpha__author\">viljamedia<\/p><p class=\"article-card-alpha__date\">tammi 13, 2026<\/p><\/div><\/figure><\/article><\/li><\/ul><\/section>","protected":false},"excerpt":{"rendered":"","protected":false},"author":1,"featured_media":0,"parent":1031,"menu_order":0,"comment_status":"closed","ping_status":"closed","template":"","meta":{"_acf_changed":false,"slim_seo":{"title":"Vaellusreitit - Visit Kristinestad","description":""},"footnotes":""},"class_list":["post-1740","page","type-page","status-publish","hentry"],"acf":[],"_links":{"self":[{"href":"https:\/\/visitkristinestad.fi\/fi\/wp-json\/wp\/v2\/pages\/1740","targetHints":{"allow":["GET"]}}],"collection":[{"href":"https:\/\/visitkristinestad.fi\/fi\/wp-json\/wp\/v2\/pages"}],"about":[{"href":"https:\/\/visitkristinestad.fi\/fi\/wp-json\/wp\/v2\/types\/page"}],"author":[{"embeddable":true,"href":"https:\/\/visitkristinestad.fi\/fi\/wp-json\/wp\/v2\/users\/1"}],"replies":[{"embeddable":true,"href":"https:\/\/visitkristinestad.fi\/fi\/wp-json\/wp\/v2\/comments?post=1740"}],"version-history":[{"count":3,"href":"https:\/\/visitkristinestad.fi\/fi\/wp-json\/wp\/v2\/pages\/1740\/revisions"}],"predecessor-version":[{"id":2055,"href":"https:\/\/visitkristinestad.fi\/fi\/wp-json\/wp\/v2\/pages\/1740\/revisions\/2055"}],"up":[{"embeddable":true,"href":"https:\/\/visitkristinestad.fi\/fi\/wp-json\/wp\/v2\/pages\/1031"}],"wp:attachment":[{"href":"https:\/\/visitkristinestad.fi\/fi\/wp-json\/wp\/v2\/media?parent=1740"}],"curies":[{"name":"wp","href":"https:\/\/api.w.org\/{rel}","templated":true}]}}