{"id":1730,"date":"2026-01-13T05:43:56","date_gmt":"2026-01-13T03:43:56","guid":{"rendered":"https:\/\/visitkristinestad.fi\/?page_id=1730"},"modified":"2026-03-02T11:06:42","modified_gmt":"2026-03-02T09:06:42","slug":"avoimet-portit","status":"publish","type":"page","link":"https:\/\/visitkristinestad.fi\/fi\/koe\/tapahtumia\/avoimet-portit\/","title":{"rendered":"Avoimet portit"},"content":{"rendered":"<section data-etch-element=\"section\" class=\"herosektion\"><figure class=\"herosektion__media-wrapper\"><img decoding=\"async\" src=\"https:\/\/visitkristinestad.fi\/wp-content\/uploads\/2026\/01\/Avoimet-portit.webp\" alt=\"\" class=\"herosektion__media\"><\/img><\/figure><div data-etch-element=\"container\" data-intro-style=\"left\" class=\"section-intro-krs herosektion__intro\"><h2 class=\"badge-heading section-intro-krs__badge-heading\">Avoimet portit<\/h2><div data-etch-element=\"flex-div\" class=\"section-intro-krs__content-wrapper\"><h2 class=\"section-intro-krs__heading\">Once upon a time, there was a town you never wanted to leave.<\/h2><div data-etch-element=\"flex-div\" class=\"section-intro-krs__text-wrapper\"><p class=\"section-intro-krs__text\">Avoimet Portit kulttuuritapahtuma pihoissa ja puutarhoissa houkuttelee j\u00e4lleen leppoisaan yhdess\u00e4oloon ja vierailemaan huikeissa k\u00e4yntikohteissa porttien k\u00e4tk\u00f6ss\u00e4 kes\u00e4kuussa Kristiinankaupungissa. Tule ja nauti kes\u00e4kuun kukkaloistosta vieraanvaraisessa Cittaslow-kaupungissa.<\/p><\/div><\/div><\/div><\/section>\n\n<section data-etch-element=\"section\" class=\"etch-oo1o7ha\"><div data-etch-element=\"container\" class=\"etch-vcojc7a\">\n<p class=\"wp-embed-aspect-16-9 wp-has-aspect-ratio\"><strong><strong>Hinnat<\/strong><\/strong><\/p>\n\n<p>1 P\u00e4iv\u00e4 &#8211; 15\u20ac ,&nbsp; 2 P\u00e4iv\u00e4\u00e4 &#8211; 20\u20ac ,&nbsp; &nbsp;Lapset alle 12 v &#8211; Ilmaiseksi<\/p>\n\n<h2 class=\"wp-block-heading\">Yhteystiedot ja j\u00e4rjest\u00e4j\u00e4<\/h2>\n\n<p><strong>Avoimet Portit -ty\u00f6ryhm\u00e4n yhteystiedot:<\/strong><\/p>\n\n<p>Helena Patoranta, puheenjohtaja<br>puh: +358 40 740 2311<br>s-posti:\u00a0visit@krs.fi<a href=\"mailto:maarit.juhala@terveystalo.com\"><\/a><\/p>\n\n<p>Yhdess\u00e4 Karin Ruskin, Maarit Roseng\u00e5rdin, Marit H\u00e4m\u00e4l\u00e4isen, Margaretha Reinlundin, Maj-Lis Teirin, Hilkka Wilhelmsin, Kristina It\u00e4laakson ja Reija \u00c5djersin kanssa. <\/p>\n\n<p>Avoimet Portit -ty\u00f6ryhm\u00e4 yhteisty\u00f6ss\u00e4 vanhan puutalokeskustan pihanomistajien, yhdistysten\/s\u00e4\u00e4ti\u00f6iden, yritt\u00e4jien ja taiteilijoiden sek\u00e4 sektorit ylitt\u00e4v\u00e4\u00e4 yhteisty\u00f6t\u00e4 Kristiinankaupungin palvelualueiden: sivistys- ja vapaa-aika, elinkeino\/matkailu ja teknisen palvelualueen kanssa.<\/p>\n\n<p>Lis\u00e4\u00e4 tietoa tulee kev\u00e4\u00e4ll\u00e4 2026.<\/p>\n\n<div class=\"wp-block-buttons is-layout-flex wp-block-buttons-is-layout-flex\">\n<div class=\"wp-block-button btn--accent\"><a class=\"wp-block-button__link has-white-color has-text-color has-link-color wp-element-button\" href=\"https:\/\/www.facebook.com\/oppnaportar.avoimetportit\" target=\"_blank\" rel=\"noreferrer noopener\">Avoimet portit -tapahtuman Facebook-sivut<\/a><\/div>\n<\/div>\n\n<p><strong><strong>Esimerkkej\u00e4 uusista vierailukohteista 2025<\/strong>. 12, 32 &amp; 44<\/strong><\/p>\n\n<p><strong>12.&nbsp;Maarit Juhala &amp; Christer Sundell. L\u00e4ntinen pitk\u00e4katu 57.<\/strong><\/p>\n\n<p>Kaunis perennapuutarha, jossa mm valtava alppiruusu. Pihapiiriss\u00e4 on vuonna 1826 rakenettu leipurintupa.&nbsp;<\/p>\n\n<figure class=\"wp-block-image size-full\"><img loading=\"lazy\" decoding=\"async\" width=\"600\" height=\"800\" src=\"https:\/\/visitkristinestad.fi\/wp-content\/uploads\/2026\/01\/image007.jpg\" alt=\"\" class=\"wp-image-1702\" title=\"\" srcset=\"https:\/\/visitkristinestad.fi\/wp-content\/uploads\/2026\/01\/image007.jpg 600w, https:\/\/visitkristinestad.fi\/wp-content\/uploads\/2026\/01\/image007-225x300.jpg 225w\" sizes=\"auto, (max-width: 600px) 100vw, 600px\" \/><\/figure>\n\n<figure class=\"wp-block-image size-full\"><img loading=\"lazy\" decoding=\"async\" width=\"600\" height=\"800\" src=\"https:\/\/visitkristinestad.fi\/wp-content\/uploads\/2026\/01\/image005.jpg\" alt=\"\" class=\"wp-image-1703\" title=\"\" srcset=\"https:\/\/visitkristinestad.fi\/wp-content\/uploads\/2026\/01\/image005.jpg 600w, https:\/\/visitkristinestad.fi\/wp-content\/uploads\/2026\/01\/image005-225x300.jpg 225w\" sizes=\"auto, (max-width: 600px) 100vw, 600px\" \/><\/figure>\n\n<p><strong>32.&nbsp;Ann-Louise &amp; Johnny Heikkil\u00e4. Koulukatu 8.<\/strong><\/p>\n\n<p>Kulje l\u00e4pi puutarhan, jossa on paljon yksityiskohtia.Katso kauniita kukkia ja hienoja kasveja vanhassa kaupunkipihassa.<\/p>\n\n<figure class=\"wp-block-image size-full\"><img loading=\"lazy\" decoding=\"async\" width=\"600\" height=\"600\" src=\"https:\/\/visitkristinestad.fi\/wp-content\/uploads\/2026\/01\/913da1e6-bb8f-472e-b598-220e28454286.jpg\" alt=\"\" class=\"wp-image-1704\" title=\"\" srcset=\"https:\/\/visitkristinestad.fi\/wp-content\/uploads\/2026\/01\/913da1e6-bb8f-472e-b598-220e28454286.jpg 600w, https:\/\/visitkristinestad.fi\/wp-content\/uploads\/2026\/01\/913da1e6-bb8f-472e-b598-220e28454286-300x300.jpg 300w, https:\/\/visitkristinestad.fi\/wp-content\/uploads\/2026\/01\/913da1e6-bb8f-472e-b598-220e28454286-150x150.jpg 150w\" sizes=\"auto, (max-width: 600px) 100vw, 600px\" \/><\/figure>\n\n<figure class=\"wp-block-image size-full\"><img loading=\"lazy\" decoding=\"async\" width=\"600\" height=\"600\" src=\"https:\/\/visitkristinestad.fi\/wp-content\/uploads\/2026\/01\/1f68a1ba-5f60-4aab-95f1-85d2f9198ca8.jpg\" alt=\"\" class=\"wp-image-1706\" title=\"\" srcset=\"https:\/\/visitkristinestad.fi\/wp-content\/uploads\/2026\/01\/1f68a1ba-5f60-4aab-95f1-85d2f9198ca8.jpg 600w, https:\/\/visitkristinestad.fi\/wp-content\/uploads\/2026\/01\/1f68a1ba-5f60-4aab-95f1-85d2f9198ca8-300x300.jpg 300w, https:\/\/visitkristinestad.fi\/wp-content\/uploads\/2026\/01\/1f68a1ba-5f60-4aab-95f1-85d2f9198ca8-150x150.jpg 150w\" sizes=\"auto, (max-width: 600px) 100vw, 600px\" \/><\/figure>\n\n<p><strong>44.&nbsp;Svenska Gymnasiet. Ulrika Eleonorantie 3.<\/strong><\/p>\n\n<p>Tervetuloa kaupungin pirte\u00e4\u00e4n 100-vuotiaaseen! Tartu tilaisuuteen ja astu rakennukseen, joka on t\u00e4ynn\u00e4 historiaa, vieh\u00e4tyst\u00e4 ja tarinoita. T\u00e4\u00e4ll\u00e4 sinua odottaa upea arkkitehtuuri ja inspiroiva n\u00e4yttely, joka korostaa opiskelijoiden luovaa ty\u00f6t\u00e4. Elokuussa koulurakennus t\u00e4ytt\u00e4\u00e4 100 vuotta ja viet\u00e4mme tiedon, yhteis\u00f6n ja uskon tulevaisuuteen vuosisataa.<\/p>\n\n<p>&#8211; tule kokemaan juhlavuosi kanssamme!<\/p>\n\n<figure class=\"wp-block-image size-full\"><img loading=\"lazy\" decoding=\"async\" width=\"600\" height=\"800\" src=\"https:\/\/visitkristinestad.fi\/wp-content\/uploads\/2026\/01\/IMG-0069.jpg\" alt=\"\" class=\"wp-image-1707\" title=\"\" srcset=\"https:\/\/visitkristinestad.fi\/wp-content\/uploads\/2026\/01\/IMG-0069.jpg 600w, https:\/\/visitkristinestad.fi\/wp-content\/uploads\/2026\/01\/IMG-0069-225x300.jpg 225w\" sizes=\"auto, (max-width: 600px) 100vw, 600px\" \/><\/figure>\n\n<figure class=\"wp-block-image size-full\"><img loading=\"lazy\" decoding=\"async\" width=\"600\" height=\"800\" src=\"https:\/\/visitkristinestad.fi\/wp-content\/uploads\/2026\/01\/IMG-0065.jpg\" alt=\"\" class=\"wp-image-1708\" title=\"\" srcset=\"https:\/\/visitkristinestad.fi\/wp-content\/uploads\/2026\/01\/IMG-0065.jpg 600w, https:\/\/visitkristinestad.fi\/wp-content\/uploads\/2026\/01\/IMG-0065-225x300.jpg 225w\" sizes=\"auto, (max-width: 600px) 100vw, 600px\" \/><\/figure>\n\n<p><strong>Teht\u00e4v\u00e4 lapsille! &#8211; Osallistu puutarhatonttujen v\u00e4est\u00f6nlaskentaa.<\/strong><\/p>\n\n<p>Ymp\u00e4ri kaupunkia asuu paljon puutarhatonttuja, mutta me emme oikein tied kuinka paljon. Auttaisitko meit\u00e4 laskemaan ne? Ilmoitat vain infopisteeseen kuinka monta tonttua l\u00f6ysit ja saat palkaksi jotain ainutlaatuista!<\/p>\n\n<figure class=\"wp-block-embed is-type-rich is-provider-upotuksen-k-sittelij wp-block-embed-upotuksen-k-sittelij wp-embed-aspect-16-9 wp-has-aspect-ratio\"><div class=\"wp-block-embed__wrapper\">\n<iframe loading=\"lazy\" title=\"Avoimet portit Kristiinankaupungissa - \u00d6ppna portar i Kristinestad\" width=\"500\" height=\"281\" src=\"https:\/\/www.youtube.com\/embed\/e2zanVVHvJg?feature=oembed\" frameborder=\"0\" allow=\"accelerometer; autoplay; clipboard-write; encrypted-media; gyroscope; picture-in-picture; web-share\" referrerpolicy=\"strict-origin-when-cross-origin\" allowfullscreen><\/iframe>\n<\/div><\/figure>\n\n<figure class=\"wp-block-image size-full\"><img loading=\"lazy\" decoding=\"async\" width=\"260\" height=\"390\" src=\"https:\/\/visitkristinestad.fi\/wp-content\/uploads\/2026\/01\/kristiinankaupunki-koe-tapahtuma-avoimetportit-1.jpg\" alt=\"\" class=\"wp-image-1710\" title=\"\" srcset=\"https:\/\/visitkristinestad.fi\/wp-content\/uploads\/2026\/01\/kristiinankaupunki-koe-tapahtuma-avoimetportit-1.jpg 260w, https:\/\/visitkristinestad.fi\/wp-content\/uploads\/2026\/01\/kristiinankaupunki-koe-tapahtuma-avoimetportit-1-200x300.jpg 200w\" sizes=\"auto, (max-width: 260px) 100vw, 260px\" \/><\/figure>\n\n<figure class=\"wp-block-image size-full\"><img loading=\"lazy\" decoding=\"async\" width=\"260\" height=\"390\" src=\"https:\/\/visitkristinestad.fi\/wp-content\/uploads\/2026\/01\/kristiinankaupunki-koe-tapahtuma-avoimetportit-2.jpg\" alt=\"\" class=\"wp-image-1711\" title=\"\" srcset=\"https:\/\/visitkristinestad.fi\/wp-content\/uploads\/2026\/01\/kristiinankaupunki-koe-tapahtuma-avoimetportit-2.jpg 260w, https:\/\/visitkristinestad.fi\/wp-content\/uploads\/2026\/01\/kristiinankaupunki-koe-tapahtuma-avoimetportit-2-200x300.jpg 200w\" sizes=\"auto, (max-width: 260px) 100vw, 260px\" \/><\/figure>\n\n<figure class=\"wp-block-image size-full\"><img loading=\"lazy\" decoding=\"async\" width=\"600\" height=\"399\" src=\"https:\/\/visitkristinestad.fi\/wp-content\/uploads\/2026\/01\/kristiinankaupunki-koe-tapahtuma-avoimetportit-6.jpg\" alt=\"\" class=\"wp-image-1712\" title=\"\" srcset=\"https:\/\/visitkristinestad.fi\/wp-content\/uploads\/2026\/01\/kristiinankaupunki-koe-tapahtuma-avoimetportit-6.jpg 600w, https:\/\/visitkristinestad.fi\/wp-content\/uploads\/2026\/01\/kristiinankaupunki-koe-tapahtuma-avoimetportit-6-300x200.jpg 300w\" sizes=\"auto, (max-width: 600px) 100vw, 600px\" \/><\/figure>\n\n<figure class=\"wp-block-image size-full\"><img loading=\"lazy\" decoding=\"async\" width=\"600\" height=\"399\" src=\"https:\/\/visitkristinestad.fi\/wp-content\/uploads\/2026\/01\/kristiinankaupunki-koe-tapahtuma-avoimetportit-3.jpg\" alt=\"\" class=\"wp-image-1713\" title=\"\" srcset=\"https:\/\/visitkristinestad.fi\/wp-content\/uploads\/2026\/01\/kristiinankaupunki-koe-tapahtuma-avoimetportit-3.jpg 600w, https:\/\/visitkristinestad.fi\/wp-content\/uploads\/2026\/01\/kristiinankaupunki-koe-tapahtuma-avoimetportit-3-300x200.jpg 300w\" sizes=\"auto, (max-width: 600px) 100vw, 600px\" \/><\/figure>\n\n<figure class=\"wp-block-image size-full\"><img loading=\"lazy\" decoding=\"async\" width=\"600\" height=\"399\" src=\"https:\/\/visitkristinestad.fi\/wp-content\/uploads\/2026\/01\/kristiinankaupunki-koe-tapahtuma-avoimetportit-5.jpg\" alt=\"\" class=\"wp-image-1715\" title=\"\" srcset=\"https:\/\/visitkristinestad.fi\/wp-content\/uploads\/2026\/01\/kristiinankaupunki-koe-tapahtuma-avoimetportit-5.jpg 600w, https:\/\/visitkristinestad.fi\/wp-content\/uploads\/2026\/01\/kristiinankaupunki-koe-tapahtuma-avoimetportit-5-300x200.jpg 300w\" sizes=\"auto, (max-width: 600px) 100vw, 600px\" \/><\/figure>\n\n<figure class=\"wp-block-image size-full\"><img loading=\"lazy\" decoding=\"async\" width=\"600\" height=\"399\" src=\"https:\/\/visitkristinestad.fi\/wp-content\/uploads\/2026\/01\/kristiinankaupunki-koe-tapahtuma-avoimetportit-4.jpg\" alt=\"\" class=\"wp-image-1714\" title=\"\" srcset=\"https:\/\/visitkristinestad.fi\/wp-content\/uploads\/2026\/01\/kristiinankaupunki-koe-tapahtuma-avoimetportit-4.jpg 600w, https:\/\/visitkristinestad.fi\/wp-content\/uploads\/2026\/01\/kristiinankaupunki-koe-tapahtuma-avoimetportit-4-300x200.jpg 300w\" sizes=\"auto, (max-width: 600px) 100vw, 600px\" \/><\/figure>\n<\/div><\/section>","protected":false},"excerpt":{"rendered":"","protected":false},"author":1,"featured_media":0,"parent":1360,"menu_order":0,"comment_status":"closed","ping_status":"closed","template":"","meta":{"_acf_changed":false,"slim_seo":{"title":"Avoimet portit - Visit Kristinestad","description":""},"footnotes":""},"class_list":["post-1730","page","type-page","status-publish","hentry"],"acf":[],"_links":{"self":[{"href":"https:\/\/visitkristinestad.fi\/fi\/wp-json\/wp\/v2\/pages\/1730","targetHints":{"allow":["GET"]}}],"collection":[{"href":"https:\/\/visitkristinestad.fi\/fi\/wp-json\/wp\/v2\/pages"}],"about":[{"href":"https:\/\/visitkristinestad.fi\/fi\/wp-json\/wp\/v2\/types\/page"}],"author":[{"embeddable":true,"href":"https:\/\/visitkristinestad.fi\/fi\/wp-json\/wp\/v2\/users\/1"}],"replies":[{"embeddable":true,"href":"https:\/\/visitkristinestad.fi\/fi\/wp-json\/wp\/v2\/comments?post=1730"}],"version-history":[{"count":4,"href":"https:\/\/visitkristinestad.fi\/fi\/wp-json\/wp\/v2\/pages\/1730\/revisions"}],"predecessor-version":[{"id":2001,"href":"https:\/\/visitkristinestad.fi\/fi\/wp-json\/wp\/v2\/pages\/1730\/revisions\/2001"}],"up":[{"embeddable":true,"href":"https:\/\/visitkristinestad.fi\/fi\/wp-json\/wp\/v2\/pages\/1360"}],"wp:attachment":[{"href":"https:\/\/visitkristinestad.fi\/fi\/wp-json\/wp\/v2\/media?parent=1730"}],"curies":[{"name":"wp","href":"https:\/\/api.w.org\/{rel}","templated":true}]}}