{"id":1365,"date":"2025-12-16T04:04:55","date_gmt":"2025-12-16T02:04:55","guid":{"rendered":"https:\/\/krs.viljamedia.com\/?page_id=1365"},"modified":"2026-01-13T08:56:18","modified_gmt":"2026-01-13T08:56:18","slug":"nahtavaa","status":"publish","type":"page","link":"https:\/\/visitkristinestad.fi\/fi\/koe\/nahtavaa\/","title":{"rendered":"N\u00e4ht\u00e4v\u00e4\u00e4"},"content":{"rendered":"<section data-etch-element=\"section\" class=\"herosektion\"><figure class=\"herosektion__media-wrapper\"><img decoding=\"async\" src=\"\/wp-content\/uploads\/2026\/01\/IMG_7896-1.webp\" alt=\"\" class=\"herosektion__media\"><\/img><\/figure><div data-etch-element=\"container\" data-intro-style=\"left\" class=\"section-intro-krs herosektion__intro\"><h2 class=\"badge-heading section-intro-krs__badge-heading\">N\u00e4ht\u00e4v\u00e4\u00e4<\/h2><div data-etch-element=\"flex-div\" class=\"section-intro-krs__content-wrapper\"><h2 class=\"section-intro-krs__heading\">T\u00e4\u00e4ll\u00e4 sinua odottavat sek\u00e4 kulttuuri, luonto ett\u00e4 historialliset aarteet<\/h2><div data-etch-element=\"flex-div\" class=\"section-intro-krs__text-wrapper\"><p class=\"section-intro-krs__text\">Tutustu Kristiinankaupungin rikkaaseen historiaan ja hurmaaviin puutalokortteleihin.. T\u00e4m\u00e4 on kaupunki, jossa 1600-luvulta per\u00e4isin oleva kaupunkisuunnitelma edelleen muovaa jokaista korttelia.<\/p><p class=\"section-intro-krs__text\">K\u00e4vele vanhan kivisillan yli, tutki kapeita kujia ja anna rakennusten, n\u00e4k\u00f6alojen ja ainutlaatuisen tunnelman lumota sinut. T\u00e4m\u00e4 kaikki tekee Kristiinankaupungista yhden maan tunnelmallisimmista vierailukohteista.<\/p><\/div><\/div><\/div><\/section>\n\n<section data-etch-element=\"section\" class=\"content-section-tango\"><div data-etch-element=\"container\" class=\"content-section-tango__inner\"><div data-etch-element=\"flex-div\" class=\"content-section-tango__content-wrapper\"><h2 class=\"content-section-tango__headline\">Museot<\/h2><p class=\"content-section-tango__lede\">Tutustu kaupungin monipuolisiin museoihin, jotka ulottuvat kauppiaspihan eleganssista ja sataman merenkulkuhistoriasta kotiseutumuseoihin ja palokunnan kokoelmiin.<\/p><p class=\"hero-alpha__lede\">Kristiinankaupungissa sinua odottavat ainutlaatuiset tarinat arjesta, kaupank\u00e4ynnist\u00e4 ja merimatkoista.<\/p>\n<ul class=\"wp-block-list\">\n<li>Lebellin kauppiaantalo (<a href=\"https:\/\/lebell.fi\" data-type=\"link\" data-id=\"https:\/\/lebell.fi\" target=\"_blank\" rel=\"noreferrer noopener\">Lebell.fi<\/a>) &nbsp;<\/li>\n\n\n\n<li>Carlsro museo&nbsp;(<a href=\"mailto:carlsro@krs.fi\" target=\"_blank\" rel=\"noreferrer noopener\">carlsro@krs.fi<\/a>)<\/li>\n\n\n\n<li>Kristiinankaupungin merimuseo (<a href=\"http:\/\/kristinestadssjofartsmuseum.fi\/\" target=\"_blank\" rel=\"noreferrer noopener\">kristinestadssjofartsmuseum.fi<\/a>)<\/li>\n\n\n\n<li>Kiilin kotiseutumuseo (<a href=\"http:\/\/www.kilen.fi\/\" target=\"_blank\" rel=\"noreferrer noopener\">www.kilen.fi<\/a>&nbsp;)<\/li>\n<\/ul>\n<\/div><div data-etch-element=\"flex-div\" class=\"content-section-tango__image-group\"><figure class=\"content-section-tango__figure\"><img decoding=\"async\" src=\"https:\/\/visitkristinestad.fi\/wp-content\/uploads\/2026\/01\/IMG_8277-1-1.webp\" class=\"content-section-tango__image\"><\/img><\/figure><\/div><\/div><\/section>\n\n<section data-etch-element=\"section\" class=\"content-section-quebec\" id=\"etch-guhbomt\"><div data-etch-element=\"container\" class=\"content-section-quebec__inner\"><div data-etch-element=\"flex-div\" class=\"content-section-quebec__content-wrapper smart-spacing\"><h2 class=\"content-section-quebec__heading\">Kirkot<\/h2><div class=\"content-section-quebec__text-group smart-spacing\"><p>Tervetuloa tutustumaan Kristiinankaupungin kirkkoihin, joissa puu- ja tiilirakennusperinteet heijastavat kaupungin pitk\u00e4\u00e4 ja monipuolista kulttuuriperint\u00f6\u00e4.<\/p><p>Tutustu klassiseen Ulrika Eleonora -puukirkkoon, vaikuttavaan Kristiinankaupungin tiilikirkkoon ja ymp\u00e4r\u00f6iviin maalaiskirkkoihin, kuten Lapv\u00e4\u00e4rtin ja Siipyyn kirkot. Jokainen kirkko kertoo oman tarinansa uskosta, yhteis\u00f6llisyydest\u00e4 ja taidokkaasta k\u00e4sity\u00f6st\u00e4.<\/p>\n<p>Lue lis\u00e4\u00e4 kirkoista <a href=\"https:\/\/www.kristiinankaupunginseurakuntayhtyma.fi\/kirkot-ja-tilat\" data-type=\"link\" data-id=\"https:\/\/www.kristiinankaupunginseurakuntayhtyma.fi\/kirkot-ja-tilat\" target=\"_blank\" rel=\"noreferrer noopener\">Kristiinankaupungin seurakuntayhtym\u00e4n kotisivulla<\/a><\/p>\n<\/div><\/div><div data-etch-element=\"flex-div\" class=\"content-section-quebec__media-group\"><figure class=\"content-section-quebec__media-wrapper\"><img decoding=\"async\" src=\"https:\/\/visitkristinestad.fi\/wp-content\/uploads\/2025\/12\/IMG_7997-scaled.webp\" class=\"content-section-quebec__media\" alt=\"\"><\/img><\/figure><figure class=\"content-section-quebec__media-wrapper\"><img decoding=\"async\" src=\"https:\/\/visitkristinestad.fi\/wp-content\/uploads\/2025\/12\/Kesa2025-PRINT-18.webp\" class=\"content-section-quebec__media\" alt=\"\"><\/img><\/figure><\/div><\/div><\/section>\n\n<section data-etch-element=\"section\" class=\"content-section-tango\"><div data-etch-element=\"container\" class=\"content-section-tango__inner\"><div data-etch-element=\"flex-div\" class=\"content-section-tango__content-wrapper\"><h2 class=\"content-section-tango__headline\">Taide<\/h2>\n<p>Kristiinankaupungissa on useita inspiroivia n\u00e4yttelytiloja, joissa taide, k\u00e4sity\u00f6 ja kulttuurihistoria kohtaavat. Vieraile <a href=\"https:\/\/www.facebook.com\/profile.php?id=100092459075194\" target=\"_blank\" rel=\"noreferrer noopener\">Galleri Spectrassa<\/a> Koulukadulla, restauroidussa 1800-luvun talossa, jossa on esill\u00e4 teoksia sek\u00e4 paikallisilta ett\u00e4 kansainv\u00e4lisilt\u00e4 taiteilijoilta, tai k\u00e4y Studio Fremdelingiss\u00e4 Strandgatan 42:ssa, 1770-luvun pihapiiriss\u00e4, jossa j\u00e4rjestet\u00e4\u00e4n vaihtuvia n\u00e4yttelyit\u00e4 arkkitehtuurista, valokuvasta ja designista. <\/p>\n<p class=\"hero-alpha__lede\">T\u00e4\u00e4lt\u00e4 l\u00f6yd\u00e4t aina jotain uutta n\u00e4ht\u00e4v\u00e4\u00e4 ja koettavaa.<\/p><\/div><div data-etch-element=\"flex-div\" class=\"content-section-tango__image-group\"><figure class=\"content-section-tango__figure\"><img decoding=\"async\" src=\"https:\/\/visitkristinestad.fi\/wp-content\/uploads\/2025\/12\/IMG-6872-b-Stora-malarevenem.webp\" alt=\"\" class=\"content-section-tango__image\"><\/img><\/figure><\/div><\/div><\/section>","protected":false},"excerpt":{"rendered":"","protected":false},"author":1,"featured_media":0,"parent":1033,"menu_order":0,"comment_status":"closed","ping_status":"closed","template":"","meta":{"_acf_changed":false,"slim_seo":{"title":"N\u00e4ht\u00e4v\u00e4\u00e4 - Visit Kristinestad","description":""},"footnotes":""},"class_list":["post-1365","page","type-page","status-publish","hentry"],"acf":[],"_links":{"self":[{"href":"https:\/\/visitkristinestad.fi\/fi\/wp-json\/wp\/v2\/pages\/1365","targetHints":{"allow":["GET"]}}],"collection":[{"href":"https:\/\/visitkristinestad.fi\/fi\/wp-json\/wp\/v2\/pages"}],"about":[{"href":"https:\/\/visitkristinestad.fi\/fi\/wp-json\/wp\/v2\/types\/page"}],"author":[{"embeddable":true,"href":"https:\/\/visitkristinestad.fi\/fi\/wp-json\/wp\/v2\/users\/1"}],"replies":[{"embeddable":true,"href":"https:\/\/visitkristinestad.fi\/fi\/wp-json\/wp\/v2\/comments?post=1365"}],"version-history":[{"count":8,"href":"https:\/\/visitkristinestad.fi\/fi\/wp-json\/wp\/v2\/pages\/1365\/revisions"}],"predecessor-version":[{"id":1699,"href":"https:\/\/visitkristinestad.fi\/fi\/wp-json\/wp\/v2\/pages\/1365\/revisions\/1699"}],"up":[{"embeddable":true,"href":"https:\/\/visitkristinestad.fi\/fi\/wp-json\/wp\/v2\/pages\/1033"}],"wp:attachment":[{"href":"https:\/\/visitkristinestad.fi\/fi\/wp-json\/wp\/v2\/media?parent=1365"}],"curies":[{"name":"wp","href":"https:\/\/api.w.org\/{rel}","templated":true}]}}