{"id":1360,"date":"2025-12-16T09:05:23","date_gmt":"2025-12-16T07:05:23","guid":{"rendered":"https:\/\/krs.viljamedia.com\/?page_id=1360"},"modified":"2026-03-02T11:05:05","modified_gmt":"2026-03-02T09:05:05","slug":"tapahtumia","status":"publish","type":"page","link":"https:\/\/visitkristinestad.fi\/fi\/koe\/tapahtumia\/","title":{"rendered":"Tapahtumia"},"content":{"rendered":"<section data-etch-element=\"section\" class=\"herosektion\"><figure class=\"herosektion__media-wrapper\"><img decoding=\"async\" src=\"https:\/\/visitkristinestad.fi\/wp-content\/uploads\/2025\/12\/Kesa2025-drone-WEB-20-1.webp\" alt=\"\" class=\"herosektion__media\"><\/img><\/figure><div data-etch-element=\"container\" data-intro-style=\"left\" class=\"section-intro-krs herosektion__intro\"><h2 class=\"badge-heading section-intro-krs__badge-heading\">Tapahtumat<\/h2><div data-etch-element=\"flex-div\" class=\"section-intro-krs__content-wrapper\"><h2 class=\"section-intro-krs__heading\">Kristiinan\u00adkaupungissa tapahtuu ymp\u00e4ri vuoden<\/h2><div data-etch-element=\"flex-div\" class=\"section-intro-krs__text-wrapper\"><p class=\"section-intro-krs__text\">Kristiinankaupunki tarjoaa ymp\u00e4ri vuoden perinteisi\u00e4 markkinoita, avoimia pihoja, hyvinvointiviikkoja, tunnelmallisia juhlia, vilkkaita kes\u00e4festivaaleja ja historiallisia teemap\u00e4ivi\u00e4. Ainutlaatuinen puutaloalue luo kaupungille l\u00e4mpim\u00e4n ja el\u00e4v\u00e4n ilmapiirin, joka kutsuu niin paikalliset kuin vierailijatkin astumaan sis\u00e4\u00e4n ja nauttimaan kaupungin tunnelmasta.<\/p><\/div><\/div><\/div><\/section><section data-etch-element=\"section\" class=\"content-section-tango\" id=\"marknader-sektion\"><div data-etch-element=\"container\" class=\"content-section-tango__inner\"><div data-etch-element=\"flex-div\" class=\"content-section-tango__content-wrapper\"><h2 class=\"content-section-tango__headline\">Markkinat<\/h2><p class=\"content-section-tango__lede\">Kristiinankaupunki on is\u00e4nn\u00f6inyt vilkkaita markkinoita vuodesta 1783 l\u00e4htien. Kristiinankaupungissa p\u00e4\u00e4set nauttimaan kev\u00e4t-, kes\u00e4- ja syysmarkkinoista, joissa on paikallista k\u00e4sity\u00f6t\u00e4, sadon antimia, hyv\u00e4\u00e4 tunnelmaa ja herkullisia makuja. \u00c4l\u00e4 j\u00e4t\u00e4 v\u00e4liin n\u00e4it\u00e4 aitoja markkinakokemuksia kaupungin vieh\u00e4tt\u00e4v\u00e4ss\u00e4 puutalo-ymp\u00e4rist\u00f6ss\u00e4.<\/p><div><h3>Varaa myyntipaikka <\/h3><p>Jos haluat varata myyntipaikan kev\u00e4t-, kes\u00e4- tai syysmarkkinoille, ota yhteytt\u00e4: Tori- ja markkinakaupan keskus Oy \u2013 www.markkina.net, p. 020 749 8700<\/p><\/div><\/div><div data-etch-element=\"flex-div\" class=\"content-section-tango__image-group\"><figure class=\"content-section-tango__figure\"><img decoding=\"async\" src=\"https:\/\/visitkristinestad.fi\/wp-content\/uploads\/2025\/12\/Kesa2025-drone-PRINT-17.webp\" alt=\"\" class=\"content-section-tango__image\"><\/img><\/figure><\/div><\/div><div data-etch-element=\"container\" class=\"marknader\"><div data-etch-element=\"flex-div\" class=\"marknader-card\"><article data-etch-element=\"flex-div\" class=\"feature-card-alpha\"><h2 class=\"feature-card-alpha__heading\">Kev\u00e4tmarkkinat<\/h2><p class=\"feature-card-alpha__description\">Kev\u00e4tmarkkinat j\u00e4rjestet\u00e4\u00e4n huhtikuun alussa. <\/p><\/article><\/div><div data-etch-element=\"flex-div\"><article data-etch-element=\"flex-div\" class=\"feature-card-alpha\"><h2 class=\"feature-card-alpha__heading\">Kes\u00e4markkinat<\/h2><p class=\"feature-card-alpha__description\">Kes\u00e4markkinat pidet\u00e4\u00e4n kolmen p\u00e4iv\u00e4n ajan juhannuksen j\u00e4lkeisen\u00e4 kolmantena viikonloppuna.<\/p><\/article><\/div><div data-etch-element=\"flex-div\"><article data-etch-element=\"flex-div\" class=\"feature-card-alpha\"><h2 class=\"feature-card-alpha__heading\">Vanhanajan torip\u00e4iv\u00e4<\/h2><p class=\"feature-card-alpha__description\">Vanhanajan torip\u00e4iv\u00e4 j\u00e4rjestet\u00e4\u00e4n aina syyskuun ensimm\u00e4isen\u00e4 lauantaina. <\/p><\/article><\/div><div data-etch-element=\"flex-div\"><article data-etch-element=\"flex-div\" class=\"feature-card-alpha\"><h2 class=\"feature-card-alpha__heading\">Syysmarkkinat<\/h2><p class=\"feature-card-alpha__description\">Syysmarkkinat pidet\u00e4\u00e4n lokakuun alussa. <\/p><\/article><\/div><\/div><\/section><section data-etch-element=\"section\" class=\"content-section-tango\" id=\"oppna-portar\"><div data-etch-element=\"container\" class=\"content-section-tango-reverse__inner\"><div data-etch-element=\"flex-div\" class=\"content-section-tango__content-wrapper\"><h2 class=\"content-section-tango__headline\">Avoimet portit<\/h2><p class=\"content-section-tango__lede\">Avoimet portit -tapahtumaj\u00e4rjest\u00e4j\u00e4 kutsuu vieraita tutustumaan upeisiin pihoihin, jotka k\u00e4tkeytyv\u00e4t suljettujen porttien taakse Kristiinankaupungissa. Tule nauttimaan kes\u00e4kuun kukkaloistosta t\u00e4ss\u00e4 vieraanvaraisessa Cittaslow-kaupungissa.<\/p><\/div><div data-etch-element=\"flex-div\" class=\"content-section-tango-reverse__image-group\"><figure class=\"content-section-tango__figure\"><img decoding=\"async\" src=\"https:\/\/visitkristinestad.fi\/wp-content\/uploads\/2025\/12\/kristiinankaupunki-koe-tapahtuma-avoimetportit-4.jpg\" alt=\"\" class=\"content-section-tango__image\"><\/img><\/figure><\/div><\/div><\/section><section data-etch-element=\"section\" class=\"content-section-tango\" id=\"self-care-week\"><div data-etch-element=\"container\" class=\"content-section-tango__inner\"><div data-etch-element=\"flex-div\" class=\"content-section-tango__content-wrapper\"><h2 class=\"content-section-tango__headline\">Self Care Week<\/h2><p class=\"content-section-tango__lede\">Tervetuloa Self Care Week -viikolle Kristiinankaupungin kauniiseen puutaloidylliin! Viikon aikana on tarjolla monipuolisia hoitoja, aktiviteetteja ja ty\u00f6pajoja hyvinvointisi tueksi. Ota hetki itsellesi, rentoudu ja panosta omaan hyvinvointiisi.<\/p><div><h3>Lis\u00e4tietoja:<\/h3><p>Visit Kristinestad<\/p><p>visit@krs.fi<\/p><p>040 740 2311<\/p><\/div><a href=\"https:\/\/www.facebook.com\/events\/24769740909368034\" target=\"_blank\">Lue lis\u00e4\u00e4 Self Care Week 2026 tapahtumasta Facebookissa<\/a><\/div><div data-etch-element=\"flex-div\" class=\"content-section-tango__image-group\"><figure class=\"content-section-tango__figure\"><img decoding=\"async\" src=\"https:\/\/visitkristinestad.fi\/wp-content\/uploads\/2025\/12\/KRS-jpg-5.webp\" alt=\"\" class=\"content-section-tango__image\"><\/img><\/figure><\/div><\/div><\/section><section data-etch-element=\"section\" class=\"content-section-kstad\"><h2 class=\"content-section-kstad__heading\">Juhlat Kristiinankaupungissa<\/h2><div data-etch-element=\"container\" class=\"content-section-kstad__inner\"><div data-etch-element=\"flex-div\" class=\"content-section-kstad__content-card\"><h3 class=\"content-section-kstad__headline\">Joulu<\/h3><figure class=\"content-section-tango__figure content-section-kstad__figure\"><img decoding=\"async\" src=\"https:\/\/visitkristinestad.fi\/wp-content\/uploads\/2025\/12\/IMG-7951.webp\" alt=\"\" class=\"content-section-tango__image content-section-kstad__image\"><\/img><\/figure><p class=\"content-section-tango__lede content-section-kstad__lede\">Kristiinankaupungissa joulu on taianomainen ja tunnelmallinen. Kaduilla ja kujilla her\u00e4\u00e4 eloon joulun taika, kun puodit, kodit ja pienet kaupat pukeutuvat juhlaan. Ja tietenkin my\u00f6s joulupukki l\u00f6yt\u00e4\u00e4 hetken piipahtaakseen kaupungissa!<\/p><p class=\"content-section-kstad__text\">Seuraa El\u00e4v\u00e4 Joulukalenteri -reitti\u00e4 ja ihaile p\u00e4ivitt\u00e4in avautuvia, kauniisti koristeltuja ikkunoita, jotka levitt\u00e4v\u00e4t l\u00e4mp\u00f6\u00e4 ja jouluiloa historiallisiin puutalokortteleihin.<\/p><\/div><div data-etch-element=\"flex-div\" class=\"content-section-kstad__content-card\"><h3 class=\"content-section-kstad__headline\">P\u00e4\u00e4si\u00e4inen<\/h3><figure class=\"content-section-tango__figure content-section-kstad__figure\"><img decoding=\"async\" src=\"https:\/\/visitkristinestad.fi\/wp-content\/uploads\/2025\/12\/kristiina-elamyksia-tapahtumia-paasiainen2.jpg\" alt=\"\" class=\"content-section-tango__image content-section-kstad__image\"><\/img><\/figure><p class=\"content-section-tango__lede content-section-kstad__lede\">Hauska perinne on j\u00e4rjest\u00e4\u00e4 p\u00e4\u00e4si\u00e4islauantaina tapaaminen alueen p\u00e4\u00e4si\u00e4ishulinoille Raatihuoneenpuistossa, kun pienet p\u00e4\u00e4si\u00e4isnoidat kokoontuvat odottamaan matkaa Ky\u00f6pelinvuorelle. Ohjelmassa on leikkimielisi\u00e4 liikuntahetki\u00e4, paraati puistossa ja lopuksi palkintoja p\u00e4\u00e4si\u00e4isheikoille ja noidille \u2014 koko tapahtuma pilke silm\u00e4kulmassa.<\/p><\/div><div data-etch-element=\"flex-div\" class=\"content-section-kstad__content-card\"><h3 class=\"content-section-kstad__headline\">Merip\u00e4iv\u00e4<\/h3><figure class=\"content-section-tango__figure content-section-kstad__figure\"><img decoding=\"async\" src=\"https:\/\/visitkristinestad.fi\/wp-content\/uploads\/2025\/12\/Kesa2025-markkinat-PRINT-3.webp\" alt=\"\" class=\"content-section-tango__image content-section-kstad__image\"><\/img><\/figure><p class=\"content-section-tango__lede content-section-kstad__lede\">28. kes\u00e4kuuta Rantabulevardi her\u00e4\u00e4 eloon veneiden, musiikin, makujen ja kaikenik\u00e4isille sopivien aktiviteettien t\u00e4ytt\u00e4m\u00e4ksi kohtaamispaikaksi.\u00a0P\u00e4\u00e4set tapaamaan kalastajia ja sukeltajia, tutustumaan yksityisveneisiin, paloauton alukseen ja uuteen charter-veneeseen. Voit testata onneasi kalastuksessa tai kokeilla navigointia pienveneill\u00e4. Saunakokemus ja virkist\u00e4v\u00e4 pulaus kaupungin lahteen kruunaavat p\u00e4iv\u00e4n.<\/p><p class=\"content-section-kstad__text\">\u00c4l\u00e4 my\u00f6sk\u00e4\u00e4n ohita suosittua Poker Run -seikkailua, joka kutsuu mukaan kajakit, SUP-laudat ja soutuveneet. Yhdess\u00e4 luomme p\u00e4iv\u00e4n, joka on t\u00e4ynn\u00e4 iloa, yhteis\u00f6llisyytt\u00e4 ja meren riemua.<\/p><\/div><div data-etch-element=\"flex-div\" class=\"content-section-kstad__content-card\"><h3 class=\"content-section-kstad__headline\">Vanhanajan p\u00e4iv\u00e4<\/h3><figure class=\"content-section-tango__figure content-section-kstad__figure\"><img decoding=\"async\" src=\"https:\/\/visitkristinestad.fi\/wp-content\/uploads\/2025\/12\/Gammaldags-torgdag2.jpg\" alt=\"\" class=\"content-section-tango__image content-section-kstad__image\"><\/img><\/figure><p class=\"content-section-tango__lede content-section-kstad__lede\">Kristiinankaupungissa, kulttuuriperint\u00f6jen ja ymp\u00e4rist\u00f6jen aarreaitassa, j\u00e4rjestet\u00e4\u00e4n perinteisesti Vanhanajan p\u00e4iv\u00e4 syyskuun ensimm\u00e4isen\u00e4 lauantaina. Myynnin ohella puutalokorttelit t\u00e4yttyv\u00e4t ohjelmasta ja el\u00e4myksist\u00e4, jotka tarjoavat n\u00e4ht\u00e4v\u00e4\u00e4 ja koettavaa kaikenik\u00e4isille vierailijoille.<\/p><p class=\"content-section-kstad__text\">Myynti tapahtuu Lebellin Kauppiaantalo puutarhassa.<\/p><p class=\"content-section-kstad__text\">Myyntipaikkoja voi varata ottamalla yhteytt\u00e4 Visit Kristinestadiin p. 040 740 2311.<\/p><\/div><\/div><\/section>","protected":false},"excerpt":{"rendered":"","protected":false},"author":1,"featured_media":0,"parent":1033,"menu_order":0,"comment_status":"closed","ping_status":"closed","template":"","meta":{"_acf_changed":false,"slim_seo":{"title":"Tapahtumia - Visit Kristinestad","description":""},"footnotes":""},"class_list":["post-1360","page","type-page","status-publish","hentry"],"acf":[],"_links":{"self":[{"href":"https:\/\/visitkristinestad.fi\/fi\/wp-json\/wp\/v2\/pages\/1360","targetHints":{"allow":["GET"]}}],"collection":[{"href":"https:\/\/visitkristinestad.fi\/fi\/wp-json\/wp\/v2\/pages"}],"about":[{"href":"https:\/\/visitkristinestad.fi\/fi\/wp-json\/wp\/v2\/types\/page"}],"author":[{"embeddable":true,"href":"https:\/\/visitkristinestad.fi\/fi\/wp-json\/wp\/v2\/users\/1"}],"replies":[{"embeddable":true,"href":"https:\/\/visitkristinestad.fi\/fi\/wp-json\/wp\/v2\/comments?post=1360"}],"version-history":[{"count":7,"href":"https:\/\/visitkristinestad.fi\/fi\/wp-json\/wp\/v2\/pages\/1360\/revisions"}],"predecessor-version":[{"id":1986,"href":"https:\/\/visitkristinestad.fi\/fi\/wp-json\/wp\/v2\/pages\/1360\/revisions\/1986"}],"up":[{"embeddable":true,"href":"https:\/\/visitkristinestad.fi\/fi\/wp-json\/wp\/v2\/pages\/1033"}],"wp:attachment":[{"href":"https:\/\/visitkristinestad.fi\/fi\/wp-json\/wp\/v2\/media?parent=1360"}],"curies":[{"name":"wp","href":"https:\/\/api.w.org\/{rel}","templated":true}]}}