{"id":1033,"date":"2025-12-09T21:28:59","date_gmt":"2025-12-09T19:28:59","guid":{"rendered":"https:\/\/krs.viljamedia.com\/?page_id=1033"},"modified":"2026-01-09T06:00:37","modified_gmt":"2026-01-09T06:00:37","slug":"koe","status":"publish","type":"page","link":"https:\/\/visitkristinestad.fi\/fi\/koe\/","title":{"rendered":"Koe"},"content":{"rendered":"<section data-etch-element=\"section\" class=\"herosektion\"><figure class=\"herosektion__media-wrapper\"><img decoding=\"async\" src=\"https:\/\/visitkristinestad.fi\/wp-content\/uploads\/2025\/12\/Kesa2025-PRINT-1.webp\" alt=\"\" class=\"herosektion__media\"><\/img><\/figure><div data-etch-element=\"container\" data-intro-style=\"left\" class=\"section-intro-krs herosektion__intro\"><h2 class=\"badge-heading section-intro-krs__badge-heading\">Tule kokemaan<\/h2><div data-etch-element=\"flex-div\" class=\"section-intro-krs__content-wrapper\"><h2 class=\"section-intro-krs__heading\">Koe Kristiinan\u00adkaupunki. Anna ajan pys\u00e4hty\u00e4 hetkeksi.<\/h2><div data-etch-element=\"flex-div\" class=\"section-intro-krs__text-wrapper\"><p class=\"section-intro-krs__text\">T\u00e4\u00e4ll\u00e4 historia ja nykyaika kohtaavat kaupungissa, jossa el\u00e4m\u00e4n rytmi on lempe\u00e4 ja l\u00e4sn\u00e4olo vahvaa. Kristiinankaupunki on paikka, jossa jokainen askel avaa uuden tarinan \u2014 ihmisist\u00e4, merest\u00e4 ja arjen kauneudesta. Kulje mukulakivikaduilla, sukella digitaaliseen kaupunkikierrokseen tai liity oppaan seuraan kuulemaan kaupungin tarinoita ja salaisuuksia.<\/p><\/div><\/div><\/div><\/section><section data-etch-element=\"section\" class=\"cta-section\"><div data-etch-element=\"container\" class=\"cta-alpha\"><div data-etch-element=\"flex-div\" class=\"cta-alpha__content-wrapper\"><h2 class=\"cta-alpha__heading\">Digitaalinen kaupunkikierros<\/h2><p class=\"cta-alpha__text\">Digitaalisen kaupunkikierroksen avulla voit kulkea omaan tahtiisi, antaa kartan johdattaa ja kokea Kristiinankaupungin ainutlaatuisen tunnelman sek\u00e4 tekstin ett\u00e4 \u00e4\u00e4nen kautta. Se on t\u00e4ydellinen valinta vierailijoille, jotka haluavat syventy\u00e4 kaupungin tarinoihin ja saada vierailustaan viel\u00e4 enemm\u00e4n irti<\/p><a href=\"https:\/\/www.krsdigimap.com\/\" class=\"btn--accent\" target=\"_blank\">KRS Digimap<\/a><\/div><figure data-etch-element=\"flex-div\" class=\"cta-alpha__media-wrapper\"><img decoding=\"async\" src=\"https:\/\/visitkristinestad.fi\/wp-content\/uploads\/2025\/12\/Avoimet-portit-kartta3.jpeg\" alt=\"\" class=\"cta-alpha__image\"><\/img><\/figure><\/div><\/section><section data-etch-element=\"section\" class=\"feature-section-frankfurt\"><div data-etch-element=\"container\" class=\"feature-section-frankfurt__content-wrapper\"><div data-etch-element=\"container\" class=\"feature-section-frankfurt__content-inner\"><div data-etch-element=\"flex-div\" class=\"feature-section-frankfurt__media-group\"><div class=\"feature-section-frankfurt__figure\"><img decoding=\"async\" src=\"https:\/\/visitkristinestad.fi\/wp-content\/uploads\/2025\/12\/kristiinank.-koe-nahtavyys-kirkko-3.webp\" class=\"feature-section-frankfurt__media\" alt=\"\"><\/img><\/div><div class=\"feature-section-frankfurt__figure\"><img decoding=\"async\" src=\"https:\/\/visitkristinestad.fi\/wp-content\/uploads\/2025\/12\/IMG-7951.webp\" class=\"feature-section-frankfurt__media\" alt=\"\"><\/img><\/div><div class=\"feature-section-frankfurt__figure\"><img decoding=\"async\" src=\"https:\/\/visitkristinestad.fi\/wp-content\/uploads\/2025\/12\/Kristiinankaupunki-kesakuvat-2021-tayskoko-35-2.webp\" class=\"feature-section-frankfurt__media\" alt=\"\"><\/img><\/div><\/div><ul data-etch-element=\"flex-div\" class=\"feature-section-frankfurt__feature-list\"><li class=\"feature-section-frankfurt__feature-list-item\"><article data-etch-element=\"flex-div\" class=\"feature-card-alpha\"><h2 class=\"feature-card-alpha__heading\">N\u00e4ht\u00e4v\u00e4\u00e4<\/h2><p class=\"feature-card-alpha__description\">Tutustu Kristiinankaupungin rikkaaseen historiaan ja vieh\u00e4tt\u00e4v\u00e4\u00e4n puutalomilj\u00f6\u00f6seen. Kulje vanhan kivisillan yli, vaella kapeilla kujilla ja anna rakennusten, n\u00e4kymien ja ainutlaatuisen tunnelman lumota. Kristiinankaupunki on yksi maan tunnelmallisimmista vierailukohteista, jossa sinua odottavat kulttuuri, luonto ja historialliset aarteet.<\/p><a href=\"\/fi\/koe\/nahtavaa\/\" class=\"feature-card-alpha__cta\">Lue lis\u00e4\u00e4 <svg width=\"16\" height=\"16\" fill=\"currentColor\" class=\"bi bi-arrow-right\" viewBox=\"0 0 16 16\"><path fill-rule=\"evenodd\" d=\"M1 8a.5.5 0 0 1 .5-.5h11.793l-3.147-3.146a.5.5 0 0 1 .708-.708l4 4a.5.5 0 0 1 0 .708l-4 4a.5.5 0 0 1-.708-.708L13.293 8.5H1.5A.5.5 0 0 1 1 8\"><\/path><\/svg> <\/a><\/article><\/li><li class=\"feature-section-frankfurt__feature-list-item\"><article data-etch-element=\"flex-div\" class=\"feature-card-alpha\"><h2 class=\"feature-card-alpha__heading\">Tapahtumia<\/h2><p class=\"feature-card-alpha__description\">Kristiinankaupunki tarjoaa ymp\u00e4ri vuoden perinteisi\u00e4 markkinoita, avoimia pihoja, hyvinvointiviikkoja, tunnelmallisia juhlap\u00e4ivi\u00e4, kes\u00e4isi\u00e4 festivaaleja ja historiallisia teemap\u00e4ivi\u00e4. Yhdess\u00e4 n\u00e4m\u00e4 tapahtumat luovat l\u00e4mpim\u00e4n ja el\u00e4v\u00e4n ilmapiirin, joka houkuttelee niin paikallisia kuin vierailijoita nauttimaan kaupungin ainutlaatuisesta puutalomilj\u00f6\u00f6st\u00e4.<\/p><a href=\"\/fi\/koe\/tapahtumia\/\" class=\"feature-card-alpha__cta\">Lue lis\u00e4\u00e4 <svg width=\"16\" height=\"16\" fill=\"currentColor\" class=\"bi bi-arrow-right\" viewBox=\"0 0 16 16\"><path fill-rule=\"evenodd\" d=\"M1 8a.5.5 0 0 1 .5-.5h11.793l-3.147-3.146a.5.5 0 0 1 .708-.708l4 4a.5.5 0 0 1 0 .708l-4 4a.5.5 0 0 1-.708-.708L13.293 8.5H1.5A.5.5 0 0 1 1 8\"><\/path><\/svg> <\/a><\/article><\/li><li class=\"feature-section-frankfurt__feature-list-item\"><article data-etch-element=\"flex-div\" class=\"feature-card-alpha\"><h2 class=\"feature-card-alpha__heading\">Opastukset<\/h2><p class=\"feature-card-alpha__description\">Kristiinankaupungin Opasyhdistys ry tarjoaa 15 auktorisoitua opasta, jotka johdattavat vierailijat kaupungin historiaan ja n\u00e4ht\u00e4vyyksiin ruotsiksi, suomeksi, englanniksi, viroksi, espanjaksi, ven\u00e4j\u00e4ksi tai ranskaksi. Tarjolla on sek\u00e4 perinteisi\u00e4 kaupunkikierroksia ett\u00e4 erilaisia teemakierroksia lapsille ja aikuisille. Kierrokset voidaan toteuttaa k\u00e4vellen ja\/tai bussilla.<\/p><a href=\"\/fi\/koe\/opastus\/\" class=\"feature-card-alpha__cta\">Lue lis\u00e4\u00e4 <svg width=\"16\" height=\"16\" fill=\"currentColor\" class=\"bi bi-arrow-right\" viewBox=\"0 0 16 16\"><path fill-rule=\"evenodd\" d=\"M1 8a.5.5 0 0 1 .5-.5h11.793l-3.147-3.146a.5.5 0 0 1 .708-.708l4 4a.5.5 0 0 1 0 .708l-4 4a.5.5 0 0 1-.708-.708L13.293 8.5H1.5A.5.5 0 0 1 1 8\"><\/path><\/svg> <\/a><\/article><\/li><li class=\"feature-section-frankfurt__feature-list-item\"><article data-etch-element=\"flex-div\" class=\"feature-card-alpha\"><h2 class=\"feature-card-alpha__heading\">Outdoor<\/h2><p class=\"feature-card-alpha__description\">Kristiinankaupungissa kohtaat puhtaan suomalaisen luonnon ja meren l\u00e4heisyyden kaikkialla. T\u00e4\u00e4ll\u00e4 sinua odottavat rauhalliset mets\u00e4t, avoimet maisemat, raikkaat merituulet ja levolliset rannat \u2013 t\u00e4ydellinen yhdistelm\u00e4 rentoutumista ja aktiivisia el\u00e4myksi\u00e4.<\/p><a href=\"\/fi\/koe\/outdoor\/\" class=\"feature-card-alpha__cta\">Lue lis\u00e4\u00e4 <svg width=\"16\" height=\"16\" fill=\"currentColor\" class=\"bi bi-arrow-right\" viewBox=\"0 0 16 16\"><path fill-rule=\"evenodd\" d=\"M1 8a.5.5 0 0 1 .5-.5h11.793l-3.147-3.146a.5.5 0 0 1 .708-.708l4 4a.5.5 0 0 1 0 .708l-4 4a.5.5 0 0 1-.708-.708L13.293 8.5H1.5A.5.5 0 0 1 1 8\"><\/path><\/svg> <\/a><\/article><\/li><li class=\"feature-section-frankfurt__feature-list-item\"><article data-etch-element=\"flex-div\" class=\"feature-card-alpha\"><h2 class=\"feature-card-alpha__heading\">Luonto &amp; Meri<\/h2><p class=\"feature-card-alpha__description\">Kristiinankaupungissa yhdistyv\u00e4t puhdas suomalainen luonto, el\u00e4v\u00e4 maaseutu ja raikkaat merituulet, jotka kutsuvat rentoutumaan ja seikkailemaan ymp\u00e4ri vuoden. Vaella hiljaisissa metsiss\u00e4, py\u00f6r\u00e4ile rannikkoa pitkin, kohtaa laiduntavia el\u00e4imi\u00e4, nauti piknikist\u00e4 vehreydess\u00e4 tai kasta varpaat meress\u00e4.<\/p><a href=\"\/fi\/koe\/outdoor\/#luonto-meri\" class=\"feature-card-alpha__cta\">Lue lis\u00e4\u00e4 <svg width=\"16\" height=\"16\" fill=\"currentColor\" class=\"bi bi-arrow-right\" viewBox=\"0 0 16 16\"><path fill-rule=\"evenodd\" d=\"M1 8a.5.5 0 0 1 .5-.5h11.793l-3.147-3.146a.5.5 0 0 1 .708-.708l4 4a.5.5 0 0 1 0 .708l-4 4a.5.5 0 0 1-.708-.708L13.293 8.5H1.5A.5.5 0 0 1 1 8\"><\/path><\/svg> <\/a><\/article><\/li><li class=\"feature-section-frankfurt__feature-list-item\"><article data-etch-element=\"flex-div\" class=\"feature-card-alpha\"><h2 class=\"feature-card-alpha__heading\">Vierassatama<\/h2><p class=\"feature-card-alpha__description\">Meri on aina l\u00e4hell\u00e4 Kristiinankaupungissa \u2013 niin keskustassa kuin maaseudullakin. Merenkulku on ollut t\u00e4rke\u00e4 osa kaupungin historiaa, ja vierailijat arvostavat meren l\u00e4heisyytt\u00e4. Kaupungin viihtyis\u00e4 vierassatama, joka on my\u00f6s Roope-satama, sijaitsee aivan rantapromenadin tuntumassa.<\/p><a href=\"\/fi\/koe\/vierassatama\" class=\"feature-card-alpha__cta\">Lue lis\u00e4\u00e4 <svg width=\"16\" height=\"16\" fill=\"currentColor\" class=\"bi bi-arrow-right\" viewBox=\"0 0 16 16\"><path fill-rule=\"evenodd\" d=\"M1 8a.5.5 0 0 1 .5-.5h11.793l-3.147-3.146a.5.5 0 0 1 .708-.708l4 4a.5.5 0 0 1 0 .708l-4 4a.5.5 0 0 1-.708-.708L13.293 8.5H1.5A.5.5 0 0 1 1 8\"><\/path><\/svg> <\/a><\/article><\/li><\/ul><\/div><\/div><div data-etch-element=\"container\" class=\"slogan\"><h2 class=\"slogan__heading\">Koe. Majoitu. Sy\u00f6. Hengit\u00e4.<\/h2><p class=\"slogan__text\">Tarinasi alkaa t\u00e4st\u00e4.<\/p><\/div><\/section>","protected":false},"excerpt":{"rendered":"","protected":false},"author":1,"featured_media":0,"parent":0,"menu_order":0,"comment_status":"closed","ping_status":"closed","template":"","meta":{"_acf_changed":false,"slim_seo":{"title":"Koe - Visit Kristinestad","description":""},"footnotes":""},"class_list":["post-1033","page","type-page","status-publish","hentry"],"acf":[],"_links":{"self":[{"href":"https:\/\/visitkristinestad.fi\/fi\/wp-json\/wp\/v2\/pages\/1033","targetHints":{"allow":["GET"]}}],"collection":[{"href":"https:\/\/visitkristinestad.fi\/fi\/wp-json\/wp\/v2\/pages"}],"about":[{"href":"https:\/\/visitkristinestad.fi\/fi\/wp-json\/wp\/v2\/types\/page"}],"author":[{"embeddable":true,"href":"https:\/\/visitkristinestad.fi\/fi\/wp-json\/wp\/v2\/users\/1"}],"replies":[{"embeddable":true,"href":"https:\/\/visitkristinestad.fi\/fi\/wp-json\/wp\/v2\/comments?post=1033"}],"version-history":[{"count":6,"href":"https:\/\/visitkristinestad.fi\/fi\/wp-json\/wp\/v2\/pages\/1033\/revisions"}],"predecessor-version":[{"id":1497,"href":"https:\/\/visitkristinestad.fi\/fi\/wp-json\/wp\/v2\/pages\/1033\/revisions\/1497"}],"wp:attachment":[{"href":"https:\/\/visitkristinestad.fi\/fi\/wp-json\/wp\/v2\/media?parent=1033"}],"curies":[{"name":"wp","href":"https:\/\/api.w.org\/{rel}","templated":true}]}}