{"id":1031,"date":"2026-01-03T20:10:08","date_gmt":"2026-01-03T18:10:08","guid":{"rendered":"https:\/\/krs.viljamedia.com\/?page_id=1031"},"modified":"2026-03-17T06:14:51","modified_gmt":"2026-03-17T04:14:51","slug":"luonto-meri","status":"publish","type":"page","link":"https:\/\/visitkristinestad.fi\/fi\/koe\/luonto-meri\/","title":{"rendered":"Luonto &#038; meri"},"content":{"rendered":"<section data-etch-element=\"section\" class=\"herosektion\"><figure class=\"herosektion__media-wrapper\"><img decoding=\"async\" src=\"https:\/\/visitkristinestad.fi\/wp-content\/uploads\/2026\/01\/Kristinestad-vy.webp\" alt=\"\" class=\"herosektion__media\"><\/img><\/figure><div data-etch-element=\"container\" data-intro-style=\"left\" class=\"section-intro-krs herosektion__intro\"><h2 class=\"badge-heading section-intro-krs__badge-heading\">Luonto &amp; meri<\/h2><div data-etch-element=\"flex-div\" class=\"section-intro-krs__content-wrapper\"><h2 class=\"section-intro-krs__heading\">Once upon a time, there was a town you never wanted to leave.<\/h2><div data-etch-element=\"flex-div\" class=\"section-intro-krs__text-wrapper\"><p class=\"section-intro-krs__text\">Kristiinankaupungissa kohtaat puhtaan suomalaisen luonnon ja meren jatkuvan l\u00e4heisyyden.  T\u00e4\u00e4ll\u00e4 sinua odottaa arjen ylellisyys, jota on vaikea l\u00f6yt\u00e4\u00e4 muualta.<\/p><p class=\"section-intro-krs__text\">Tarjoamme rauhallisia metsi\u00e4, avoimia peltoja, rannikon raikkaita tuulia ja seesteisi\u00e4 rantoja, jotka kutsuvat niin rentoutumiseen kuin seikkailuun.<\/p><\/div><\/div><\/div><\/section><section data-etch-element=\"section\" class=\"content-section-quebec\" id=\"etch-guhbomt\"><div data-etch-element=\"container\" class=\"content-section-quebec__inner\"><div data-etch-element=\"flex-div\" class=\"content-section-quebec__content-wrapper smart-spacing\"><h2 class=\"content-section-quebec__heading\">Aktiivinen ulkoilu \u2013 omalla tavallasi<\/h2><div class=\"content-section-quebec__text-group smart-spacing\"><p>Aktiivinen lomailija voi vuokrata polku\u00adpy\u00f6r\u00e4n ja l\u00e4hte\u00e4 seikkailemaan pikku\u00adteit\u00e4 pitkin ymp\u00e4ri kaupunkia. Voit my\u00f6s liikkua luonnossa jalan, sill\u00e4 Kristiinan\u00adkaupungissa on useita eri vaellus\u00adreittej\u00e4: Pyh\u00e4\u00advuoren alueella on useita erilaisia ja eri pituista reittej\u00e4, Skaftungissa on luonto\u00adpolku ja Peruksessa voi k\u00e4vell\u00e4 Stor\u00adholmenin saarenymp\u00e4ri. L\u00e4hell\u00e4 keskustaa sijaitsee Tiilitehtaanm\u00e4en-Pohjois\u00adlahden luonto\u00adpolku ja Mustikka\u00admets\u00e4n liikuntarata.<\/p><\/div><a href=\"\/fi\/koe\/outdooractive\/\" class=\"btn--accent\">L\u00f6yd\u00e4t lis\u00e4\u00e4 Outdooractive:sta<\/a><\/div><div data-etch-element=\"flex-div\" class=\"content-section-quebec__media-group\"><figure class=\"content-section-quebec__media-wrapper\"><img decoding=\"async\" src=\"https:\/\/visitkristinestad.fi\/wp-content\/uploads\/2026\/01\/Tiilitehtaanmaki-Pohjoislahti-1.webp\" class=\"content-section-quebec__media\" alt=\"\"><\/img><\/figure><figure class=\"content-section-quebec__media-wrapper\"><img decoding=\"async\" src=\"https:\/\/visitkristinestad.fi\/wp-content\/uploads\/2026\/01\/277898201-1095658767832793-4484697039286991184-n2.webp\" class=\"content-section-quebec__media\" alt=\"\"><\/img><\/figure><\/div><\/div><\/section><section data-etch-element=\"section\" class=\"content-section-tango\"><div data-etch-element=\"container\" class=\"content-section-tango__inner\"><div data-etch-element=\"flex-div\" class=\"content-section-tango__content-wrapper\"><h2 class=\"content-section-tango__headline\">Pyh\u00e4vuori<\/h2><p class=\"content-section-tango__lede\">Kristiinan\u00adkaupungin keskustasta n. 15 km koilliseen sijaitsee ainut\u00adlaatuinen Pyh\u00e4\u00advuoren alue, jossa viisi vuoren\u00adhuippua kohoaa selke\u00e4sti laakean Pohjan\u00admaan yl\u00e4\u00adpuolelle. Susi\u00advuoren kupeesta on l\u00f6ydetty pinta-alaltaan Suomen suurin luola. H\u00e4mm\u00e4s\u00adtytt\u00e4v\u00e4ksi Susi\u00adluolan tekev\u00e4t sielt\u00e4 l\u00f6ydetyt neandertalin\u00adihmisen tekem\u00e4t esineet 120 000 vuoden takaa! Kyseess\u00e4 on Pohjois\u00admaiden vanhin tunnettu asuin\u00adpaikka. P\u00e4\u00e4set my\u00f6s kurkkaamaan Susi\u00adluolaan \u2013 tosin ristikon l\u00e4pi.<\/p><p class=\"hero-alpha__lede\">Pyh\u00e4\u00advuoren hiihto\u00adkeskuksesta voit kes\u00e4ll\u00e4 l\u00e4hte\u00e4\u00a0vaeltamaan merkityille reiteille. N\u00e4et j\u00e4\u00e4\u00adkauden muovaamat laajat pirun\u00adpellot, rotkot, kallio\u00adsein\u00e4t, lehdot ja rikkaan kasviston harvinaisine siperian\u00adk\u00e4rh\u00f6ineen. Talvella Pyh\u00e4\u00advuori on taas hiiht\u00e4j\u00e4n ja laskettelijan toive\u00adkohde. Pyh\u00e4\u00advuorelta l\u00f6ytyy nykyisin kolme virallista vaellus\u00adreitti\u00e4: sininen, oranssi ja keltainen reitti. Reittien merkinn\u00e4t l\u00f6ytyv\u00e4t polkua reunustavista puista.<\/p><a href=\"https:\/\/www.botombergen.fi\/fi\" target=\"_blank\" class=\"btn--accent\">Lue lis\u00e4\u00e4 Pyh\u00e4vuoren kotisivulla<\/a><\/div><div data-etch-element=\"flex-div\" class=\"content-section-tango__image-group\"><figure class=\"content-section-tango__figure\"><img decoding=\"async\" src=\"https:\/\/visitkristinestad.fi\/wp-content\/uploads\/2026\/01\/kristinestad-koe-aktiviteetit-urheilu3.jpg\" alt=\"\" class=\"content-section-tango__image\"><\/img><\/figure><\/div><\/div><\/section><section data-etch-element=\"section\" class=\"content-section-tango\"><div data-etch-element=\"container\" class=\"content-section-tango-reverse__inner\"><div data-etch-element=\"flex-div\" class=\"content-section-tango__content-wrapper\"><h2 class=\"content-section-tango__headline\">Vaellusreitit ja luontopolut<\/h2><p class=\"content-section-tango__lede\">Kristiinan\u00adkaupungissa on lukuisasti mahdollisuuksia luontoa ja ulkoilua rakastaville ihmisille!<\/p><a href=\"\/fi\/koe\/luonto-meri\/vaellusreitit\/\" class=\"btn--accent\">Vaellusreitit &amp; luontopolut<\/a><\/div><div data-etch-element=\"flex-div\" class=\"etch-vqu2gnp\"><figure class=\"content-section-tango__figure\"><img decoding=\"async\" src=\"https:\/\/visitkristinestad.fi\/wp-content\/uploads\/2026\/01\/559411129_18165223234369804_8676311447010418859_n.webp\" alt=\"\" class=\"content-section-tango__image\"><\/img><\/figure><\/div><\/div><\/section>","protected":false},"excerpt":{"rendered":"","protected":false},"author":1,"featured_media":0,"parent":1033,"menu_order":0,"comment_status":"closed","ping_status":"closed","template":"","meta":{"_acf_changed":false,"slim_seo":{"title":"Luonto & meri - Visit Kristinestad","description":""},"footnotes":""},"class_list":["post-1031","page","type-page","status-publish","hentry"],"acf":[],"_links":{"self":[{"href":"https:\/\/visitkristinestad.fi\/fi\/wp-json\/wp\/v2\/pages\/1031","targetHints":{"allow":["GET"]}}],"collection":[{"href":"https:\/\/visitkristinestad.fi\/fi\/wp-json\/wp\/v2\/pages"}],"about":[{"href":"https:\/\/visitkristinestad.fi\/fi\/wp-json\/wp\/v2\/types\/page"}],"author":[{"embeddable":true,"href":"https:\/\/visitkristinestad.fi\/fi\/wp-json\/wp\/v2\/users\/1"}],"replies":[{"embeddable":true,"href":"https:\/\/visitkristinestad.fi\/fi\/wp-json\/wp\/v2\/comments?post=1031"}],"version-history":[{"count":6,"href":"https:\/\/visitkristinestad.fi\/fi\/wp-json\/wp\/v2\/pages\/1031\/revisions"}],"predecessor-version":[{"id":1770,"href":"https:\/\/visitkristinestad.fi\/fi\/wp-json\/wp\/v2\/pages\/1031\/revisions\/1770"}],"up":[{"embeddable":true,"href":"https:\/\/visitkristinestad.fi\/fi\/wp-json\/wp\/v2\/pages\/1033"}],"wp:attachment":[{"href":"https:\/\/visitkristinestad.fi\/fi\/wp-json\/wp\/v2\/media?parent=1031"}],"curies":[{"name":"wp","href":"https:\/\/api.w.org\/{rel}","templated":true}]}}