{"id":1029,"date":"2025-12-10T00:11:53","date_gmt":"2025-12-09T22:11:53","guid":{"rendered":"https:\/\/krs.viljamedia.com\/?page_id=1029"},"modified":"2026-01-09T06:10:07","modified_gmt":"2026-01-09T06:10:07","slug":"kaupungista","status":"publish","type":"page","link":"https:\/\/visitkristinestad.fi\/fi\/kaupungista\/","title":{"rendered":"Kaupungista"},"content":{"rendered":"<section data-etch-element=\"section\" class=\"herosektion\"><figure class=\"herosektion__media-wrapper\"><img decoding=\"async\" src=\"https:\/\/visitkristinestad.fi\/wp-content\/uploads\/2025\/12\/Kaupunki-merelta-pain-2.webp\" alt=\"\" class=\"herosektion__media\"><\/img><\/figure><div data-etch-element=\"container\" data-intro-style=\"left\" class=\"section-intro-krs herosektion__intro\"><h2 class=\"badge-heading section-intro-krs__badge-heading\">Tietoa Kristiinankaupungista<\/h2><div data-etch-element=\"flex-div\" class=\"section-intro-krs__content-wrapper\"><h2 class=\"section-intro-krs__heading\">Kristiinankaupungissa tunnet el\u00e4v\u00e4si hieman enemm\u00e4n.<\/h2><div data-etch-element=\"flex-div\" class=\"section-intro-krs__text-wrapper\"><p class=\"section-intro-krs__text\">Kristiinankaupunki \u2013 Kulttuurikohde meren rannalla. Kaupungin ymp\u00e4rill\u00e4 levitt\u00e4ytyy el\u00e4v\u00e4 kulttuurimaisema: hedelm\u00e4lliset pellot, vahvat perinteet ja kaksikielinen kulttuuri, joka el\u00e4\u00e4 musiikin, yhdistysten ja paikallisen ylpeyden voimasta. T\u00e4\u00e4ll\u00e4 historia, vieh\u00e4tysvoima ja aito el\u00e4m\u00e4ntunne kietoutuvat yhteen.<\/p><p class=\"section-intro-krs__text\">Kristiinankaupunki on osa kansainv\u00e4list\u00e4 Cittaslow-verkostoa, joka edist\u00e4\u00e4 hitaampaa ja kest\u00e4v\u00e4mp\u00e4\u00e4 el\u00e4m\u00e4ntapaa korostaen el\u00e4m\u00e4nlaatua ja paikallista kulttuuria. Vuonna 1999 Italiassa perustettu Cittaslow-liike painottaa rauhaa, ymp\u00e4rist\u00f6n kunnioitusta ja perinteiden vaalimista.<\/p><\/div><\/div><\/div><\/section><section data-etch-element=\"section\" id=\"etch-frc2b00\"><div data-etch-element=\"container\"><div data-etch-element=\"container\" class=\"cta-alpha\"><div data-etch-element=\"flex-div\" class=\"cta-alpha__content-wrapper\"><h2 class=\"cta-alpha__heading\">Kristiinankaupungissa Cittaslow Tarkoittaa:<\/h2><ul><li class=\"cta-alpha__text\">El\u00e4m\u00e4 saa olla rauhallista ja stressit\u00f6nt\u00e4<\/li><li class=\"cta-alpha__text\">Paikalliset tuotteet ja k\u00e4sity\u00f6t etusijalla<\/li><li class=\"cta-alpha__text\">Ymp\u00e4rist\u00f6\u00e4 ja kulttuuriperint\u00f6\u00e4 vaalitaan<\/li><\/ul><p>Cittaslow tekee Kristinestadista ainutlaatuisen ja vieraanvaraisen kaupungin, jossa sek\u00e4 asukkaat ett\u00e4 vierailijat voivat nauttia aidosta ja hitaammasta el\u00e4m\u00e4nrytmist\u00e4. K\u00e4vele historiallisissa kortteleissa, maistele paikallisia herkkuja ja koe yhteis\u00f6llisyytt\u00e4.<\/p><\/div><figure data-etch-element=\"flex-div\" class=\"cta-alpha__media-wrapper\"><img decoding=\"async\" src=\"https:\/\/visitkristinestad.fi\/wp-content\/uploads\/2025\/12\/cittaslow-padding.webp\" alt=\"\" class=\"cta-alpha__image\"><\/img><\/figure><\/div><\/div><\/section><section data-etch-element=\"section\"><div data-etch-element=\"container\"><div data-etch-element=\"container\" class=\"slogan\"><h2 class=\"slogan__heading\">Koe. Majoitu. Sy\u00f6. Hengit\u00e4.<\/h2><p class=\"slogan__text\">Tarinasi alkaa t\u00e4st\u00e4.<\/p><\/div><\/div><\/section>","protected":false},"excerpt":{"rendered":"","protected":false},"author":1,"featured_media":0,"parent":0,"menu_order":0,"comment_status":"closed","ping_status":"closed","template":"","meta":{"_acf_changed":false,"slim_seo":{"title":"Kaupungista - Visit Kristinestad","description":""},"footnotes":""},"class_list":["post-1029","page","type-page","status-publish","hentry"],"acf":[],"_links":{"self":[{"href":"https:\/\/visitkristinestad.fi\/fi\/wp-json\/wp\/v2\/pages\/1029","targetHints":{"allow":["GET"]}}],"collection":[{"href":"https:\/\/visitkristinestad.fi\/fi\/wp-json\/wp\/v2\/pages"}],"about":[{"href":"https:\/\/visitkristinestad.fi\/fi\/wp-json\/wp\/v2\/types\/page"}],"author":[{"embeddable":true,"href":"https:\/\/visitkristinestad.fi\/fi\/wp-json\/wp\/v2\/users\/1"}],"replies":[{"embeddable":true,"href":"https:\/\/visitkristinestad.fi\/fi\/wp-json\/wp\/v2\/comments?post=1029"}],"version-history":[{"count":7,"href":"https:\/\/visitkristinestad.fi\/fi\/wp-json\/wp\/v2\/pages\/1029\/revisions"}],"predecessor-version":[{"id":1505,"href":"https:\/\/visitkristinestad.fi\/fi\/wp-json\/wp\/v2\/pages\/1029\/revisions\/1505"}],"wp:attachment":[{"href":"https:\/\/visitkristinestad.fi\/fi\/wp-json\/wp\/v2\/media?parent=1029"}],"curies":[{"name":"wp","href":"https:\/\/api.w.org\/{rel}","templated":true}]}}