{"id":1026,"date":"2026-01-02T20:42:39","date_gmt":"2026-01-02T20:42:39","guid":{"rendered":"https:\/\/krs.viljamedia.com\/?page_id=1026"},"modified":"2026-01-09T06:12:06","modified_gmt":"2026-01-09T06:12:06","slug":"yhteystiedot","status":"publish","type":"page","link":"https:\/\/visitkristinestad.fi\/fi\/yhteystiedot\/","title":{"rendered":"Yhteystiedot"},"content":{"rendered":"<section data-etch-element=\"section\" class=\"herosektion\"><figure class=\"herosektion__media-wrapper\"><img decoding=\"async\" src=\"https:\/\/visitkristinestad.fi\/wp-content\/uploads\/2026\/01\/Kesa2025-drone-PRINT.webp\" alt=\"\" class=\"herosektion__media\"><\/img><\/figure><div data-etch-element=\"container\" data-intro-style=\"left\" class=\"section-intro-krs herosektion__intro\"><h2 class=\"badge-heading section-intro-krs__badge-heading\">Ota yhteytt\u00e4<\/h2><div data-etch-element=\"flex-div\" class=\"section-intro-krs__content-wrapper\"><h2 class=\"section-intro-krs__heading\">Kolmen t\u00e4hden matkailu\u00adtoimistomme palvelee sinua ymp\u00e4ri vuoden.<\/h2><div data-etch-element=\"flex-div\" class=\"section-intro-krs__text-wrapper\"><p class=\"section-intro-krs__text\">Kristiinan\u00adkaupungin matkailu\u00adneuvonta sijaitsee vierasvenelaituria vastap\u00e4\u00e4t\u00e4, osoitteessa Merikatu 49. T\u00e4\u00e4lt\u00e4 saat neuvoja ja tietoa kaupungin tapahtumista, k\u00e4ynti\u00adkohteista ja muista n\u00e4ht\u00e4vyyksist\u00e4. Kerromme eri majoitus\u00advaihto\u00adehdoista, annamme vinkkej\u00e4 ravintoloista, vaellus\u00adreiteist\u00e4, uima\u00adrannoista sek\u00e4 monesta muusta. Osaava henkil\u00f6\u00adkuntamme auttaa teit\u00e4 mielell\u00e4\u00e4n!<\/p><\/div><\/div><\/div><\/section><section data-etch-element=\"section\" class=\"contact-section\"><div data-etch-element=\"container\" class=\"contact-section__container\"><h2 class=\"contact-section__heading\">Osoite ja yhteystiedot:<\/h2><div data-etch-element=\"flex-div\" class=\"contact-section__contact-card\"><div data-etch-element=\"flex-div\" class=\"contact-section__left-wrapper\"><div class=\"contact-section__div\"><h3 class=\"contact-section__heading\">Matkailuneuvoja:<\/h3><p class=\"contact-section__text\">Helena Patoranta<\/p><\/div><div class=\"contact-section__div\"><h3 class=\"contact-section__heading\">Puhelin:<\/h3><p class=\"contact-section__text\">+358 40 740 2311<\/p><\/div><div class=\"contact-section__div\"><h3 class=\"contact-section__heading\">S\u00e4hk\u00f6posti:<\/h3><p class=\"contact-section__text\">visit@krs.fi<\/p><\/div><\/div><div data-etch-element=\"flex-div\" class=\"contact-section__right-wrapper\"><div class=\"contact-section__div\"><h3 class=\"contact-section__heading\">Osoite:<\/h3><p class=\"contact-section__text\">Merikatu 49<\/p><p class=\"contact-section__text\">64100 Kristiinankaupunki<\/p><\/div><div class=\"contact-section__div\"><h3 class=\"contact-section__heading\">Avoinna:<\/h3><p class=\"contact-section__text\">Ma-pe klo. 10\u201316<\/p><\/div><\/div><\/div><\/div><\/section><section data-etch-element=\"section\" class=\"info-section\"><div data-etch-element=\"container\" class=\"info-section__container\"><div data-etch-element=\"flex-div\" class=\"info-section__left-wrapper\"><div><h3 class=\"info-section__heading\">Varaa opastus<\/h3><p class=\"info-section__text\">Voit my\u00f6s varata opastettuja kierroksia sek\u00e4 lapsille ett\u00e4 aikuisille. Rouva Starck opastaa viihtyis\u00e4ss\u00e4 puutaloymp\u00e4rist\u00f6ss\u00e4, ja kissa Oscar opettaa lapsille leikkis\u00e4ll\u00e4 tavalla Kristinestadin historiaa.<\/p><\/div><div><p class=\"info-section__text\">N\u00e4m\u00e4 opastukset tulee varata viikkoa etuk\u00e4teen, mutta opastettuja k\u00e4velyretki\u00e4 voi tehd\u00e4 my\u00f6s itse k\u00e4sikirjojen \u201dInblickar i Kristinestads historia\u201d ja \u201dStaden runt med skeppsmusen Lassi\u201d avulla.<\/p><\/div><\/div><div data-etch-element=\"flex-div\" class=\"info-section__right-wrapper\"><div class=\"info-section__content-wrapper\"><h3 class=\"info-section__heading\">Kartat ja esitteet<\/h3><p class=\"info-section__text\">Meilt\u00e4 l\u00f6yd\u00e4t karttoja, esitteit\u00e4 ja informatiivisia opaskirjoja.<\/p><\/div><div class=\"info-section__content-wrapper\"><h3 class=\"info-section__heading\">Wifi<\/h3><p class=\"info-section__text\">Meill\u00e4 voit k\u00e4ytt\u00e4\u00e4 langatonta internetyhteytt\u00e4 tai asiakkaan k\u00e4ytett\u00e4viss\u00e4 olevaa tietokonetta.<\/p><\/div><div class=\"info-section__content-wrapper\"><h3 class=\"info-section__heading\">Py\u00f6r\u00e4vuokraus<\/h3><p class=\"info-section__text\">Vuokraamme my\u00f6s polkupy\u00f6ri\u00e4 ja niiden lis\u00e4varusteita.<\/p><\/div><\/div><\/div><\/section><section data-etch-element=\"section\" id=\"etch-shxvuv9\"><div data-etch-element=\"container\"><div data-etch-element=\"container\" class=\"slogan\"><h2 class=\"slogan__heading\">Tervetuloa sis\u00e4\u00e4n!<\/h2><p class=\"slogan__text\">Tarinasi alkaa t\u00e4st\u00e4.<\/p><\/div><\/div><\/section>","protected":false},"excerpt":{"rendered":"","protected":false},"author":1,"featured_media":0,"parent":0,"menu_order":0,"comment_status":"closed","ping_status":"closed","template":"","meta":{"_acf_changed":false,"slim_seo":{"title":"Yhteystiedot - Visit Kristinestad","description":""},"footnotes":""},"class_list":["post-1026","page","type-page","status-publish","hentry"],"acf":[],"_links":{"self":[{"href":"https:\/\/visitkristinestad.fi\/fi\/wp-json\/wp\/v2\/pages\/1026","targetHints":{"allow":["GET"]}}],"collection":[{"href":"https:\/\/visitkristinestad.fi\/fi\/wp-json\/wp\/v2\/pages"}],"about":[{"href":"https:\/\/visitkristinestad.fi\/fi\/wp-json\/wp\/v2\/types\/page"}],"author":[{"embeddable":true,"href":"https:\/\/visitkristinestad.fi\/fi\/wp-json\/wp\/v2\/users\/1"}],"replies":[{"embeddable":true,"href":"https:\/\/visitkristinestad.fi\/fi\/wp-json\/wp\/v2\/comments?post=1026"}],"version-history":[{"count":4,"href":"https:\/\/visitkristinestad.fi\/fi\/wp-json\/wp\/v2\/pages\/1026\/revisions"}],"predecessor-version":[{"id":1506,"href":"https:\/\/visitkristinestad.fi\/fi\/wp-json\/wp\/v2\/pages\/1026\/revisions\/1506"}],"wp:attachment":[{"href":"https:\/\/visitkristinestad.fi\/fi\/wp-json\/wp\/v2\/media?parent=1026"}],"curies":[{"name":"wp","href":"https:\/\/api.w.org\/{rel}","templated":true}]}}