{"id":1024,"date":"2026-01-03T21:47:48","date_gmt":"2026-01-03T19:47:48","guid":{"rendered":"https:\/\/krs.viljamedia.com\/?page_id=1024"},"modified":"2026-03-17T06:14:51","modified_gmt":"2026-03-17T04:14:51","slug":"vierassatama","status":"publish","type":"page","link":"https:\/\/visitkristinestad.fi\/fi\/koe\/vierassatama\/","title":{"rendered":"Vierassatama"},"content":{"rendered":"<section data-etch-element=\"section\" class=\"herosektion\"><figure class=\"herosektion__media-wrapper\"><img decoding=\"async\" src=\"https:\/\/visitkristinestad.fi\/wp-content\/uploads\/2026\/01\/Kesa2025-drone-WEB-8-1.webp\" alt=\"\" class=\"herosektion__media\"><\/img><\/figure><div data-etch-element=\"container\" data-intro-style=\"left\" class=\"section-intro-krs herosektion__intro\"><h2 class=\"badge-heading section-intro-krs__badge-heading\">Vierassatama<\/h2><div data-etch-element=\"flex-div\" class=\"section-intro-krs__content-wrapper\"><h2 class=\"section-intro-krs__heading\">Once upon a time, there was a town you never wanted to leave.<\/h2><div data-etch-element=\"flex-div\" class=\"section-intro-krs__text-wrapper\"><p class=\"section-intro-krs__text\">Meri on l\u00e4hell\u00e4 \u2013 olitpa sitten kaupungin keskustassa tai maaseudulla. Meri on t\u00e4rke\u00e4 osa Kristiinankaupungin pitk\u00e4\u00e4 historiaa, ja vierailijat arvostavat meren l\u00e4heisyytt\u00e4.<\/p><p class=\"section-intro-krs__text\">Tutustu SeaYou-verkkosivustoomme saadaksesi lis\u00e4tietoja ja lue lis\u00e4\u00e4 varausmahdollisuuksistamme.<\/p><\/div><\/div><\/div><\/section><section data-etch-element=\"section\" class=\"sea-you\"><div data-etch-element=\"container\"><div data-etch-element=\"container\" class=\"cta-alpha\"><div data-etch-element=\"flex-div\" class=\"cta-alpha__content-wrapper\"><h2 class=\"cta-alpha__heading\">Vierassatama<\/h2><p class=\"cta-alpha__text\">Kaupungin hieno vierasvenelaituri, joka on my\u00f6s Roope-satama, sijaitsee Kristiinankaupungin rantapromenadin kupeessa. Laiturissa on 20 venepaikkaa, ja lyhyet p\u00e4iv\u00e4vierailut ovat maksuttomia. Mik\u00e4li on tarvetta y\u00f6py\u00e4,  se maksaa 10 \u20ac\/vrk, sis\u00e4lt\u00e4en s\u00e4hk\u00f6n. Laiturimaksu maksetaan verkkokaupassa.<\/p>\n<p>Kaupungin Vierasvenelaituri syvyys: 2,7 m.<\/p>\n<a href=\"https:\/\/kristinestad.cpu.fi\/tuote\/vierasvenelaituri\/?lang=fi\" class=\"btn--accent\" target=\"_blank\">Maksa laiturimaksu<\/a><\/div><figure data-etch-element=\"flex-div\" class=\"cta-alpha__media-wrapper\"><img decoding=\"async\" src=\"https:\/\/visitkristinestad.fi\/wp-content\/uploads\/2026\/01\/roope-satama.png\" alt=\"\" class=\"cta-alpha__image\"><\/img><\/figure><\/div><\/div><\/section><section data-etch-element=\"section\" class=\"content-section-tango\"><div data-etch-element=\"container\" class=\"content-section-tango__inner\"><div data-etch-element=\"flex-div\" class=\"content-section-tango__content-wrapper\"><h2 class=\"content-section-tango__headline\">Kiilin vierassatama<\/h2><p class=\"content-section-tango__lede\">Tervetuloa Kiilin vierassatamaan \u2013 viihtyis\u00e4\u00e4n ja suojaisaan satamaan museoalueen l\u00e4heisyydess\u00e4. Vierassatamaan on helppo tulla, ja siell\u00e4 on tilaa 12 vierailevalle veneelle. Purjehdussyvyys on 2,4 metri\u00e4, ja satamassa on saatavilla useita palveluita, kuten s\u00e4hk\u00f6, suihku, wc, vesipiste sek\u00e4 sauna.<\/p><p class=\"hero-alpha__lede\">Suihku ja WC sijaitsevat Suolaamorakennuksessa satama-alueella. Sauna tulee varata hyviss\u00e4 ajoin etuk\u00e4teen, ja venepaikka varataan vasta saavuttaessa satamaan. Kiilin vierassatama on miellytt\u00e4v\u00e4 pys\u00e4hdyspaikka Aurinkoreitin varrella sinulle, joka arvostat toimivia palveluita, helppoa saapumista ja kaunista saaristoymp\u00e4rist\u00f6\u00e4.<\/p><a href=\"https:\/\/kilen.fi\/fi\/majoitus\/vieras_satama\/\" target=\"_blank\" class=\"btn--accent\">Lue lis\u00e4\u00e4 Kiilin kotisivulla<\/a><\/div><div data-etch-element=\"flex-div\" class=\"content-section-tango__image-group\"><figure class=\"content-section-tango__figure\"><img decoding=\"async\" src=\"https:\/\/visitkristinestad.fi\/wp-content\/uploads\/2026\/03\/121-1.png\" alt=\"12(1)\" class=\"content-section-tango__image\"><\/img><\/figure><\/div><\/div><\/section>","protected":false},"excerpt":{"rendered":"","protected":false},"author":1,"featured_media":0,"parent":1033,"menu_order":0,"comment_status":"closed","ping_status":"closed","template":"","meta":{"_acf_changed":false,"slim_seo":{"title":"Vierassatama - Visit Kristinestad","description":""},"footnotes":""},"class_list":["post-1024","page","type-page","status-publish","hentry"],"acf":[],"_links":{"self":[{"href":"https:\/\/visitkristinestad.fi\/fi\/wp-json\/wp\/v2\/pages\/1024","targetHints":{"allow":["GET"]}}],"collection":[{"href":"https:\/\/visitkristinestad.fi\/fi\/wp-json\/wp\/v2\/pages"}],"about":[{"href":"https:\/\/visitkristinestad.fi\/fi\/wp-json\/wp\/v2\/types\/page"}],"author":[{"embeddable":true,"href":"https:\/\/visitkristinestad.fi\/fi\/wp-json\/wp\/v2\/users\/1"}],"replies":[{"embeddable":true,"href":"https:\/\/visitkristinestad.fi\/fi\/wp-json\/wp\/v2\/comments?post=1024"}],"version-history":[{"count":6,"href":"https:\/\/visitkristinestad.fi\/fi\/wp-json\/wp\/v2\/pages\/1024\/revisions"}],"predecessor-version":[{"id":2056,"href":"https:\/\/visitkristinestad.fi\/fi\/wp-json\/wp\/v2\/pages\/1024\/revisions\/2056"}],"up":[{"embeddable":true,"href":"https:\/\/visitkristinestad.fi\/fi\/wp-json\/wp\/v2\/pages\/1033"}],"wp:attachment":[{"href":"https:\/\/visitkristinestad.fi\/fi\/wp-json\/wp\/v2\/media?parent=1024"}],"curies":[{"name":"wp","href":"https:\/\/api.w.org\/{rel}","templated":true}]}}