{"id":1019,"date":"2025-12-16T22:08:44","date_gmt":"2025-12-16T20:08:44","guid":{"rendered":"https:\/\/krs.viljamedia.com\/opastus\/"},"modified":"2026-01-13T09:56:42","modified_gmt":"2026-01-13T09:56:42","slug":"opastus","status":"publish","type":"page","link":"https:\/\/visitkristinestad.fi\/fi\/koe\/opastus\/","title":{"rendered":"Opastus"},"content":{"rendered":"<section data-etch-element=\"section\" class=\"herosektion\"><figure class=\"herosektion__media-wrapper\"><img decoding=\"async\" src=\"https:\/\/visitkristinestad.fi\/wp-content\/uploads\/2025\/12\/IMG_5759-1.webp\" alt=\"\" class=\"herosektion__media\"><\/img><\/figure><div data-etch-element=\"container\" data-intro-style=\"left\" class=\"section-intro-krs herosektion__intro\"><h2 class=\"badge-heading section-intro-krs__badge-heading\">Opastus<\/h2><div data-etch-element=\"flex-div\" class=\"section-intro-krs__content-wrapper\"><h2 class=\"section-intro-krs__heading\">Once upon a time, there was a town you never wanted to leave.<\/h2><div data-etch-element=\"flex-div\" class=\"section-intro-krs__text-wrapper\"><p class=\"section-intro-krs__text\">Kristiinankaupungin Opasyhdistys ry:n 15 auktorisoitua opasta toivottavat vieraat tervetulleiksi tutustumaan kaupunkiin seitsem\u00e4ll\u00e4 eri kielell\u00e4: ruotsiksi, suomeksi, englanniksi, viroksi, espanjaksi, ven\u00e4j\u00e4ksi ja ranskaksi. Tarjolla on perinteisi\u00e4 kaupunkikierroksia sek\u00e4 erilaisia teemoihin uppoutuvia retki\u00e4 niin lapsille kuin aikuisille. Kierros voidaan toteuttaa k\u00e4vellen tai bussilla \u2014 tai yhdist\u00e4m\u00e4ll\u00e4 molemmat.<\/p><p class=\"section-intro-krs__text\">Esimerkkej\u00e4 teemaopastuksista: Kaupungin keskustan puutalokierroksen lis\u00e4ksi tarjoamme useita erilaisia teemakierroksia, kuten Kissojen kujat, Eevi Mannerin ja Kaisu Tuokkon jalanj\u00e4ljiss\u00e4, Vanhan ajan opastettu kierros rouva Starckin kanssa ja muita.<\/p><\/div><\/div><\/div><\/section><section data-etch-element=\"section\" class=\"content-section-tango\"><h2 class=\"content-section-tango__headline\">Kaisun ja Eevin jalanj\u00e4ljiss\u00e4<\/h2><div data-etch-element=\"container\" class=\"etch-cs5bo4a\"><div data-etch-element=\"flex-div\" class=\"content-section-tango__content-wrapper\"><p class=\"content-section-tango__lede etch-6u767pa\">Tervetuloa uudelle opastetulle teemakierrokselle!<\/p><p>\u200bKristiinankaupungissa alkaa uusi opastettu k\u00e4velykierros, jossa seurataan kirjailija Kaisu Tuokon ja h\u00e4nen luomansa hahmon Eevi Mannerin jalanj\u00e4lki\u00e4. Kierroksella vieraillaan Eevi Manner -kirjasarjan keskeisill\u00e4 tapahtumapaikoilla Kristiinankaupungin keskustassa ja kuullaan kiinnostavia tarinoita. Erityisesti kirjojen faneille kierros tarjoaa ainutlaatuista tietoa, jota ei ole saatavilla muualta.<\/p><p>Kierroksen aikana n\u00e4hd\u00e4\u00e4n muun muassa, miss\u00e4 Jonas, Eevi ja Mirek asuvat, sek\u00e4 miss\u00e4 Ella ja Isla jakavat salaisuutensa Eeville. Lis\u00e4ksi tutustutaan kirjailija Kaisu Tuokon lapsuudenkotiin ja h\u00e4nen suosikkipaikkaansa.<\/p><\/div><div data-etch-element=\"flex-div\" class=\"content-section-tango__content-wrapper\"><h3>Varaukset<\/h3><p>Opastuksia j\u00e4rjestet\u00e4\u00e4n kysynn\u00e4n mukaan. Varaa siis opastus vaikka lahjaksi yst\u00e4v\u00e4lle, perheelle tai itsellesi! <b>Huom! minimi 4 henkil\u00f6\u00e4.<\/b> Varaukset tulisi tehd\u00e4 v\u00e4hint\u00e4\u00e4n 1 viikko ennen opastusta.<\/p><p>Hinta: 15,00 \u20ac \/ henkil\u00f6<\/p><p>Voit tehd\u00e4 alustavan varauksen verkko\u00adlomakkeen kautta (katso alhaalla). (HUOM! Kirjoita verkkolomakkeen Muita toivomuksia -kentt\u00e4\u00e4n &quot;Kaisun ja Eevin jalanj\u00e4ljiss\u00e4&quot;)<\/p><\/div><\/div><\/section><section data-etch-element=\"section\" class=\"form-section\"><div data-etch-element=\"container\" class=\"form-section__container\"><h2 class=\"form-section__heading\">Varaa opastus<\/h2><div data-etch-element=\"flex-div\" class=\"form-section__form-wrapper\"><form action=\"https:\/\/visitkristinestad.fi\/fi\/wp-json\/ws-form\/v1\/submit\" class=\"wsf-form wsf-form-canvas\" id=\"ws-form-1\" data-id=\"3\" method=\"POST\" data-instance-id=\"1\" data-wsf-style-id=\"1\"><\/form> <\/div><\/div><\/section>","protected":false},"excerpt":{"rendered":"","protected":false},"author":1,"featured_media":0,"parent":1033,"menu_order":0,"comment_status":"closed","ping_status":"closed","template":"","meta":{"_acf_changed":false,"slim_seo":{"title":"Opastus - Visit Kristinestad","description":""},"footnotes":""},"class_list":["post-1019","page","type-page","status-publish","hentry"],"acf":[],"_links":{"self":[{"href":"https:\/\/visitkristinestad.fi\/fi\/wp-json\/wp\/v2\/pages\/1019","targetHints":{"allow":["GET"]}}],"collection":[{"href":"https:\/\/visitkristinestad.fi\/fi\/wp-json\/wp\/v2\/pages"}],"about":[{"href":"https:\/\/visitkristinestad.fi\/fi\/wp-json\/wp\/v2\/types\/page"}],"author":[{"embeddable":true,"href":"https:\/\/visitkristinestad.fi\/fi\/wp-json\/wp\/v2\/users\/1"}],"replies":[{"embeddable":true,"href":"https:\/\/visitkristinestad.fi\/fi\/wp-json\/wp\/v2\/comments?post=1019"}],"version-history":[{"count":7,"href":"https:\/\/visitkristinestad.fi\/fi\/wp-json\/wp\/v2\/pages\/1019\/revisions"}],"predecessor-version":[{"id":1735,"href":"https:\/\/visitkristinestad.fi\/fi\/wp-json\/wp\/v2\/pages\/1019\/revisions\/1735"}],"up":[{"embeddable":true,"href":"https:\/\/visitkristinestad.fi\/fi\/wp-json\/wp\/v2\/pages\/1033"}],"wp:attachment":[{"href":"https:\/\/visitkristinestad.fi\/fi\/wp-json\/wp\/v2\/media?parent=1019"}],"curies":[{"name":"wp","href":"https:\/\/api.w.org\/{rel}","templated":true}]}}