{"id":1011,"date":"2025-12-08T22:00:12","date_gmt":"2025-12-08T20:00:12","guid":{"rendered":"https:\/\/krs.viljamedia.com\/syo\/"},"modified":"2026-01-09T05:48:24","modified_gmt":"2026-01-09T05:48:24","slug":"syo","status":"publish","type":"page","link":"https:\/\/visitkristinestad.fi\/fi\/syo\/","title":{"rendered":"Sy\u00f6"},"content":{"rendered":"<section data-etch-element=\"section\" class=\"herosektion\"><figure class=\"herosektion__media-wrapper\"><img decoding=\"async\" src=\"https:\/\/visitkristinestad.fi\/wp-content\/uploads\/2025\/12\/IMG_7280.webp\" alt=\"\" class=\"herosektion__media\"><\/img><\/figure><div data-etch-element=\"container\" data-intro-style=\"left\" class=\"section-intro-krs herosektion__intro\"><h2 class=\"badge-heading section-intro-krs__badge-heading\">Tule sy\u00f6m\u00e4\u00e4n<\/h2><div data-etch-element=\"flex-div\" class=\"section-intro-krs__content-wrapper\"><h2 class=\"section-intro-krs__heading\">Kristiinankaupungissa ruoka maistuu merelt\u00e4, mets\u00e4lt\u00e4 ja pelloilta.<\/h2><div data-etch-element=\"flex-div\" class=\"section-intro-krs__text-wrapper\"><p class=\"section-intro-krs__text\">On jotain erityist\u00e4 siin\u00e4, kun sy\u00f6t paikassa, jossa raaka-aineet kasvavat, kalastaja tuntee sinut ja leipuri leipoo leip\u00e4ns\u00e4 auringon noustessa. T\u00e4ss\u00e4 ateria ei ole vain ruokaa \u2014 se on kohtaamisia, ihmisi\u00e4 ja merkityst\u00e4.<\/p><p class=\"section-intro-krs__text\">Kahviloissamme, ravintoloissamme ja maatilapuodeissamme l\u00f6yd\u00e4t parasta sesongin antia: vastapyydetty\u00e4 kalaa, tuoreita kasviksia ja itse leivottuja kakkuja.<\/p><\/div><\/div><\/div><\/section><section data-etch-element=\"section\" class=\"cta-section\"><div data-etch-element=\"container\" class=\"cta-alpha\"><div data-etch-element=\"flex-div\" class=\"cta-alpha__content-wrapper\"><h2 class=\"cta-alpha__heading\">Cittaslow<\/h2><p class=\"cta-alpha__text\">Kristiinankaupunki on osa kansainv\u00e4list\u00e4 Cittaslow-verkostoa, joka edist\u00e4\u00e4 hitaampaa ja kest\u00e4v\u00e4mp\u00e4\u00e4 el\u00e4m\u00e4ntapaa korostaen el\u00e4m\u00e4nlaatua ja paikallista kulttuuria. Vuonna 1999 Italiassa perustettu Cittaslow-liike painottaa rauhaa, ymp\u00e4rist\u00f6n kunnioitusta ja perinteiden vaalimista.<\/p><\/div><figure data-etch-element=\"flex-div\" class=\"cta-alpha__media-wrapper\"><img decoding=\"async\" src=\"https:\/\/visitkristinestad.fi\/wp-content\/uploads\/2025\/12\/cittaslow-padding.webp\" alt=\"\" class=\"cta-alpha__image\"><\/img><\/figure><\/div><\/section><section data-etch-element=\"section\" class=\"grid-section-alpha\"><div data-etch-element=\"container\" class=\"grid-section-alpha__intro\"><h2 class=\"grid-section-alpha__heading\">Tutustu Kristiinankaupungin ravintoloihin ja kahviloihin<\/h2><\/div><ul data-etch-element=\"container\" class=\"listing-grid-two\"><li data-etch-element=\"flex-div\" class=\"listing-card-two\"><figure class=\"listing-card__media-wrapper\"><img decoding=\"async\" src=\"https:\/\/visitkristinestad.fi\/wp-content\/uploads\/2025\/12\/studio-cafe-safir.webp\" alt=\"\" class=\"listing-card__image\"><\/img><\/figure><div data-etch-element=\"flex-div\" class=\"listing-card__content-wrapper\"><h3 class=\"listing-card__title listing-card-two__title\"><a href=\"https:\/\/www.studiosafir.com\/\" target=\"_blank\">Studio \/ Caf\u00e9 Safir<\/a><\/h3><div class=\"listing-card__contact-wrapper\"><p class=\"listing-card__adress\">Lappfj\u00e4rdsv\u00e4gen 2<\/p><\/div><\/div><\/li><li data-etch-element=\"flex-div\" class=\"listing-card-two\"><figure class=\"listing-card__media-wrapper\"><img decoding=\"async\" src=\"https:\/\/visitkristinestad.fi\/wp-content\/uploads\/2025\/12\/cs-carzy-cat-vinkallare.webp\" alt=\"\" class=\"listing-card__image\"><\/img><\/figure><div data-etch-element=\"flex-div\" class=\"listing-card__content-wrapper\"><h3 class=\"listing-card__title listing-card-two__title\"><a href=\"http:\/\/www.crazycat.fi\/\" target=\"_blank\">Crazy Cat<\/a><\/h3><div class=\"listing-card__contact-wrapper\"><p class=\"listing-card__adress\">Salutorget 1<\/p><\/div><\/div><\/li><li data-etch-element=\"flex-div\" class=\"listing-card-two\"><figure class=\"listing-card__media-wrapper\"><img decoding=\"async\" src=\"https:\/\/visitkristinestad.fi\/wp-content\/uploads\/2025\/12\/Morning-Glory-141017-DSC-0535-web.webp\" alt=\"\" class=\"listing-card__image\"><\/img><\/figure><div data-etch-element=\"flex-div\" class=\"listing-card__content-wrapper\"><h3 class=\"listing-card__title listing-card-two__title\"><a href=\"http:\/\/www.jungman.fi\/\" target=\"_blank\">Restaurant Jungman<\/a><\/h3><div class=\"listing-card__contact-wrapper\"><p class=\"listing-card__adress\">Sj\u00f6gatan 8<\/p><\/div><\/div><\/li><li data-etch-element=\"flex-div\" class=\"listing-card-two\"><figure class=\"listing-card__media-wrapper\"><img decoding=\"async\" src=\"https:\/\/visitkristinestad.fi\/wp-content\/uploads\/2025\/12\/gastro1.webp\" alt=\"\" class=\"listing-card__image\"><\/img><\/figure><div data-etch-element=\"flex-div\" class=\"listing-card__content-wrapper\"><h3 class=\"listing-card__title listing-card-two__title\"><a href=\"http:\/\/www.restaurantgastro.fi\/\" target=\"_blank\">Restaurant Gastro<\/a><\/h3><div class=\"listing-card__contact-wrapper\"><p class=\"listing-card__adress\">\u00d6stra L\u00e5nggatan 53 A3 \/ Handelshuset Corner<\/p><\/div><\/div><\/li><li data-etch-element=\"flex-div\" class=\"listing-card-two\"><figure class=\"listing-card__media-wrapper\"><img decoding=\"async\" src=\"https:\/\/visitkristinestad.fi\/wp-content\/uploads\/2025\/12\/tinka.webp\" alt=\"\" class=\"listing-card__image\"><\/img><\/figure><div data-etch-element=\"flex-div\" class=\"listing-card__content-wrapper\"><h3 class=\"listing-card__title listing-card-two__title\"><a href=\"https:\/\/www.facebook.com\/pages\/Caf%C3%A8-Tinka\/180038555363313\" target=\"_blank\">Caf\u00e9 Tinka<\/a><\/h3><div class=\"listing-card__contact-wrapper\"><p class=\"listing-card__adress\">Mellang\u00e4rdsv\u00e4gen 4<\/p><\/div><\/div><\/li><li data-etch-element=\"flex-div\" class=\"listing-card-two\"><figure class=\"listing-card__media-wrapper\"><img decoding=\"async\" src=\"https:\/\/visitkristinestad.fi\/wp-content\/uploads\/2025\/12\/19944346-245947842586720-7069802126060993073-o.jpg\" alt=\"\" class=\"listing-card__image\"><\/img><\/figure><div data-etch-element=\"flex-div\" class=\"listing-card__content-wrapper\"><h3 class=\"listing-card__title listing-card-two__title\"><a href=\"https:\/\/www.facebook.com\/Lebellskakopmansgarden\/\" target=\"_blank\">Caf\u00e9 Lebell<\/a><\/h3><div class=\"listing-card__contact-wrapper\"><p class=\"listing-card__adress\">Strandgatan 53<\/p><\/div><\/div><\/li><li data-etch-element=\"flex-div\" class=\"listing-card-two\"><figure class=\"listing-card__media-wrapper\"><img decoding=\"async\" src=\"https:\/\/visitkristinestad.fi\/wp-content\/uploads\/2025\/12\/Eleonora-innergard-fixed-v3-FillWzE2MDAsODkwXQ-1408x880-1.webp\" alt=\"\" class=\"listing-card__image\"><\/img><\/figure><div data-etch-element=\"flex-div\" class=\"listing-card__content-wrapper\"><h3 class=\"listing-card__title listing-card-two__title\"><a href=\"https:\/\/www.eleonorabb.fi\/\" target=\"_blank\">Caf\u00e9 Eleonora B&amp;B<\/a><\/h3><div class=\"listing-card__contact-wrapper\"><p class=\"listing-card__adress\">V\u00e4stra L\u00e5nggatan 15<\/p><\/div><\/div><\/li><li data-etch-element=\"flex-div\" class=\"listing-card-two\"><figure class=\"listing-card__media-wrapper\"><img decoding=\"async\" src=\"https:\/\/visitkristinestad.fi\/wp-content\/uploads\/2025\/12\/pizzaa.webp\" alt=\"\" class=\"listing-card__image\"><\/img><\/figure><div data-etch-element=\"flex-div\" class=\"listing-card__content-wrapper\"><h3 class=\"listing-card__title listing-card-two__title\"><a href=\"https:\/\/www.facebook.com\/people\/Kristiinan-Pizzaria-Uusi\/pfbid02JxaPPdf8jNufnekVaZDtBC22wLWXecDLyDqaUneP7774xJUyVcr5CmGqByVWraRyl\/\" target=\"_blank\">Kristiinan Pizzeria<\/a><\/h3><div class=\"listing-card__contact-wrapper\"><p class=\"listing-card__adress\">Sj\u00f6gatan 35<\/p><\/div><\/div><\/li><li data-etch-element=\"flex-div\" class=\"listing-card-two\"><figure class=\"listing-card__media-wrapper\"><img decoding=\"async\" src=\"https:\/\/visitkristinestad.fi\/wp-content\/uploads\/2025\/12\/pikku.jpg\" alt=\"\" class=\"listing-card__image\"><\/img><\/figure><div data-etch-element=\"flex-div\" class=\"listing-card__content-wrapper\"><h3 class=\"listing-card__title listing-card-two__title\"><a href=\"https:\/\/www.facebook.com\/PikkusiskonGrilli\/\" target=\"_blank\">Pikkusiskon grilli<\/a><\/h3><div class=\"listing-card__contact-wrapper\"><p class=\"listing-card__adress\">Tj\u00f6ckv\u00e4gen 1<\/p><\/div><\/div><\/li><li data-etch-element=\"flex-div\" class=\"listing-card-two\"><figure class=\"listing-card__media-wrapper\"><img decoding=\"async\" src=\"https:\/\/visitkristinestad.fi\/wp-content\/uploads\/2025\/12\/kre-575x359-1.jpg\" alt=\"\" class=\"listing-card__image\"><\/img><\/figure><div data-etch-element=\"flex-div\" class=\"listing-card__content-wrapper\"><h3 class=\"listing-card__title listing-card-two__title\"><a href=\"https:\/\/hotelkristina.fi\/\" target=\"_blank\">Hotel Kristina<\/a><\/h3><div class=\"listing-card__contact-wrapper\"><p class=\"listing-card__adress\">\u00d6stra torget 1<\/p><\/div><\/div><\/li><li data-etch-element=\"flex-div\" class=\"listing-card-two\"><figure class=\"listing-card__media-wrapper\"><img decoding=\"async\" src=\"https:\/\/visitkristinestad.fi\/wp-content\/uploads\/2025\/12\/1.jpg\" alt=\"\" class=\"listing-card__image\"><\/img><\/figure><div data-etch-element=\"flex-div\" class=\"listing-card__content-wrapper\"><h3 class=\"listing-card__title listing-card-two__title\"><a href=\"https:\/\/www.kilen.fi\/sv\/start\/\" target=\"_blank\">Kilens Hembygdsg\u00e5rd<\/a><\/h3><div class=\"listing-card__contact-wrapper\"><p class=\"listing-card__adress\">Kilv\u00e4gen 90<\/p><\/div><\/div><\/li><li data-etch-element=\"flex-div\" class=\"listing-card-two\"><figure class=\"listing-card__media-wrapper\"><img decoding=\"async\" src=\"https:\/\/visitkristinestad.fi\/wp-content\/uploads\/2025\/12\/ladda-ned-2-687x430-1.jpg\" alt=\"\" class=\"listing-card__image\"><\/img><\/figure><div data-etch-element=\"flex-div\" class=\"listing-card__content-wrapper\"><h3 class=\"listing-card__title listing-card-two__title\"><a href=\"https:\/\/www.abcasemat.fi\/sv\/stationer\/abc-kristiinankaupunki-603218157\" target=\"_blank\">ABC Kristinestad<\/a><\/h3><div class=\"listing-card__contact-wrapper\"><p class=\"listing-card__adress\">Gamla Vasav\u00e4gen 11<\/p><\/div><\/div><\/li><li data-etch-element=\"flex-div\" class=\"listing-card-two\"><figure class=\"listing-card__media-wrapper\"><img decoding=\"async\" src=\"https:\/\/visitkristinestad.fi\/wp-content\/uploads\/2025\/12\/102781154-1565217846965926-4495430663998013440-n.webp\" alt=\"\" class=\"listing-card__image\"><\/img><\/figure><div data-etch-element=\"flex-div\" class=\"listing-card__content-wrapper\"><h3 class=\"listing-card__title listing-card-two__title\"><a href=\"https:\/\/www.facebook.com\/HavannaPizzeriaKebab\/\" target=\"_blank\">Pizzeria Havanna<\/a><\/h3><div class=\"listing-card__contact-wrapper\"><p class=\"listing-card__adress\">Lappfj\u00e4rdsv\u00e4gen 714<\/p><\/div><\/div><\/li><li data-etch-element=\"flex-div\" class=\"listing-card-two\"><figure class=\"listing-card__media-wrapper\"><img decoding=\"async\" src=\"https:\/\/visitkristinestad.fi\/wp-content\/uploads\/2025\/12\/19875239-1564477543582800-574443914172281703-n.jpg\" alt=\"\" class=\"listing-card__image\"><\/img><\/figure><div data-etch-element=\"flex-div\" class=\"listing-card__content-wrapper\"><h3 class=\"listing-card__title listing-card-two__title\"><a href=\"https:\/\/www.facebook.com\/VONNELA1\/\" target=\"_blank\">Restaurang Str\u00f6m<\/a><\/h3><div class=\"listing-card__contact-wrapper\"><p class=\"listing-card__adress\">Ulfvesv\u00e4gen 38<\/p><\/div><\/div><\/li><li data-etch-element=\"flex-div\" class=\"listing-card-two\"><figure class=\"listing-card__media-wrapper\"><img decoding=\"async\" src=\"https:\/\/visitkristinestad.fi\/wp-content\/uploads\/2025\/12\/IMG-1473.webp\" alt=\"\" class=\"listing-card__image\"><\/img><\/figure><div data-etch-element=\"flex-div\" class=\"listing-card__content-wrapper\"><h3 class=\"listing-card__title listing-card-two__title\"><a href=\"https:\/\/www.facebook.com\/pages\/category\/Coffee-Shop\/Mets%C3%A4l%C3%A4n-baari-110096350585311\/\" target=\"_blank\">\u00d6mossa Baren<\/a><\/h3><div class=\"listing-card__contact-wrapper\"><p class=\"listing-card__adress\">Bj\u00f6rneborgsv\u00e4gen 2300<\/p><\/div><\/div><\/li><li data-etch-element=\"flex-div\" class=\"listing-card-two\"><figure class=\"listing-card__media-wrapper\"><img decoding=\"async\" src=\"https:\/\/visitkristinestad.fi\/wp-content\/uploads\/2025\/12\/Sushine-bild-960x600-1.jpg\" alt=\"\" class=\"listing-card__image\"><\/img><\/figure><div data-etch-element=\"flex-div\" class=\"listing-card__content-wrapper\"><h3 class=\"listing-card__title listing-card-two__title\"><a href=\"https:\/\/www.facebook.com\/1dragonhouselou\/\" target=\"_blank\">Sushine Aasian Herkut<\/a><\/h3><div class=\"listing-card__contact-wrapper\"><p class=\"listing-card__adress\">Sj\u00f6gatan 6<\/p><\/div><\/div><\/li><\/ul><ul data-etch-element=\"container\" class=\"listing-grid\"><li data-etch-element=\"flex-div\" class=\"listing-card\"><figure class=\"listing-card__media-wrapper\"><img decoding=\"async\" src=\"https:\/\/visitkristinestad.fi\/wp-content\/uploads\/2025\/12\/studio-cafe-safir.webp\" alt=\"\" class=\"listing-card__image\"><\/img><\/figure><div data-etch-element=\"flex-div\" class=\"listing-card__content-wrapper\"><h3 class=\"listing-card__title\"><a href=\"https:\/\/www.studiosafir.com\/\">Studio \/ Caf\u00e9 Safir<\/a><\/h3><div class=\"listing-card__contact-wrapper\"><p class=\"listing-card__adress\">Lappfj\u00e4rdsv\u00e4gen 2<\/p><p class=\"listing-card__kontaktuppgifter\"><\/p><\/div><\/div><\/li><li data-etch-element=\"flex-div\" class=\"listing-card\"><figure class=\"listing-card__media-wrapper\"><img decoding=\"async\" src=\"https:\/\/visitkristinestad.fi\/wp-content\/uploads\/2025\/12\/cs-carzy-cat-vinkallare.webp\" alt=\"\" class=\"listing-card__image\"><\/img><\/figure><div data-etch-element=\"flex-div\" class=\"listing-card__content-wrapper\"><h3 class=\"listing-card__title\"><a href=\"http:\/\/www.crazycat.fi\/\">Crazy Cat<\/a><\/h3><div class=\"listing-card__contact-wrapper\"><p class=\"listing-card__adress\">Salutorget 1<\/p><p class=\"listing-card__kontaktuppgifter\">06 221 3100<\/p><\/div><\/div><\/li><li data-etch-element=\"flex-div\" class=\"listing-card\"><figure class=\"listing-card__media-wrapper\"><img decoding=\"async\" src=\"https:\/\/visitkristinestad.fi\/wp-content\/uploads\/2025\/12\/Morning-Glory-141017-DSC-0535-web.webp\" alt=\"\" class=\"listing-card__image\"><\/img><\/figure><div data-etch-element=\"flex-div\" class=\"listing-card__content-wrapper\"><h3 class=\"listing-card__title\"><a href=\"http:\/\/www.jungman.fi\/\">Restaurant Jungman<\/a><\/h3><div class=\"listing-card__contact-wrapper\"><p class=\"listing-card__adress\">Sj\u00f6gatan 8<\/p><p class=\"listing-card__kontaktuppgifter\">+358 40 023 4389<\/p><\/div><\/div><\/li><li data-etch-element=\"flex-div\" class=\"listing-card\"><figure class=\"listing-card__media-wrapper\"><img decoding=\"async\" src=\"https:\/\/visitkristinestad.fi\/wp-content\/uploads\/2025\/12\/gastro1.webp\" alt=\"\" class=\"listing-card__image\"><\/img><\/figure><div data-etch-element=\"flex-div\" class=\"listing-card__content-wrapper\"><h3 class=\"listing-card__title\"><a href=\"http:\/\/www.restaurantgastro.fi\/\">Restaurant Gastro<\/a><\/h3><div class=\"listing-card__contact-wrapper\"><p class=\"listing-card__adress\">\u00d6stra L\u00e5nggatan 53 A3 \/ Handelshuset Corner<\/p><p class=\"listing-card__kontaktuppgifter\">+358 40 551 2903<\/p><\/div><\/div><\/li><li data-etch-element=\"flex-div\" class=\"listing-card\"><figure class=\"listing-card__media-wrapper\"><img decoding=\"async\" src=\"https:\/\/visitkristinestad.fi\/wp-content\/uploads\/2025\/12\/tinka.webp\" alt=\"\" class=\"listing-card__image\"><\/img><\/figure><div data-etch-element=\"flex-div\" class=\"listing-card__content-wrapper\"><h3 class=\"listing-card__title\"><a href=\"https:\/\/www.facebook.com\/pages\/Caf%C3%A8-Tinka\/180038555363313\">Caf\u00e9 Tinka<\/a><\/h3><div class=\"listing-card__contact-wrapper\"><p class=\"listing-card__adress\">Mellang\u00e4rdsv\u00e4gen 4<\/p><p class=\"listing-card__kontaktuppgifter\">+358 40 482 8058<\/p><\/div><\/div><\/li><li data-etch-element=\"flex-div\" class=\"listing-card\"><figure class=\"listing-card__media-wrapper\"><img decoding=\"async\" src=\"https:\/\/visitkristinestad.fi\/wp-content\/uploads\/2025\/12\/19944346-245947842586720-7069802126060993073-o.jpg\" alt=\"\" class=\"listing-card__image\"><\/img><\/figure><div data-etch-element=\"flex-div\" class=\"listing-card__content-wrapper\"><h3 class=\"listing-card__title\"><a href=\"https:\/\/www.facebook.com\/Lebellskakopmansgarden\/\">Caf\u00e9 Lebell<\/a><\/h3><div class=\"listing-card__contact-wrapper\"><p class=\"listing-card__adress\">Strandgatan 53<\/p><p class=\"listing-card__kontaktuppgifter\"><\/p><\/div><\/div><\/li><li data-etch-element=\"flex-div\" class=\"listing-card\"><figure class=\"listing-card__media-wrapper\"><img decoding=\"async\" src=\"https:\/\/visitkristinestad.fi\/wp-content\/uploads\/2025\/12\/Eleonora-innergard-fixed-v3-FillWzE2MDAsODkwXQ-1408x880-1.webp\" alt=\"\" class=\"listing-card__image\"><\/img><\/figure><div data-etch-element=\"flex-div\" class=\"listing-card__content-wrapper\"><h3 class=\"listing-card__title\"><a href=\"https:\/\/www.eleonorabb.fi\/\">Caf\u00e9 Eleonora B&amp;B<\/a><\/h3><div class=\"listing-card__contact-wrapper\"><p class=\"listing-card__adress\">V\u00e4stra L\u00e5nggatan 15<\/p><p class=\"listing-card__kontaktuppgifter\">+358 44 491 6136<\/p><\/div><\/div><\/li><li data-etch-element=\"flex-div\" class=\"listing-card\"><figure class=\"listing-card__media-wrapper\"><img decoding=\"async\" src=\"https:\/\/visitkristinestad.fi\/wp-content\/uploads\/2025\/12\/pizzaa.webp\" alt=\"\" class=\"listing-card__image\"><\/img><\/figure><div data-etch-element=\"flex-div\" class=\"listing-card__content-wrapper\"><h3 class=\"listing-card__title\"><a href=\"https:\/\/www.facebook.com\/people\/Kristiinan-Pizzaria-Uusi\/pfbid02JxaPPdf8jNufnekVaZDtBC22wLWXecDLyDqaUneP7774xJUyVcr5CmGqByVWraRyl\/\">Kristiinan Pizzeria<\/a><\/h3><div class=\"listing-card__contact-wrapper\"><p class=\"listing-card__adress\">Sj\u00f6gatan 35<\/p><p class=\"listing-card__kontaktuppgifter\">06 221 3070<\/p><\/div><\/div><\/li><li data-etch-element=\"flex-div\" class=\"listing-card\"><figure class=\"listing-card__media-wrapper\"><img decoding=\"async\" src=\"https:\/\/visitkristinestad.fi\/wp-content\/uploads\/2025\/12\/pikku.jpg\" alt=\"\" class=\"listing-card__image\"><\/img><\/figure><div data-etch-element=\"flex-div\" class=\"listing-card__content-wrapper\"><h3 class=\"listing-card__title\"><a href=\"https:\/\/www.facebook.com\/PikkusiskonGrilli\/\">Pikkusiskon grilli<\/a><\/h3><div class=\"listing-card__contact-wrapper\"><p class=\"listing-card__adress\">Tj\u00f6ckv\u00e4gen 1<\/p><p class=\"listing-card__kontaktuppgifter\">+358 50 475 7170<\/p><\/div><\/div><\/li><li data-etch-element=\"flex-div\" class=\"listing-card\"><figure class=\"listing-card__media-wrapper\"><img decoding=\"async\" src=\"https:\/\/visitkristinestad.fi\/wp-content\/uploads\/2025\/12\/kre-575x359-1.jpg\" alt=\"\" class=\"listing-card__image\"><\/img><\/figure><div data-etch-element=\"flex-div\" class=\"listing-card__content-wrapper\"><h3 class=\"listing-card__title\"><a href=\"https:\/\/hotelkristina.fi\/\">Hotel Kristina<\/a><\/h3><div class=\"listing-card__contact-wrapper\"><p class=\"listing-card__adress\">\u00d6stra torget 1<\/p><p class=\"listing-card__kontaktuppgifter\">06 221 2555<\/p><\/div><\/div><\/li><li data-etch-element=\"flex-div\" class=\"listing-card\"><figure class=\"listing-card__media-wrapper\"><img decoding=\"async\" src=\"https:\/\/visitkristinestad.fi\/wp-content\/uploads\/2025\/12\/1.jpg\" alt=\"\" class=\"listing-card__image\"><\/img><\/figure><div data-etch-element=\"flex-div\" class=\"listing-card__content-wrapper\"><h3 class=\"listing-card__title\"><a href=\"https:\/\/www.kilen.fi\/sv\/start\/\">Kilens Hembygdsg\u00e5rd<\/a><\/h3><div class=\"listing-card__contact-wrapper\"><p class=\"listing-card__adress\">Kilv\u00e4gen 90<\/p><p class=\"listing-card__kontaktuppgifter\">+358 40 684 5080<\/p><\/div><\/div><\/li><li data-etch-element=\"flex-div\" class=\"listing-card\"><figure class=\"listing-card__media-wrapper\"><img decoding=\"async\" src=\"https:\/\/visitkristinestad.fi\/wp-content\/uploads\/2025\/12\/ladda-ned-2-687x430-1.jpg\" alt=\"\" class=\"listing-card__image\"><\/img><\/figure><div data-etch-element=\"flex-div\" class=\"listing-card__content-wrapper\"><h3 class=\"listing-card__title\"><a href=\"https:\/\/www.abcasemat.fi\/sv\/stationer\/abc-kristiinankaupunki-603218157\">ABC Kristinestad<\/a><\/h3><div class=\"listing-card__contact-wrapper\"><p class=\"listing-card__adress\">Gamla Vasav\u00e4gen 11<\/p><p class=\"listing-card__kontaktuppgifter\">010 764 9420<\/p><\/div><\/div><\/li><li data-etch-element=\"flex-div\" class=\"listing-card\"><figure class=\"listing-card__media-wrapper\"><img decoding=\"async\" src=\"https:\/\/visitkristinestad.fi\/wp-content\/uploads\/2025\/12\/102781154-1565217846965926-4495430663998013440-n.webp\" alt=\"\" class=\"listing-card__image\"><\/img><\/figure><div data-etch-element=\"flex-div\" class=\"listing-card__content-wrapper\"><h3 class=\"listing-card__title\"><a href=\"https:\/\/www.facebook.com\/HavannaPizzeriaKebab\/\">Pizzeria Havanna<\/a><\/h3><div class=\"listing-card__contact-wrapper\"><p class=\"listing-card__adress\">Lappfj\u00e4rdsv\u00e4gen 714<\/p><p class=\"listing-card__kontaktuppgifter\">+358 40 937 8899<\/p><\/div><\/div><\/li><li data-etch-element=\"flex-div\" class=\"listing-card\"><figure class=\"listing-card__media-wrapper\"><img decoding=\"async\" src=\"https:\/\/visitkristinestad.fi\/wp-content\/uploads\/2025\/12\/19875239-1564477543582800-574443914172281703-n.jpg\" alt=\"\" class=\"listing-card__image\"><\/img><\/figure><div data-etch-element=\"flex-div\" class=\"listing-card__content-wrapper\"><h3 class=\"listing-card__title\"><a href=\"https:\/\/www.facebook.com\/VONNELA1\/\">Restaurang Str\u00f6m<\/a><\/h3><div class=\"listing-card__contact-wrapper\"><p class=\"listing-card__adress\">Ulfvesv\u00e4gen 38<\/p><p class=\"listing-card__kontaktuppgifter\">+358 45 129 9080<\/p><\/div><\/div><\/li><li data-etch-element=\"flex-div\" class=\"listing-card\"><figure class=\"listing-card__media-wrapper\"><img decoding=\"async\" src=\"https:\/\/visitkristinestad.fi\/wp-content\/uploads\/2025\/12\/IMG-1473.webp\" alt=\"\" class=\"listing-card__image\"><\/img><\/figure><div data-etch-element=\"flex-div\" class=\"listing-card__content-wrapper\"><h3 class=\"listing-card__title\"><a href=\"https:\/\/www.facebook.com\/pages\/category\/Coffee-Shop\/Mets%C3%A4l%C3%A4n-baari-110096350585311\/\">\u00d6mossa Baren<\/a><\/h3><div class=\"listing-card__contact-wrapper\"><p class=\"listing-card__adress\">Bj\u00f6rneborgsv\u00e4gen 2300<\/p><p class=\"listing-card__kontaktuppgifter\">06 222 9575<\/p><\/div><\/div><\/li><li data-etch-element=\"flex-div\" class=\"listing-card\"><figure class=\"listing-card__media-wrapper\"><img decoding=\"async\" src=\"https:\/\/visitkristinestad.fi\/wp-content\/uploads\/2025\/12\/Sushine-bild-960x600-1.jpg\" alt=\"\" class=\"listing-card__image\"><\/img><\/figure><div data-etch-element=\"flex-div\" class=\"listing-card__content-wrapper\"><h3 class=\"listing-card__title\"><a href=\"https:\/\/www.facebook.com\/1dragonhouselou\/\">Sushine Aasian Herkut<\/a><\/h3><div class=\"listing-card__contact-wrapper\"><p class=\"listing-card__adress\">Sj\u00f6gatan 6<\/p><p class=\"listing-card__kontaktuppgifter\">+358 50 464 4674<\/p><\/div><\/div><\/li><\/ul><div data-etch-element=\"container\" class=\"slogan\"><h2 class=\"slogan__heading\">Koe. Majoitu. Sy\u00f6. Hengit\u00e4.<\/h2><p class=\"slogan__text\">Tarinasi alkaa t\u00e4st\u00e4.<\/p><\/div><\/section>","protected":false},"excerpt":{"rendered":"","protected":false},"author":1,"featured_media":887,"parent":0,"menu_order":0,"comment_status":"closed","ping_status":"closed","template":"","meta":{"_acf_changed":false,"slim_seo":{"title":"Sy\u00f6 - Visit Kristinestad","description":""},"footnotes":""},"class_list":["post-1011","page","type-page","status-publish","has-post-thumbnail","hentry"],"acf":[],"_links":{"self":[{"href":"https:\/\/visitkristinestad.fi\/fi\/wp-json\/wp\/v2\/pages\/1011","targetHints":{"allow":["GET"]}}],"collection":[{"href":"https:\/\/visitkristinestad.fi\/fi\/wp-json\/wp\/v2\/pages"}],"about":[{"href":"https:\/\/visitkristinestad.fi\/fi\/wp-json\/wp\/v2\/types\/page"}],"author":[{"embeddable":true,"href":"https:\/\/visitkristinestad.fi\/fi\/wp-json\/wp\/v2\/users\/1"}],"replies":[{"embeddable":true,"href":"https:\/\/visitkristinestad.fi\/fi\/wp-json\/wp\/v2\/comments?post=1011"}],"version-history":[{"count":5,"href":"https:\/\/visitkristinestad.fi\/fi\/wp-json\/wp\/v2\/pages\/1011\/revisions"}],"predecessor-version":[{"id":1488,"href":"https:\/\/visitkristinestad.fi\/fi\/wp-json\/wp\/v2\/pages\/1011\/revisions\/1488"}],"wp:featuredmedia":[{"embeddable":true,"href":"https:\/\/visitkristinestad.fi\/fi\/wp-json\/wp\/v2\/media\/887"}],"wp:attachment":[{"href":"https:\/\/visitkristinestad.fi\/fi\/wp-json\/wp\/v2\/media?parent=1011"}],"curies":[{"name":"wp","href":"https:\/\/api.w.org\/{rel}","templated":true}]}}