{"id":1815,"date":"2026-01-13T03:40:47","date_gmt":"2026-01-13T01:40:47","guid":{"rendered":"https:\/\/visitkristinestad.fi\/?page_id=1815"},"modified":"2026-01-14T01:34:42","modified_gmt":"2026-01-13T23:34:42","slug":"hiking-trails","status":"publish","type":"page","link":"https:\/\/visitkristinestad.fi\/en\/experience\/nature-sea\/hiking-trails\/","title":{"rendered":"Hiking trails"},"content":{"rendered":"<section data-etch-element=\"section\" class=\"herosektion\"><figure class=\"herosektion__media-wrapper\"><img decoding=\"async\" src=\"https:\/\/visitkristinestad.fi\/wp-content\/uploads\/2026\/01\/Pitkospuut2.webp\" alt=\"\" class=\"herosektion__media\"><\/img><\/figure><div data-etch-element=\"container\" data-intro-style=\"left\" class=\"section-intro-krs herosektion__intro\"><h2 class=\"badge-heading section-intro-krs__badge-heading\">Hiking trails<\/h2><div data-etch-element=\"flex-div\" class=\"section-intro-krs__content-wrapper\"><h2 class=\"section-intro-krs__heading\">Explore the nature by foot and recharge your batteries<\/h2><div data-etch-element=\"flex-div\" class=\"section-intro-krs__text-wrapper\"><p class=\"section-intro-krs__text\">In Kristinestad, you can easily explore nature on foot, with several hiking trails to choose from. At B\u00f6tombergen outdoor recreation area, there are a number of different hiking trails and ski tracks of varying lengths. In Skaftung, there is a nature trail. You can also wander along trails at Storholmen in Perus. Close to the town centre, there is the Tegelbrukbackens-Norrfj\u00e4rdens nature trail, the exercise trail at Bl\u00e5b\u00e4rsskogen and the Bj\u00f6rnk\u00e4rrsslingan trail.<\/p><\/div><\/div><\/div><\/section>\n\n<section data-etch-element=\"section\" class=\"articles-section-alpha\"><ul data-etch-element=\"container\" class=\"articles-section-alpha__articles-list\"><li><article data-etch-element=\"flex-div\" class=\"article-card-alpha\"><div data-etch-element=\"flex-div\" class=\"article-card-alpha__content-wrapper\"><a href=\"\/en\/vandringsleder\/botombergens-vandringsled\/\" aria-label=\"Read \" class=\"article-card-alpha__link\" target=\"_self\"><h3 class=\"article-card-alpha__heading\">B\u00f6tombergens vandringsled<\/h3><\/a><p class=\"article-card-alpha__description\">B\u00f6tomberget, Lappfj\u00e4rd Parkeringsplats och ruttskylt vid start 5 vandringsleder med olika l\u00e4ngd (850 m \u2013 8,5 km) och sv\u00e5righetsgrad Vandra, simma, \u00e5ka pulka, skida, \u00e5ka slalom Varggrottan \u00a0och\u00a0 information om&#8230;<\/p><\/div><figure data-etch-element=\"flex-div\" class=\"article-card-alpha__media-wrapper\"><img decoding=\"async\" src=\"https:\/\/visitkristinestad.fi\/wp-content\/uploads\/2026\/01\/559411129_18165223234369804_8676311447010418859_n.webp\" alt=\"\" class=\"article-card-alpha__media\"><\/img><div data-etch-element=\"flex-div\" class=\"article-card-alpha__meta-overlay\"><p class=\"article-card-alpha__author\">viljamedia<\/p><p class=\"article-card-alpha__date\">Jan 13, 2026<\/p><\/div><\/figure><\/article><\/li><li><article data-etch-element=\"flex-div\" class=\"article-card-alpha\"><div data-etch-element=\"flex-div\" class=\"article-card-alpha__content-wrapper\"><a href=\"\/en\/vandringsleder\/skaftung-naturstig\/\" aria-label=\"Read \" class=\"article-card-alpha__link\" target=\"_self\"><h3 class=\"article-card-alpha__heading\">Skaftung naturstig<\/h3><\/a><p class=\"article-card-alpha__description\">Adress: Frivilasv\u00e4gen &#8211; Holmmyrsv\u00e4gen, 64480 Skaftung 4,5 km och 8 km Dubbellave, k\u00e5ta, lave, forngravar, minnesm\u00e4rke l\u00e4ngs leden<\/p><\/div><figure data-etch-element=\"flex-div\" class=\"article-card-alpha__media-wrapper\"><img decoding=\"async\" src=\"https:\/\/visitkristinestad.fi\/wp-content\/uploads\/2026\/01\/Skaftung-naturstig.jpg\" alt=\"\" class=\"article-card-alpha__media\"><\/img><div data-etch-element=\"flex-div\" class=\"article-card-alpha__meta-overlay\"><p class=\"article-card-alpha__author\">viljamedia<\/p><p class=\"article-card-alpha__date\">Jan 13, 2026<\/p><\/div><\/figure><\/article><\/li><li><article data-etch-element=\"flex-div\" class=\"article-card-alpha\"><div data-etch-element=\"flex-div\" class=\"article-card-alpha__content-wrapper\"><a href=\"\/en\/vandringsleder\/storholmen-i-lappfjard\/\" aria-label=\"Read \" class=\"article-card-alpha__link\" target=\"_self\"><h3 class=\"article-card-alpha__heading\">Storholmen i Lappfj\u00e4rd<\/h3><\/a><p class=\"article-card-alpha__description\">Fr\u00e5n P\u00e4rus Fors -omr\u00e5det leder en g\u00e5ngbro \u00f6ver till Storholmen \u2013 en tv\u00e5 hektar stor och vacker, natursk\u00f6n \u00f6 mellan forsarna. Adress: &amp;nbsp;Lappfj\u00e4rdsv\u00e4gen 1227, 64300 Lappfj\u00e4rd Intill P\u00e4rus Fors, mitt&#8230;<\/p><\/div><figure data-etch-element=\"flex-div\" class=\"article-card-alpha__media-wrapper\"><img decoding=\"async\" src=\"https:\/\/visitkristinestad.fi\/wp-content\/uploads\/2026\/01\/Perus-Fors-3.jpg\" alt=\"\" class=\"article-card-alpha__media\"><\/img><div data-etch-element=\"flex-div\" class=\"article-card-alpha__meta-overlay\"><p class=\"article-card-alpha__author\">viljamedia<\/p><p class=\"article-card-alpha__date\">Jan 13, 2026<\/p><\/div><\/figure><\/article><\/li><li><article data-etch-element=\"flex-div\" class=\"article-card-alpha\"><div data-etch-element=\"flex-div\" class=\"article-card-alpha__content-wrapper\"><a href=\"\/en\/vandringsleder\/tegelbruksbacken\/\" aria-label=\"Read \" class=\"article-card-alpha__link\" target=\"_self\"><h3 class=\"article-card-alpha__heading\">Tegelbruksbacken &#8211; Norrfj\u00e4rden<\/h3><\/a><p class=\"article-card-alpha__description\">Naturstigen \u00e4r ca. 5 km l\u00e5ng.<\/p><\/div><figure data-etch-element=\"flex-div\" class=\"article-card-alpha__media-wrapper\"><img decoding=\"async\" src=\"https:\/\/visitkristinestad.fi\/wp-content\/uploads\/2026\/01\/SKM-C250i200820091902-kopia.jpg\" alt=\"\" class=\"article-card-alpha__media\"><\/img><div data-etch-element=\"flex-div\" class=\"article-card-alpha__meta-overlay\"><p class=\"article-card-alpha__author\">viljamedia<\/p><p class=\"article-card-alpha__date\">Jan 13, 2026<\/p><\/div><\/figure><\/article><\/li><li><article data-etch-element=\"flex-div\" class=\"article-card-alpha\"><div data-etch-element=\"flex-div\" class=\"article-card-alpha__content-wrapper\"><a href=\"\/en\/vandringsleder\/forntida-bergens-vandringsled\/\" aria-label=\"Read \" class=\"article-card-alpha__link\" target=\"_self\"><h3 class=\"article-card-alpha__heading\">Forntida bergens vandringsled<\/h3><\/a><p class=\"article-card-alpha__description\">Ett varierat n\u00e4tverk av vandringsleder som f\u00f6ljer forntida berg mellan Parra och B\u00f6tom, med sidoleder, naturupplevelser och sev\u00e4rdheter, b\u00e4st tillg\u00e4ngligt vintertid men med Parra som bra startpunkt \u00e5ret runt. \u00d6ppna&#8230;<\/p><\/div><figure data-etch-element=\"flex-div\" class=\"article-card-alpha__media-wrapper\"><img decoding=\"async\" src=\"https:\/\/visitkristinestad.fi\/wp-content\/uploads\/2026\/01\/Suksenjarvi-2.jpg\" alt=\"\" class=\"article-card-alpha__media\"><\/img><div data-etch-element=\"flex-div\" class=\"article-card-alpha__meta-overlay\"><p class=\"article-card-alpha__author\">viljamedia<\/p><p class=\"article-card-alpha__date\">Jan 13, 2026<\/p><\/div><\/figure><\/article><\/li><\/ul><\/section>","protected":false},"excerpt":{"rendered":"","protected":false},"author":1,"featured_media":0,"parent":1059,"menu_order":0,"comment_status":"closed","ping_status":"closed","template":"","meta":{"_acf_changed":false,"slim_seo":{"title":"Hiking trails - Visit Kristinestad","description":""},"footnotes":""},"class_list":["post-1815","page","type-page","status-publish","hentry"],"acf":[],"_links":{"self":[{"href":"https:\/\/visitkristinestad.fi\/en\/wp-json\/wp\/v2\/pages\/1815","targetHints":{"allow":["GET"]}}],"collection":[{"href":"https:\/\/visitkristinestad.fi\/en\/wp-json\/wp\/v2\/pages"}],"about":[{"href":"https:\/\/visitkristinestad.fi\/en\/wp-json\/wp\/v2\/types\/page"}],"author":[{"embeddable":true,"href":"https:\/\/visitkristinestad.fi\/en\/wp-json\/wp\/v2\/users\/1"}],"replies":[{"embeddable":true,"href":"https:\/\/visitkristinestad.fi\/en\/wp-json\/wp\/v2\/comments?post=1815"}],"version-history":[{"count":2,"href":"https:\/\/visitkristinestad.fi\/en\/wp-json\/wp\/v2\/pages\/1815\/revisions"}],"predecessor-version":[{"id":1817,"href":"https:\/\/visitkristinestad.fi\/en\/wp-json\/wp\/v2\/pages\/1815\/revisions\/1817"}],"up":[{"embeddable":true,"href":"https:\/\/visitkristinestad.fi\/en\/wp-json\/wp\/v2\/pages\/1059"}],"wp:attachment":[{"href":"https:\/\/visitkristinestad.fi\/en\/wp-json\/wp\/v2\/media?parent=1815"}],"curies":[{"name":"wp","href":"https:\/\/api.w.org\/{rel}","templated":true}]}}