{"id":1813,"date":"2026-01-09T09:20:37","date_gmt":"2026-01-09T07:20:37","guid":{"rendered":"https:\/\/visitkristinestad.fi\/?page_id=1813"},"modified":"2026-02-04T06:01:54","modified_gmt":"2026-02-04T04:01:54","slug":"outdooractive","status":"publish","type":"page","link":"https:\/\/visitkristinestad.fi\/en\/experience\/outdooractive\/","title":{"rendered":"Outdooractive"},"content":{"rendered":"<section data-etch-element=\"section\" class=\"herosektion\"><figure class=\"herosektion__media-wrapper\"><img decoding=\"async\" src=\"https:\/\/visitkristinestad.fi\/wp-content\/uploads\/2026\/01\/Outdooractive-sivu.webp\" alt=\"\" class=\"herosektion__media\"><\/img><\/figure><div data-etch-element=\"container\" data-intro-style=\"left\" class=\"section-intro-krs herosektion__intro\"><h2 class=\"badge-heading section-intro-krs__badge-heading\">Outdooractive<\/h2><div data-etch-element=\"flex-div\" class=\"section-intro-krs__content-wrapper\"><h2 class=\"section-intro-krs__heading\">DISCOVER HIKING TRAILS, ARCHIPELAGO NATURE &amp; LOCAL HISTORY<\/h2><div data-etch-element=\"flex-div\" class=\"section-intro-krs__text-wrapper\"><p class=\"section-intro-krs__text\">In Kristinestad, you encounter pure Finnish nature and the constant presence of the sea. Here, everyday luxury awaits \u2014 something hard to find elsewhere. We offer peaceful forests, open fields, fresh coastal winds, and serene shores that invite both relaxation and adventure.<\/p><p class=\"section-intro-krs__text\">Walk through silent forests, cycle along the coastline, greet grazing animals, spread out a picnic blanket in greenery, or let the sea touch your toes.<\/p><\/div><\/div><\/div><\/section><section data-etch-element=\"section\" class=\"articles-section-alpha\"><ul data-etch-element=\"container\" class=\"articles-section-alpha__articles-list\"><li><article data-etch-element=\"flex-div\" class=\"article-card-alpha\"><div data-etch-element=\"flex-div\" class=\"article-card-alpha__content-wrapper\"><a href=\"https:\/\/www.outdooractive.com\/sv\/route\/cykelturer\/republiken-finland\/tour-the-kristinestad\/802415782\/\" aria-label=\"Read \" class=\"article-card-alpha__link\" target=\"_blank\"><h3 class=\"article-card-alpha__heading\">Tour de Kristinestad<\/h3><\/a><p class=\"article-card-alpha__description\">https:\/\/www.outdooractive.com\/sv\/route\/cykelturer\/republiken-finland\/tour-the-kristinestad\/802415782<\/p><\/div><figure data-etch-element=\"flex-div\" class=\"article-card-alpha__media-wrapper\"><img decoding=\"async\" src=\"https:\/\/visitkristinestad.fi\/wp-content\/uploads\/2026\/01\/tour-de-kristinestad.webp\" alt=\"\" class=\"article-card-alpha__media\"><\/img><div data-etch-element=\"flex-div\" class=\"article-card-alpha__meta-overlay\"><p class=\"article-card-alpha__author\">viljamedia<\/p><p class=\"article-card-alpha__date\">Jan 12, 2026<\/p><\/div><\/figure><\/article><\/li><li><article data-etch-element=\"flex-div\" class=\"article-card-alpha\"><div data-etch-element=\"flex-div\" class=\"article-card-alpha__content-wrapper\"><a href=\"https:\/\/www.outdooractive.com\/sv\/route\/cykelturer\/kristinestad\/cittaslow-tur\/50413286\/\" aria-label=\"Read \" class=\"article-card-alpha__link\" target=\"_blank\"><h3 class=\"article-card-alpha__heading\">Cittaslow-tur<\/h3><\/a><p class=\"article-card-alpha__description\">https:\/\/www.outdooractive.com\/sv\/route\/cykelturer\/kristinestad\/cittaslow-tur\/50413286<\/p><\/div><figure data-etch-element=\"flex-div\" class=\"article-card-alpha__media-wrapper\"><img decoding=\"async\" src=\"https:\/\/visitkristinestad.fi\/wp-content\/uploads\/2026\/01\/cittaslow-tur.jpg\" alt=\"\" class=\"article-card-alpha__media\"><\/img><div data-etch-element=\"flex-div\" class=\"article-card-alpha__meta-overlay\"><p class=\"article-card-alpha__author\">viljamedia<\/p><p class=\"article-card-alpha__date\">Jan 12, 2026<\/p><\/div><\/figure><\/article><\/li><li><article data-etch-element=\"flex-div\" class=\"article-card-alpha\"><div data-etch-element=\"flex-div\" class=\"article-card-alpha__content-wrapper\"><a href=\"https:\/\/www.outdooractive.com\/sv\/route\/cykelturer\/cittago\/50791311\/\" aria-label=\"Read \" class=\"article-card-alpha__link\" target=\"_blank\"><h3 class=\"article-card-alpha__heading\">Cittago<\/h3><\/a><p class=\"article-card-alpha__description\">https:\/\/www.outdooractive.com\/sv\/route\/cykelturer\/cittago\/50791311<\/p><\/div><figure data-etch-element=\"flex-div\" class=\"article-card-alpha__media-wrapper\"><img decoding=\"async\" src=\"https:\/\/visitkristinestad.fi\/wp-content\/uploads\/2026\/01\/cittago.jpg\" alt=\"\" class=\"article-card-alpha__media\"><\/img><div data-etch-element=\"flex-div\" class=\"article-card-alpha__meta-overlay\"><p class=\"article-card-alpha__author\">viljamedia<\/p><p class=\"article-card-alpha__date\">Jan 12, 2026<\/p><\/div><\/figure><\/article><\/li><li><article data-etch-element=\"flex-div\" class=\"article-card-alpha\"><div data-etch-element=\"flex-div\" class=\"article-card-alpha__content-wrapper\"><a href=\"https:\/\/www.outdooractive.com\/sv\/route\/vandringsstig\/republiken-finland\/tegelbruksbacken-norrfjaerdens-naturstig\/54324386\/\" aria-label=\"Read \" class=\"article-card-alpha__link\" target=\"_blank\"><h3 class=\"article-card-alpha__heading\">Tegelbruksbacken-Norrfj\u00e4rdens Naturstig<\/h3><\/a><p class=\"article-card-alpha__description\"><\/p><\/div><figure data-etch-element=\"flex-div\" class=\"article-card-alpha__media-wrapper\"><img decoding=\"async\" src=\"https:\/\/visitkristinestad.fi\/wp-content\/uploads\/2026\/01\/tegelbruksbacken.jpg\" alt=\"\" class=\"article-card-alpha__media\"><\/img><div data-etch-element=\"flex-div\" class=\"article-card-alpha__meta-overlay\"><p class=\"article-card-alpha__author\">viljamedia<\/p><p class=\"article-card-alpha__date\">Jan 12, 2026<\/p><\/div><\/figure><\/article><\/li><li><article data-etch-element=\"flex-div\" class=\"article-card-alpha\"><div data-etch-element=\"flex-div\" class=\"article-card-alpha__content-wrapper\"><a href=\"https:\/\/www.outdooractive.com\/sv\/route\/kajak\/republiken-finland\/skatan-runt\/50791349\/\" aria-label=\"Read \" class=\"article-card-alpha__link\" target=\"_blank\"><h3 class=\"article-card-alpha__heading\">Skatan runt<\/h3><\/a><p class=\"article-card-alpha__description\"><\/p><\/div><figure data-etch-element=\"flex-div\" class=\"article-card-alpha__media-wrapper\"><img decoding=\"async\" src=\"https:\/\/visitkristinestad.fi\/wp-content\/uploads\/2026\/01\/skatan-runt.jpg\" alt=\"\" class=\"article-card-alpha__media\"><\/img><div data-etch-element=\"flex-div\" class=\"article-card-alpha__meta-overlay\"><p class=\"article-card-alpha__author\">viljamedia<\/p><p class=\"article-card-alpha__date\">Jan 12, 2026<\/p><\/div><\/figure><\/article><\/li><li><article data-etch-element=\"flex-div\" class=\"article-card-alpha\"><div data-etch-element=\"flex-div\" class=\"article-card-alpha__content-wrapper\"><a href=\"https:\/\/www.outdooractive.com\/sv\/route\/kajak\/republiken-finland\/vilgrund-och-adgrund\/51017997\/\" aria-label=\"Read \" class=\"article-card-alpha__link\" target=\"_blank\"><h3 class=\"article-card-alpha__heading\">Vilgrund och \u00c5dgrund<\/h3><\/a><p class=\"article-card-alpha__description\"><\/p><\/div><figure data-etch-element=\"flex-div\" class=\"article-card-alpha__media-wrapper\"><img decoding=\"async\" src=\"https:\/\/visitkristinestad.fi\/wp-content\/uploads\/2026\/01\/vilgrund.jpg\" alt=\"\" class=\"article-card-alpha__media\"><\/img><div data-etch-element=\"flex-div\" class=\"article-card-alpha__meta-overlay\"><p class=\"article-card-alpha__author\">viljamedia<\/p><p class=\"article-card-alpha__date\">Jan 12, 2026<\/p><\/div><\/figure><\/article><\/li><li><article data-etch-element=\"flex-div\" class=\"article-card-alpha\"><div data-etch-element=\"flex-div\" class=\"article-card-alpha__content-wrapper\"><a href=\"https:\/\/www.outdooractive.com\/sv\/route\/kajak\/republiken-finland\/murgrund-och-oesterskaeret\/51017973\/\" aria-label=\"Read \" class=\"article-card-alpha__link\" target=\"_blank\"><h3 class=\"article-card-alpha__heading\">Murgrund och \u00d6stersk\u00e4ret<\/h3><\/a><p class=\"article-card-alpha__description\"><\/p><\/div><figure data-etch-element=\"flex-div\" class=\"article-card-alpha__media-wrapper\"><img decoding=\"async\" src=\"https:\/\/visitkristinestad.fi\/wp-content\/uploads\/2026\/01\/murgrund.jpg\" alt=\"\" class=\"article-card-alpha__media\"><\/img><div data-etch-element=\"flex-div\" class=\"article-card-alpha__meta-overlay\"><p class=\"article-card-alpha__author\">viljamedia<\/p><p class=\"article-card-alpha__date\">Jan 12, 2026<\/p><\/div><\/figure><\/article><\/li><li><article data-etch-element=\"flex-div\" class=\"article-card-alpha\"><div data-etch-element=\"flex-div\" class=\"article-card-alpha__content-wrapper\"><a href=\"https:\/\/www.outdooractive.com\/sv\/route\/kajak\/republiken-finland\/antila-laenken\/51017945\/\" aria-label=\"Read \" class=\"article-card-alpha__link\" target=\"_blank\"><h3 class=\"article-card-alpha__heading\">Antila-l\u00e4nken<\/h3><\/a><p class=\"article-card-alpha__description\"><\/p><\/div><figure data-etch-element=\"flex-div\" class=\"article-card-alpha__media-wrapper\"><img decoding=\"async\" src=\"https:\/\/visitkristinestad.fi\/wp-content\/uploads\/2026\/01\/antilalanken.jpg\" alt=\"\" class=\"article-card-alpha__media\"><\/img><div data-etch-element=\"flex-div\" class=\"article-card-alpha__meta-overlay\"><p class=\"article-card-alpha__author\">viljamedia<\/p><p class=\"article-card-alpha__date\">Jan 12, 2026<\/p><\/div><\/figure><\/article><\/li><li><article data-etch-element=\"flex-div\" class=\"article-card-alpha\"><div data-etch-element=\"flex-div\" class=\"article-card-alpha__content-wrapper\"><a href=\"https:\/\/www.outdooractive.com\/sv\/route\/vandringsstig\/republiken-finland\/blue-trail-rundan\/54324391\/\" aria-label=\"Read \" class=\"article-card-alpha__link\" target=\"_blank\"><h3 class=\"article-card-alpha__heading\">Blue trail-rundan<\/h3><\/a><p class=\"article-card-alpha__description\"><\/p><\/div><figure data-etch-element=\"flex-div\" class=\"article-card-alpha__media-wrapper\"><img decoding=\"async\" src=\"https:\/\/visitkristinestad.fi\/wp-content\/uploads\/2026\/01\/blue-trail.jpg\" alt=\"\" class=\"article-card-alpha__media\"><\/img><div data-etch-element=\"flex-div\" class=\"article-card-alpha__meta-overlay\"><p class=\"article-card-alpha__author\">viljamedia<\/p><p class=\"article-card-alpha__date\">Jan 12, 2026<\/p><\/div><\/figure><\/article><\/li><li><article data-etch-element=\"flex-div\" class=\"article-card-alpha\"><div data-etch-element=\"flex-div\" class=\"article-card-alpha__content-wrapper\"><a href=\"https:\/\/www.outdooractive.com\/sv\/route\/vandringsstig\/republiken-finland\/bjoernkaerrsslingan\/54324356\/\" aria-label=\"Read \" class=\"article-card-alpha__link\" target=\"_blank\"><h3 class=\"article-card-alpha__heading\">Bj\u00f6rnk\u00e4rrsslingan<\/h3><\/a><p class=\"article-card-alpha__description\"><\/p><\/div><figure data-etch-element=\"flex-div\" class=\"article-card-alpha__media-wrapper\"><img decoding=\"async\" src=\"https:\/\/visitkristinestad.fi\/wp-content\/uploads\/2026\/01\/bjornkarrsslingan.jpg\" alt=\"\" class=\"article-card-alpha__media\"><\/img><div data-etch-element=\"flex-div\" class=\"article-card-alpha__meta-overlay\"><p class=\"article-card-alpha__author\">viljamedia<\/p><p class=\"article-card-alpha__date\">Jan 12, 2026<\/p><\/div><\/figure><\/article><\/li><li><article data-etch-element=\"flex-div\" class=\"article-card-alpha\"><div data-etch-element=\"flex-div\" class=\"article-card-alpha__content-wrapper\"><a href=\"https:\/\/www.outdooractive.com\/sv\/route\/kajak\/republiken-finland\/minnen-fran-skaftungs-glansperiod\/800442021\/\" aria-label=\"Read \" class=\"article-card-alpha__link\" target=\"_blank\"><h3 class=\"article-card-alpha__heading\">Minnen fr\u00e5n Skaftungs glansperiod<\/h3><\/a><p class=\"article-card-alpha__description\"><\/p><\/div><figure data-etch-element=\"flex-div\" class=\"article-card-alpha__media-wrapper\"><img decoding=\"async\" src=\"https:\/\/visitkristinestad.fi\/wp-content\/uploads\/2026\/01\/skaftung.jpg\" alt=\"\" class=\"article-card-alpha__media\"><\/img><div data-etch-element=\"flex-div\" class=\"article-card-alpha__meta-overlay\"><p class=\"article-card-alpha__author\">viljamedia<\/p><p class=\"article-card-alpha__date\">Jan 12, 2026<\/p><\/div><\/figure><\/article><\/li><li><article data-etch-element=\"flex-div\" class=\"article-card-alpha\"><div data-etch-element=\"flex-div\" class=\"article-card-alpha__content-wrapper\"><a href=\"https:\/\/www.outdooractive.com\/sv\/route\/kajak\/republiken-finland\/skaftung-till-havs-\/800498326\/\" aria-label=\"Read \" class=\"article-card-alpha__link\" target=\"_blank\"><h3 class=\"article-card-alpha__heading\">Skaftung &#8211; Till havs!<\/h3><\/a><p class=\"article-card-alpha__description\"><\/p><\/div><figure data-etch-element=\"flex-div\" class=\"article-card-alpha__media-wrapper\"><img decoding=\"async\" src=\"https:\/\/visitkristinestad.fi\/wp-content\/uploads\/2026\/01\/skaftung-till-havs.jpg\" alt=\"\" class=\"article-card-alpha__media\"><\/img><div data-etch-element=\"flex-div\" class=\"article-card-alpha__meta-overlay\"><p class=\"article-card-alpha__author\">viljamedia<\/p><p class=\"article-card-alpha__date\">Jan 12, 2026<\/p><\/div><\/figure><\/article><\/li><li><article data-etch-element=\"flex-div\" class=\"article-card-alpha\"><div data-etch-element=\"flex-div\" class=\"article-card-alpha__content-wrapper\"><a href=\"https:\/\/www.outdooractive.com\/sv\/route\/kajak\/republiken-finland\/skaftung-hoegklubben-och-nordvaestra-delarna-av-skaergarden\/800518525\/\" aria-label=\"Read \" class=\"article-card-alpha__link\" target=\"_blank\"><h3 class=\"article-card-alpha__heading\">Skaftung &#8211; H\u00f6gklubben och nordv\u00e4stra delarna av sk\u00e4rg\u00e5rden<\/h3><\/a><p class=\"article-card-alpha__description\"><\/p><\/div><figure data-etch-element=\"flex-div\" class=\"article-card-alpha__media-wrapper\"><img decoding=\"async\" src=\"https:\/\/visitkristinestad.fi\/wp-content\/uploads\/2026\/01\/skaftung-hogklubben.jpg\" alt=\"\" class=\"article-card-alpha__media\"><\/img><div data-etch-element=\"flex-div\" class=\"article-card-alpha__meta-overlay\"><p class=\"article-card-alpha__author\">viljamedia<\/p><p class=\"article-card-alpha__date\">Jan 12, 2026<\/p><\/div><\/figure><\/article><\/li><li><article data-etch-element=\"flex-div\" class=\"article-card-alpha\"><div data-etch-element=\"flex-div\" class=\"article-card-alpha__content-wrapper\"><a href=\"https:\/\/www.outdooractive.com\/sv\/route\/kajak\/republiken-finland\/skaftungleden\/800608283\/\" aria-label=\"Read \" class=\"article-card-alpha__link\" target=\"_blank\"><h3 class=\"article-card-alpha__heading\">Skaftungleden<\/h3><\/a><p class=\"article-card-alpha__description\"><\/p><\/div><figure data-etch-element=\"flex-div\" class=\"article-card-alpha__media-wrapper\"><img decoding=\"async\" src=\"https:\/\/visitkristinestad.fi\/wp-content\/uploads\/2026\/01\/skaftungleden.jpg\" alt=\"\" class=\"article-card-alpha__media\"><\/img><div data-etch-element=\"flex-div\" class=\"article-card-alpha__meta-overlay\"><p class=\"article-card-alpha__author\">viljamedia<\/p><p class=\"article-card-alpha__date\">Jan 12, 2026<\/p><\/div><\/figure><\/article><\/li><\/ul><\/section>","protected":false},"excerpt":{"rendered":"","protected":false},"author":1,"featured_media":0,"parent":1049,"menu_order":0,"comment_status":"closed","ping_status":"closed","template":"","meta":{"_acf_changed":false,"slim_seo":{"title":"Outdooractive - Visit Kristinestad","description":""},"footnotes":""},"class_list":["post-1813","page","type-page","status-publish","hentry"],"acf":[],"_links":{"self":[{"href":"https:\/\/visitkristinestad.fi\/en\/wp-json\/wp\/v2\/pages\/1813","targetHints":{"allow":["GET"]}}],"collection":[{"href":"https:\/\/visitkristinestad.fi\/en\/wp-json\/wp\/v2\/pages"}],"about":[{"href":"https:\/\/visitkristinestad.fi\/en\/wp-json\/wp\/v2\/types\/page"}],"author":[{"embeddable":true,"href":"https:\/\/visitkristinestad.fi\/en\/wp-json\/wp\/v2\/users\/1"}],"replies":[{"embeddable":true,"href":"https:\/\/visitkristinestad.fi\/en\/wp-json\/wp\/v2\/comments?post=1813"}],"version-history":[{"count":2,"href":"https:\/\/visitkristinestad.fi\/en\/wp-json\/wp\/v2\/pages\/1813\/revisions"}],"predecessor-version":[{"id":1905,"href":"https:\/\/visitkristinestad.fi\/en\/wp-json\/wp\/v2\/pages\/1813\/revisions\/1905"}],"up":[{"embeddable":true,"href":"https:\/\/visitkristinestad.fi\/en\/wp-json\/wp\/v2\/pages\/1049"}],"wp:attachment":[{"href":"https:\/\/visitkristinestad.fi\/en\/wp-json\/wp\/v2\/media?parent=1813"}],"curies":[{"name":"wp","href":"https:\/\/api.w.org\/{rel}","templated":true}]}}