{"id":1059,"date":"2026-01-03T20:10:08","date_gmt":"2026-01-03T18:10:08","guid":{"rendered":"https:\/\/krs.viljamedia.com\/?page_id=1059"},"modified":"2026-01-13T22:21:44","modified_gmt":"2026-01-13T20:21:44","slug":"nature-sea","status":"publish","type":"page","link":"https:\/\/visitkristinestad.fi\/en\/experience\/nature-sea\/","title":{"rendered":"Nature &#038; sea"},"content":{"rendered":"<section data-etch-element=\"section\" class=\"herosektion\">\n<figure class=\"herosektion__media-wrapper\"><img decoding=\"async\" src=\"https:\/\/visitkristinestad.fi\/wp-content\/uploads\/2026\/01\/Kristinestad-vy-1.webp\" alt=\"\" class=\"herosektion__media\"><\/img><\/figure>\n<div data-etch-element=\"container\" data-intro-style=\"left\" class=\"section-intro-krs herosektion__intro\">\n<h2 class=\"badge-heading section-intro-krs__badge-heading\">Outdoor<\/h2>\n<div data-etch-element=\"flex-div\" class=\"section-intro-krs__content-wrapper\">\n<h2 class=\"section-intro-krs__heading\">Once upon a time, there was a town you never wanted to leave.<\/h2>\n<div data-etch-element=\"flex-div\" class=\"section-intro-krs__text-wrapper\">\n<p class=\"section-intro-krs__text\">In Kristinestad, you encounter pure Finnish nature and the constant presence of the sea. Here, everyday luxury awaits \u2014 something hard to find elsewhere. We offer peaceful forests, open fields, fresh coastal winds, and serene shores that invite both relaxation and adventure.<\/p>\n<\/div>\n<\/div>\n<\/div>\n<\/section>\n<section data-etch-element=\"section\" class=\"content-section-quebec\" id=\"etch-guhbomt\">\n<div data-etch-element=\"container\" class=\"content-section-quebec__inner\">\n<div data-etch-element=\"flex-div\" class=\"content-section-quebec__content-wrapper smart-spacing\">\n<h2 class=\"content-section-quebec__heading\">Active outdoor life \u2013 your way<\/h2>\n<div class=\"content-section-quebec__text-group smart-spacing\">\n<p>Rent a bike and explore the area at your own pace, or head out onto the lake with a SUP board or kayak from summer rental company Wildoo. For those who prefer to get around on foot, there are plenty of options: the hiking trails and ski tracks of B\u00f6tomberg, the nature trail in Skaftung, the paths on Storholmen in Perus and several nature trails close to the centre, such as the Tegelbrukbacken\u2013Norrfj\u00e4rden nature trail, the Bl\u00e5b\u00e4rsskogen exercise trail and the Bj\u00f6rnk\u00e4rrsslingan trail.<\/p>\n<\/div>\n<p><a href=\"https:\/\/www.outdooractive.com\/sv\/reseguide\/republiken-finland\/kristinestad\/24014850\/\" class=\"btn--accent\" target=\"_blank\">Discover more at Outdooractive<\/a><\/div>\n<div data-etch-element=\"flex-div\" class=\"content-section-quebec__media-group\">\n<figure class=\"content-section-quebec__media-wrapper\"><img decoding=\"async\" src=\"https:\/\/visitkristinestad.fi\/wp-content\/uploads\/2026\/01\/Tiilitehtaanmaki-Pohjoislahti-1.webp\" class=\"content-section-quebec__media\" alt=\"\"><\/img><\/figure>\n<figure class=\"content-section-quebec__media-wrapper\"><img decoding=\"async\" src=\"https:\/\/visitkristinestad.fi\/wp-content\/uploads\/2026\/01\/277898201-1095658767832793-4484697039286991184-n2.webp\" class=\"content-section-quebec__media\" alt=\"\"><\/img><\/figure>\n<\/div>\n<\/div>\n<\/section>\n<section data-etch-element=\"section\" class=\"content-section-tango\">\n<div data-etch-element=\"container\" class=\"content-section-tango__inner\">\n<div data-etch-element=\"flex-div\" class=\"content-section-tango__content-wrapper\">\n<h2 class=\"content-section-tango__headline\">B\u00f6tombergen<\/h2>\n<p class=\"content-section-tango__lede\">About 15 km northeast of Kristinestad&#039;s city centre lies the unique B\u00f6tomberg area, where five mountain peaks rise clearly above the otherwise flat Ostrobothnia region. At Vargberget, a cave has been found that is the largest in Finland in terms of surface area. What makes Varggrottan so amazing is that objects made by Neanderthals 120,000 years ago have been found there! Varggrottan is by far the oldest known settlement in the Nordic countries. You can also take a peek inside Varggrottan \u2013 but only through a grille. <\/p>\n<p class=\"hero-alpha__lede\">From the B\u00f6tombergen Ski Centre, you can go hiking along excellent hiking trails in the summer. You can see the large stone fields formed during the Ice Age, ravines, stone walls, groves and the rich flora with the rare sipprankan plant. In winter, B\u00f6tombergen is a popular destination for skiers and slalom skiers. There are now three official hiking trails on B\u00f6tombergen. Follow the blue, orange or yellow trail. Markings are found on the trees.<\/p>\n<\/div>\n<div data-etch-element=\"flex-div\" class=\"content-section-tango__image-group\">\n<figure class=\"content-section-tango__figure\"><img decoding=\"async\" src=\"https:\/\/visitkristinestad.fi\/wp-content\/uploads\/2026\/01\/kristinestad-koe-aktiviteetit-urheilu3.jpg\" alt=\"\" class=\"content-section-tango__image\"><\/img><\/figure>\n<\/div>\n<\/div>\n<\/section>\n<section data-etch-element=\"section\" class=\"content-section-tango\" id=\"naturen-havet\">\n<div data-etch-element=\"container\" class=\"content-section-tango-reverse__inner\">\n<div data-etch-element=\"flex-div\" class=\"content-section-tango__content-wrapper\">\n<h2 class=\"content-section-tango__headline\">Nature &amp; The Sea<\/h2>\n<p class=\"content-section-tango__lede\">Our town opens up to pure Finnish nature, a living countryside, and fresh winds that invite you to pause and explore every day of the year. Walk through silent forests, cycle along the coastline, greet grazing animals, spread out a picnic blanket in greenery, or let the sea touch your toes.<\/p>\n<\/div>\n<div data-etch-element=\"flex-div\" class=\"content-section-tango-reverse__image-group\">\n<figure class=\"content-section-tango__figure\"><img decoding=\"async\" src=\"https:\/\/visitkristinestad.fi\/wp-content\/uploads\/2026\/01\/cornermarknad-torg-hav-354-41-50-.webp\" alt=\"\" class=\"content-section-tango__image\"><\/img><\/figure>\n<\/div>\n<\/div>\n<\/section>\n<section data-etch-element=\"section\" class=\"content-section-tango\">\n<div data-etch-element=\"container\" class=\"content-section-tango__inner\">\n<div data-etch-element=\"flex-div\" class=\"content-section-tango__content-wrapper\">\n<h2 class=\"content-section-tango__headline\">Discover our hiking trails and nature trails<\/h2>\n<p class=\"content-section-tango__lede\">For those who want to be active, there is a wide selection of trails and paths:<\/p>\n<div>\n<p>B\u00f6tomberg outdoor recreation area \u2013 several hiking trails and ski tracks of varying lengths.<\/p>\n<p>Tegelbrukbacken\u2013Norrfj\u00e4rden nature trail \u2013 close to the city centre, easy to reach.<\/p>\n<p>Skaftungs nature trail \u2013 a beautiful combination of coastal nature and forest.<\/p>\n<p>Storholmen in Perus \u2013 trails in a natural environment.<\/p>\n<p>The Bl\u00e5b\u00e4rsskogen exercise trail and Bj\u00f6rnk\u00e4rrsslingan \u2013 perfect for a shorter run close to town.<\/p>\n<p>Forntida Bergens trail \u2013 history and nature in a unique combination.<\/p>\n<\/div>\n<\/div>\n<div data-etch-element=\"flex-div\" class=\"content-section-tango__image-group\">\n<figure class=\"content-section-tango__figure\"><img decoding=\"async\" src=\"https:\/\/visitkristinestad.fi\/wp-content\/uploads\/2026\/01\/559411129_18165223234369804_8676311447010418859_n.webp\" alt=\"\" class=\"content-section-tango__image\"><\/img><\/figure>\n<\/div>\n<\/div>\n<\/section>\n","protected":false},"excerpt":{"rendered":"<p>Outdoor Once upon a time, there was a town you never wanted to leave. In Kristinestad, you encounter pure Finnish nature and the constant presence of the sea. Here, everyday luxury awaits \u2014 something hard to find elsewhere. We offer peaceful forests, open fields, fresh coastal winds, and serene shores that invite both relaxation and [&hellip;]<\/p>\n","protected":false},"author":1,"featured_media":0,"parent":1049,"menu_order":0,"comment_status":"closed","ping_status":"closed","template":"","meta":{"_acf_changed":false,"slim_seo":{"title":"Outdoor - Visit Kristinestad","description":"Outdoor Once upon a time, there was a town you never wanted to leave. In Kristinestad, you encounter pure Finnish nature and the constant presence of the sea. H"},"footnotes":""},"class_list":["post-1059","page","type-page","status-publish","hentry"],"acf":[],"_links":{"self":[{"href":"https:\/\/visitkristinestad.fi\/en\/wp-json\/wp\/v2\/pages\/1059","targetHints":{"allow":["GET"]}}],"collection":[{"href":"https:\/\/visitkristinestad.fi\/en\/wp-json\/wp\/v2\/pages"}],"about":[{"href":"https:\/\/visitkristinestad.fi\/en\/wp-json\/wp\/v2\/types\/page"}],"author":[{"embeddable":true,"href":"https:\/\/visitkristinestad.fi\/en\/wp-json\/wp\/v2\/users\/1"}],"replies":[{"embeddable":true,"href":"https:\/\/visitkristinestad.fi\/en\/wp-json\/wp\/v2\/comments?post=1059"}],"version-history":[{"count":7,"href":"https:\/\/visitkristinestad.fi\/en\/wp-json\/wp\/v2\/pages\/1059\/revisions"}],"predecessor-version":[{"id":1810,"href":"https:\/\/visitkristinestad.fi\/en\/wp-json\/wp\/v2\/pages\/1059\/revisions\/1810"}],"up":[{"embeddable":true,"href":"https:\/\/visitkristinestad.fi\/en\/wp-json\/wp\/v2\/pages\/1049"}],"wp:attachment":[{"href":"https:\/\/visitkristinestad.fi\/en\/wp-json\/wp\/v2\/media?parent=1059"}],"curies":[{"name":"wp","href":"https:\/\/api.w.org\/{rel}","templated":true}]}}