{"id":1034,"date":"2025-12-05T03:01:04","date_gmt":"2025-12-05T01:01:04","guid":{"rendered":"https:\/\/krs.viljamedia.com\/?page_id=1034"},"modified":"2026-03-17T06:20:58","modified_gmt":"2026-03-17T04:20:58","slug":"home","status":"publish","type":"page","link":"https:\/\/visitkristinestad.fi\/en\/","title":{"rendered":"Home"},"content":{"rendered":"<section data-etch-element=\"section\" class=\"hero-krs\"><figure class=\"hero-krs__media-wrapper\"><img decoding=\"async\" src=\"https:\/\/visitkristinestad.fi\/wp-content\/uploads\/2026\/01\/Kesa2025-drone-WEB-8-2.webp\" alt=\"\" class=\"hero-krs__media\" id=\"startsida-hero\"><\/img><img decoding=\"async\" src=\"https:\/\/visitkristinestad.fi\/wp-content\/uploads\/2025\/12\/Visit-KRS-divider-1.webp\" class=\"footer-alpha__shape-overlay-image-1\" alt=\"\"><\/img><\/figure><\/section><section data-etch-element=\"section\" class=\"intro-start\"><div data-etch-element=\"container\" data-intro-style=\"center\" class=\"intro-start__section-intro-start\"><h1 class=\"intro-start__headline\"> Kristinestad<\/h1><p class=\"intro-start__accent-heading\">Welcome to<\/p><div data-etch-element=\"flex-div\" class=\"intro-start__content-wrapper\"><h2 class=\"intro-start__heading\">Once upon a time, there was a town you never wanted to leave.<\/h2><div data-etch-element=\"flex-div\" class=\"intro-start__text-wrapper\"><p class=\"section-intro-krs__text intro-start__text\">Here the genuine and the curious meet. Wander along cobblestone streets, taste the treasures of the sea, or enjoy a coffee in the sunshine.<\/p><p class=\"section-intro-krs__text intro-start__text\">A seafaring town on the shores of the Gulf of Bothnia, where wooden houses tell stories of times gone by and time itself seems to pause for a moment<\/p><p class=\"section-intro-krs__text intro-start__text\" id=\"etch-t9knyg7\">This is Finland\u2019s Cittaslow town. In Kristinestad, you feel like you are living just a little more.<\/p><div data-etch-element=\"flex-div\" class=\"intro-start__cta-wrapper\"><a href=\"\/en\/eat\/\" class=\"btn--accent\">Eat<\/a><a href=\"\/en\/stay\/\" class=\"btn--primary\">Stay<\/a><a href=\"\/en\/experience\/\" class=\"btn--secondary\">Experience<\/a><\/div><\/div><\/div><\/div><\/section><section data-etch-element=\"section\" class=\"event-section-one\"><div data-etch-element=\"container\" class=\"event-section-one__intro\"><h2 class=\"event-section-one__heading\">Events and activities<\/h2><p class=\"event-section-one__lede\">Pohjanmaan Event Calendar keeps you updated.<\/p><\/div><div data-etch-element=\"container\" class=\"event-grid-one\"><div data-etch-element=\"flex-div\" class=\"event-card-one\"><figure class=\"event-card-one__media-wrapper\"><img decoding=\"async\" src=\"https:\/\/events.osterbotten.fi\/assets\/Uploads\/Hemslojdsgarden__PadWzQ0MCw0NDAsIkZGRkZGRiIsMF0.webp, https:\/\/events.osterbotten.fi\/assets\/Uploads\/Krs-hjartforenings-logo-v2__PadWzQ0MCw0NDAsIkZGRkZGRiIsMF0.webp, https:\/\/events.osterbotten.fi\/assets\/Uploads\/Hemslojdsgarden__PadWzQ0MCw0NDAsIkZGRkZGRiIsMF0.webp, https:\/\/events.osterbotten.fi\/assets\/Uploads\/Krs-hjartforenings-logo-v2__PadWzQ0MCw0NDAsIkZGRkZGRiIsMF0.webp\" alt=\"\" class=\"event-card-one__image\"><\/img><\/figure><div data-etch-element=\"flex-div\" class=\"event-card-one__content-wrapper\"><h3 class=\"event-card-one__title\">Kristinestadsnejdens hj\u00e4rtf\u00f6rening<\/h3><p class=\"event-card-one__excerpt\">16.04.2026 18:00 Stadgeenligt v\u00e5rm\u00f6te h\u00e5lls 16.4.2026 p\u00e5 Hemsl\u00f6jdsg\u00e5rden Stadgeenligt v\u00e5rm\u00f6te h\u00e5lles torsdagen den 16.4.kl.18.00 i Hemsl\u00f6jdsg\u00e5rden Strandgatan 18\r\nSeniorr\u00e5dgivare Alexandra Storm ber\u00e4t&#8230;<\/p><div data-etch-element=\"flex-div\" class=\"event-card-one__meta-wrapper\"><div data-etch-element=\"flex-div\" class=\"event-card-one__date\"><\/div><div data-etch-element=\"flex-div\" class=\"event-card-one__time\"><\/div><div data-etch-element=\"flex-div\" class=\"event-card-one__location\"><\/div><\/div><a href=\"#\" class=\"btn--accent event-card-one__cta\">Mer information <svg width=\"16\" height=\"16\" fill=\"currentColor\" class=\"bi bi-arrow-right\" viewBox=\"0 0 16 16\"><path fill-rule=\"evenodd\" d=\"M1 8a.5.5 0 0 1 .5-.5h11.793l-3.147-3.146a.5.5 0 0 1 .708-.708l4 4a.5.5 0 0 1 0 .708l-4 4a.5.5 0 0 1-.708-.708L13.293 8.5H1.5A.5.5 0 0 1 1 8\"><\/path><\/svg> <\/a><\/div><\/div><div data-etch-element=\"flex-div\" class=\"event-card-one\"><figure class=\"event-card-one__media-wrapper\"><img decoding=\"async\" src=\"https:\/\/events.osterbotten.fi\/assets\/Uploads\/Work-Dux__PadWzQ0MCw0NDAsIkZGRkZGRiIsMF0.webp, https:\/\/events.osterbotten.fi\/assets\/Uploads\/Work-Dux__PadWzQ0MCw0NDAsIkZGRkZGRiIsMF0.webp, https:\/\/events.osterbotten.fi\/assets\/Uploads\/Work-Dux__PadWzQ0MCw0NDAsIkZGRkZGRiIsMF0.webp, https:\/\/events.osterbotten.fi\/assets\/Uploads\/Work-Dux__PadWzQ0MCw0NDAsIkZGRkZGRiIsMF0.webp, https:\/\/events.osterbotten.fi\/assets\/Uploads\/Work-Dux__PadWzQ0MCw0NDAsIkZGRkZGRiIsMF0.webp, https:\/\/events.osterbotten.fi\/assets\/Uploads\/Work-Dux__PadWzQ0MCw0NDAsIkZGRkZGRiIsMF0.webp, https:\/\/events.osterbotten.fi\/assets\/Uploads\/Work-Dux__PadWzQ0MCw0NDAsIkZGRkZGRiIsMF0.webp, https:\/\/events.osterbotten.fi\/assets\/Uploads\/Work-Dux__PadWzQ0MCw0NDAsIkZGRkZGRiIsMF0.webp\" alt=\"\" class=\"event-card-one__image\"><\/img><\/figure><div data-etch-element=\"flex-div\" class=\"event-card-one__content-wrapper\"><h3 class=\"event-card-one__title\">Work @ Dux<\/h3><p class=\"event-card-one__excerpt\">15.05.2026 09:00 &#8211; 29.05.2026 16:00 M\u00f6t v\u00e5ren p\u00e5 DUX \u2013 tillsammans i Cittaslow\u2011anda I maj \u00f6ppnar vi d\u00f6rrarna till Kulturhuset Dux f\u00f6r tre inspirerande fredagar d\u00e4r inv\u00e5nare i Kristinestad f\u00e5r m\u00f6jlighe&#8230;<\/p><div data-etch-element=\"flex-div\" class=\"event-card-one__meta-wrapper\"><div data-etch-element=\"flex-div\" class=\"event-card-one__date\"><\/div><div data-etch-element=\"flex-div\" class=\"event-card-one__time\"><\/div><div data-etch-element=\"flex-div\" class=\"event-card-one__location\"><\/div><\/div><a href=\"#\" class=\"btn--accent event-card-one__cta\">Mer information <svg width=\"16\" height=\"16\" fill=\"currentColor\" class=\"bi bi-arrow-right\" viewBox=\"0 0 16 16\"><path fill-rule=\"evenodd\" d=\"M1 8a.5.5 0 0 1 .5-.5h11.793l-3.147-3.146a.5.5 0 0 1 .708-.708l4 4a.5.5 0 0 1 0 .708l-4 4a.5.5 0 0 1-.708-.708L13.293 8.5H1.5A.5.5 0 0 1 1 8\"><\/path><\/svg> <\/a><\/div><\/div><div data-etch-element=\"flex-div\" class=\"event-card-one\"><figure class=\"event-card-one__media-wrapper\"><img decoding=\"async\" src=\"https:\/\/events.osterbotten.fi\/assets\/Uploads\/Mallander__PadWzQ0MCw0NDAsIkZGRkZGRiIsMF0.webp, https:\/\/events.osterbotten.fi\/assets\/Uploads\/Mallander__PadWzQ0MCw0NDAsIkZGRkZGRiIsMF0.webp, https:\/\/events.osterbotten.fi\/assets\/Uploads\/Mallander__PadWzQ0MCw0NDAsIkZGRkZGRiIsMF0.webp, https:\/\/events.osterbotten.fi\/assets\/Uploads\/Mallander__PadWzQ0MCw0NDAsIkZGRkZGRiIsMF0.webp, https:\/\/events.osterbotten.fi\/assets\/Uploads\/Mallander__PadWzQ0MCw0NDAsIkZGRkZGRiIsMF0.webp, https:\/\/events.osterbotten.fi\/assets\/Uploads\/Mallander__PadWzQ0MCw0NDAsIkZGRkZGRiIsMF0.webp, https:\/\/events.osterbotten.fi\/assets\/Uploads\/Mallander__PadWzQ0MCw0NDAsIkZGRkZGRiIsMF0.webp, https:\/\/events.osterbotten.fi\/assets\/Uploads\/Mallander__PadWzQ0MCw0NDAsIkZGRkZGRiIsMF0.webp, https:\/\/events.osterbotten.fi\/assets\/Uploads\/Mallander__PadWzQ0MCw0NDAsIkZGRkZGRiIsMF0.webp\" alt=\"\" class=\"event-card-one__image\"><\/img><\/figure><div data-etch-element=\"flex-div\" class=\"event-card-one__content-wrapper\"><h3 class=\"event-card-one__title\">Jan Olof Mallander &#8211; Fotografier<\/h3><p class=\"event-card-one__excerpt\">23.04.2026 12:00 &#8211; 29.05.2026 16:00 Bes\u00f6k unik fotoutst\u00e4llning vid Kulturhuset Dux. Konstn\u00e4ren, konstkritikern, galleristen och konstsamlaren Jan Olof Mallander \u00e4r en levande legend inom den finl\u00e4ndsk&#8230;<\/p><div data-etch-element=\"flex-div\" class=\"event-card-one__meta-wrapper\"><div data-etch-element=\"flex-div\" class=\"event-card-one__date\"><\/div><div data-etch-element=\"flex-div\" class=\"event-card-one__time\"><\/div><div data-etch-element=\"flex-div\" class=\"event-card-one__location\"><\/div><\/div><a href=\"#\" class=\"btn--accent event-card-one__cta\">Mer information <svg width=\"16\" height=\"16\" fill=\"currentColor\" class=\"bi bi-arrow-right\" viewBox=\"0 0 16 16\"><path fill-rule=\"evenodd\" d=\"M1 8a.5.5 0 0 1 .5-.5h11.793l-3.147-3.146a.5.5 0 0 1 .708-.708l4 4a.5.5 0 0 1 0 .708l-4 4a.5.5 0 0 1-.708-.708L13.293 8.5H1.5A.5.5 0 0 1 1 8\"><\/path><\/svg> <\/a><\/div><\/div><\/div><div data-etch-element=\"container\" class=\"event-section-one__bottom\"><a href=\"https:\/\/events.osterbotten.fi\/evenemang\/?Keywords=&amp;EventsFor=&amp;DateFrom=&amp;DateTo=&amp;Municipalities%5B%5D=8&amp;CurrentPage=1\" class=\"btn--accent event-section-one__link\" target=\"_blank\">Pohjanmaan Event Calendar<\/a><\/div><div data-etch-element=\"container\" class=\"slogan\"><h2 class=\"slogan__heading\">Experience. Stay. Eat. Breathe.<\/h2><p class=\"slogan__text\">Your story begins here.<\/p><\/div><\/section>","protected":false},"excerpt":{"rendered":"","protected":false},"author":1,"featured_media":0,"parent":0,"menu_order":0,"comment_status":"closed","ping_status":"closed","template":"","meta":{"_acf_changed":false,"slim_seo":{"title":"Visit Kristinestad - Det h\u00e4r \u00e4r Finlands Citta Slow-stad. D\u00e4r du k\u00e4nner att du lever lite extra.","description":""},"footnotes":""},"class_list":["post-1034","page","type-page","status-publish","hentry"],"acf":[],"_links":{"self":[{"href":"https:\/\/visitkristinestad.fi\/en\/wp-json\/wp\/v2\/pages\/1034","targetHints":{"allow":["GET"]}}],"collection":[{"href":"https:\/\/visitkristinestad.fi\/en\/wp-json\/wp\/v2\/pages"}],"about":[{"href":"https:\/\/visitkristinestad.fi\/en\/wp-json\/wp\/v2\/types\/page"}],"author":[{"embeddable":true,"href":"https:\/\/visitkristinestad.fi\/en\/wp-json\/wp\/v2\/users\/1"}],"replies":[{"embeddable":true,"href":"https:\/\/visitkristinestad.fi\/en\/wp-json\/wp\/v2\/comments?post=1034"}],"version-history":[{"count":5,"href":"https:\/\/visitkristinestad.fi\/en\/wp-json\/wp\/v2\/pages\/1034\/revisions"}],"predecessor-version":[{"id":1508,"href":"https:\/\/visitkristinestad.fi\/en\/wp-json\/wp\/v2\/pages\/1034\/revisions\/1508"}],"wp:attachment":[{"href":"https:\/\/visitkristinestad.fi\/en\/wp-json\/wp\/v2\/media?parent=1034"}],"curies":[{"name":"wp","href":"https:\/\/api.w.org\/{rel}","templated":true}]}}